{"id":952,"date":"2012-09-16T16:21:13","date_gmt":"2012-09-16T14:21:13","guid":{"rendered":"http:\/\/xn--htuna-hbo-tibble-dobg.se\/?page_id=952"},"modified":"2026-02-24T16:33:29","modified_gmt":"2026-02-24T15:33:29","slug":"negelstena-och-torp","status":"publish","type":"page","link":"https:\/\/www.xn--htuna-hbo-tibble-dobg.se\/?page_id=952","title":{"rendered":"Negelstena \/ Telgeby\/ Slangvik"},"content":{"rendered":"<table border=\"0\">\n<tbody>\n<tr>\n<td style=\"background-color: #d6dbdf; text-align: center;\">\n<pre><a href=\"https:\/\/www.xn--htuna-hbo-tibble-dobg.se\/wp-content\/uploads\/2012\/09\/1-huvud.jpg\"><img loading=\"lazy\" decoding=\"async\" class=\"aligncenter size-medium wp-image-955\" title=\"1-huvud\" src=\"https:\/\/www.xn--htuna-hbo-tibble-dobg.se\/wp-content\/uploads\/2012\/09\/1-huvud-300x200.jpg\" alt=\"\" width=\"300\" height=\"200\" srcset=\"https:\/\/www.xn--htuna-hbo-tibble-dobg.se\/wp-content\/uploads\/2012\/09\/1-huvud-300x200.jpg 300w, https:\/\/www.xn--htuna-hbo-tibble-dobg.se\/wp-content\/uploads\/2012\/09\/1-huvud-200x133.jpg 200w, https:\/\/www.xn--htuna-hbo-tibble-dobg.se\/wp-content\/uploads\/2012\/09\/1-huvud.jpg 417w\" sizes=\"auto, (max-width: 300px) 100vw, 300px\" \/><\/a>Foto: fr\u00e5n UKF<\/pre>\n<\/td>\n<\/tr>\n<tr>\n<td style=\"text-align: center; background-color: #e6e6fa;\"><span style=\"color: #000080;\"><a title=\"Negelstena s\u00e4teri\/g\u00e5rd\" href=\"https:\/\/www.xn--htuna-hbo-tibble-dobg.se\/?page_id=3478\"><span style=\"color: #000080;\">NEGELSTENA S\u00c4TERI\/G\u00c5RD<br \/>\n<\/span><\/a><\/span><span style=\"color: #000080;\"><a title=\"Slangvik\" href=\"https:\/\/www.xn--htuna-hbo-tibble-dobg.se\/?page_id=3561\"><span style=\"color: #000080;\">SLANGVIK<\/span><\/a><br \/>\n<\/span><span style=\"color: #000080;\"><a title=\"Telgeby\" href=\"https:\/\/www.xn--htuna-hbo-tibble-dobg.se\/?page_id=3346\"><span style=\"color: #000080;\">TELJEBY<\/span><\/a><br \/>\n<\/span><span style=\"color: #000080;\"><span style=\"color: #000080;\"><br style=\"color: #000080;\"><\/span><\/span><span style=\"color: #000080;\"><a href=\"https:\/\/www.xn--htuna-hbo-tibble-dobg.se\/wp-content\/uploads\/2012\/09\/Vi-skriver-i-UBro-.pdf\"><span style=\"color: #000080;\">Vi skriver i UBro<\/span><\/a><a href=\"https:\/\/www.xn--htuna-hbo-tibble-dobg.se\/wp-content\/uploads\/2012\/09\/Ur-protokoll-vid-kommunalst\u00e4mma-med-H\u00e5bo.pdf\"><span style=\"color: #000080;\"><br \/>\nUr protokoll vid kommunalst\u00e4mma H\u00e5bo-Tibble 1898<\/span><\/a><\/span><br \/>\n<span style=\"color: #000080;\"><a href=\"https:\/\/www.xn--htuna-hbo-tibble-dobg.se\/wp-content\/uploads\/2012\/09\/Negelstena11.pdf\"><span style=\"color: #000080;\">Karta<\/span><\/a><\/span><\/p>\n<p style=\"text-align: justify;\">Alla byggnader i Negelstena\/ Telgeby\/Slangvik \u00e4r j\u00e4mnade med marken. Platsen ligger centralt i det milit\u00e4ra skjutf\u00e4ltet kring Granhammar i Upplands-Bro kommun i H\u00e5bo-Tibble socken<\/p>\n<p style=\"text-align: justify;\"><a title=\"Alphyddan\" href=\"https:\/\/www.xn--htuna-hbo-tibble-dobg.se\/?page_id=2849\">Alphyddan<br \/>\n<\/a>Bodarna<br \/>\n<a title=\"Borgarbo(da)\" href=\"https:\/\/www.xn--htuna-hbo-tibble-dobg.se\/?page_id=3549\">Borgarbo<\/a><br \/>\n<a title=\"Fiskartorpet\" href=\"https:\/\/www.xn--htuna-hbo-tibble-dobg.se\/?page_id=2859\">Fiskartorpet<br \/>\n<\/a>Fogelh\u00e4ll<a title=\"Fiskartorpet\" href=\"https:\/\/www.xn--htuna-hbo-tibble-dobg.se\/?page_id=2859\"><br \/>\n<\/a><a title=\"Jaktstugan\" href=\"https:\/\/www.xn--htuna-hbo-tibble-dobg.se\/?page_id=2884\">Jaktstuga<\/a><a title=\"Jaktstugan\" href=\"https:\/\/www.xn--htuna-hbo-tibble-dobg.se\/?page_id=2884\"> f.d sjukstugan<\/a><a title=\"Fiskartorpet\" href=\"https:\/\/www.xn--htuna-hbo-tibble-dobg.se\/?page_id=2859\"><br \/>\n<\/a><a title=\"J\u00e4gartorp\" href=\"https:\/\/www.xn--htuna-hbo-tibble-dobg.se\/?page_id=2892\">J\u00e4gartorp<\/a><a title=\"Fiskartorpet\" href=\"https:\/\/www.xn--htuna-hbo-tibble-dobg.se\/?page_id=2859\"><br \/>\n<\/a><a title=\"L\u00f6vhagen\" href=\"https:\/\/www.xn--htuna-hbo-tibble-dobg.se\/?page_id=2868\">L\u00f6vhagen<\/a><a title=\"Fiskartorpet\" href=\"https:\/\/www.xn--htuna-hbo-tibble-dobg.se\/?page_id=2859\"><br \/>\n<\/a>Sj\u00f6torpet<\/p>\n<p>Enligt Bro H\u00e5bo h\u00e4radsallm\u00e4nings karta fanns tv\u00e5 torp i Negelstena hage 1691<\/td>\n<\/tr>\n<\/tbody>\n<\/table>\n<div id='gallery-1' class='gallery galleryid-952 gallery-columns-3 gallery-size-medium'><dl class='gallery-item'>\n\t\t\t<dt class='gallery-icon landscape'>\n\t\t\t\t<img loading=\"lazy\" decoding=\"async\" width=\"300\" height=\"199\" src=\"https:\/\/www.xn--htuna-hbo-tibble-dobg.se\/wp-content\/uploads\/2012\/09\/NeVy-300x199.jpg\" class=\"attachment-medium size-medium\" alt=\"\" aria-describedby=\"gallery-1-2899\" srcset=\"https:\/\/www.xn--htuna-hbo-tibble-dobg.se\/wp-content\/uploads\/2012\/09\/NeVy-300x199.jpg 300w, https:\/\/www.xn--htuna-hbo-tibble-dobg.se\/wp-content\/uploads\/2012\/09\/NeVy-1024x679.jpg 1024w, https:\/\/www.xn--htuna-hbo-tibble-dobg.se\/wp-content\/uploads\/2012\/09\/NeVy.jpg 1556w\" sizes=\"auto, (max-width: 300px) 100vw, 300px\" \/>\n\t\t\t<\/dt>\n\t\t\t\t<dd class='wp-caption-text gallery-caption' id='gallery-1-2899'>\n\t\t\t\tNegelstena\n\t\t\t\t<\/dd><\/dl><dl class='gallery-item'>\n\t\t\t<dt class='gallery-icon landscape'>\n\t\t\t\t<img loading=\"lazy\" decoding=\"async\" width=\"300\" height=\"228\" src=\"https:\/\/www.xn--htuna-hbo-tibble-dobg.se\/wp-content\/uploads\/2012\/09\/Nefolk-300x228.jpg\" class=\"attachment-medium size-medium\" alt=\"\" aria-describedby=\"gallery-1-1692\" srcset=\"https:\/\/www.xn--htuna-hbo-tibble-dobg.se\/wp-content\/uploads\/2012\/09\/Nefolk-300x228.jpg 300w, https:\/\/www.xn--htuna-hbo-tibble-dobg.se\/wp-content\/uploads\/2012\/09\/Nefolk.jpg 500w\" sizes=\"auto, (max-width: 300px) 100vw, 300px\" \/>\n\t\t\t<\/dt>\n\t\t\t\t<dd class='wp-caption-text gallery-caption' id='gallery-1-1692'>\n\t\t\t\tArbetare p\u00e5 Negelstena\n\t\t\t\t<\/dd><\/dl><dl class='gallery-item'>\n\t\t\t<dt class='gallery-icon landscape'>\n\t\t\t\t<img loading=\"lazy\" decoding=\"async\" width=\"300\" height=\"211\" src=\"https:\/\/www.xn--htuna-hbo-tibble-dobg.se\/wp-content\/uploads\/2012\/09\/Negruppfoto-arb-300x211.jpg\" class=\"attachment-medium size-medium\" alt=\"\" aria-describedby=\"gallery-1-1693\" srcset=\"https:\/\/www.xn--htuna-hbo-tibble-dobg.se\/wp-content\/uploads\/2012\/09\/Negruppfoto-arb-300x211.jpg 300w, https:\/\/www.xn--htuna-hbo-tibble-dobg.se\/wp-content\/uploads\/2012\/09\/Negruppfoto-arb.jpg 500w\" sizes=\"auto, (max-width: 300px) 100vw, 300px\" \/>\n\t\t\t<\/dt>\n\t\t\t\t<dd class='wp-caption-text gallery-caption' id='gallery-1-1693'>\n\t\t\t\tNegelstena folk\n\t\t\t\t<\/dd><\/dl><br style=\"clear: both\" \/><dl class='gallery-item'>\n\t\t\t<dt class='gallery-icon landscape'>\n\t\t\t\t<img loading=\"lazy\" decoding=\"async\" width=\"300\" height=\"200\" src=\"https:\/\/www.xn--htuna-hbo-tibble-dobg.se\/wp-content\/uploads\/2012\/09\/1-huvud-300x200.jpg\" class=\"attachment-medium size-medium\" alt=\"\" aria-describedby=\"gallery-1-955\" srcset=\"https:\/\/www.xn--htuna-hbo-tibble-dobg.se\/wp-content\/uploads\/2012\/09\/1-huvud-300x200.jpg 300w, https:\/\/www.xn--htuna-hbo-tibble-dobg.se\/wp-content\/uploads\/2012\/09\/1-huvud-200x133.jpg 200w, https:\/\/www.xn--htuna-hbo-tibble-dobg.se\/wp-content\/uploads\/2012\/09\/1-huvud.jpg 417w\" sizes=\"auto, (max-width: 300px) 100vw, 300px\" \/>\n\t\t\t<\/dt>\n\t\t\t\t<dd class='wp-caption-text gallery-caption' id='gallery-1-955'>\n\t\t\t\tNegelstena\n\t\t\t\t<\/dd><\/dl><dl class='gallery-item'>\n\t\t\t<dt class='gallery-icon landscape'>\n\t\t\t\t<img loading=\"lazy\" decoding=\"async\" width=\"300\" height=\"217\" src=\"https:\/\/www.xn--htuna-hbo-tibble-dobg.se\/wp-content\/uploads\/2012\/09\/kruger-300x217.jpg\" class=\"attachment-medium size-medium\" alt=\"\" aria-describedby=\"gallery-1-3567\" srcset=\"https:\/\/www.xn--htuna-hbo-tibble-dobg.se\/wp-content\/uploads\/2012\/09\/kruger-300x217.jpg 300w, https:\/\/www.xn--htuna-hbo-tibble-dobg.se\/wp-content\/uploads\/2012\/09\/kruger.jpg 500w\" sizes=\"auto, (max-width: 300px) 100vw, 300px\" \/>\n\t\t\t<\/dt>\n\t\t\t\t<dd class='wp-caption-text gallery-caption' id='gallery-1-3567'>\n\t\t\t\tFamiljen Kruger. Han var smed\n\t\t\t\t<\/dd><\/dl>\n\t\t\t<br style='clear: both' \/>\n\t\t<\/div>\n\n","protected":false},"excerpt":{"rendered":"<p>Foto: fr\u00e5n UKF NEGELSTENA S\u00c4TERI\/G\u00c5RD SLANGVIK TELJEBY Vi skriver i UBro Ur protokoll vid kommunalst\u00e4mma H\u00e5bo-Tibble 1898 Karta Alla byggnader i Negelstena\/ Telgeby\/Slangvik \u00e4r j\u00e4mnade med marken. Platsen ligger centralt i det milit\u00e4ra skjutf\u00e4ltet kring Granhammar i Upplands-Bro kommun i &hellip; <a href=\"https:\/\/www.xn--htuna-hbo-tibble-dobg.se\/?page_id=952\">Forts\u00e4tt l\u00e4sa <span class=\"meta-nav\">&rarr;<\/span><\/a><\/p>\n","protected":false},"author":1,"featured_media":0,"parent":0,"menu_order":0,"comment_status":"closed","ping_status":"closed","template":"","meta":{"ngg_post_thumbnail":0,"footnotes":""},"class_list":["post-952","page","type-page","status-publish","hentry"],"_links":{"self":[{"href":"https:\/\/www.xn--htuna-hbo-tibble-dobg.se\/index.php?rest_route=\/wp\/v2\/pages\/952","targetHints":{"allow":["GET"]}}],"collection":[{"href":"https:\/\/www.xn--htuna-hbo-tibble-dobg.se\/index.php?rest_route=\/wp\/v2\/pages"}],"about":[{"href":"https:\/\/www.xn--htuna-hbo-tibble-dobg.se\/index.php?rest_route=\/wp\/v2\/types\/page"}],"author":[{"embeddable":true,"href":"https:\/\/www.xn--htuna-hbo-tibble-dobg.se\/index.php?rest_route=\/wp\/v2\/users\/1"}],"replies":[{"embeddable":true,"href":"https:\/\/www.xn--htuna-hbo-tibble-dobg.se\/index.php?rest_route=%2Fwp%2Fv2%2Fcomments&post=952"}],"version-history":[{"count":83,"href":"https:\/\/www.xn--htuna-hbo-tibble-dobg.se\/index.php?rest_route=\/wp\/v2\/pages\/952\/revisions"}],"predecessor-version":[{"id":7825,"href":"https:\/\/www.xn--htuna-hbo-tibble-dobg.se\/index.php?rest_route=\/wp\/v2\/pages\/952\/revisions\/7825"}],"wp:attachment":[{"href":"https:\/\/www.xn--htuna-hbo-tibble-dobg.se\/index.php?rest_route=%2Fwp%2Fv2%2Fmedia&parent=952"}],"curies":[{"name":"wp","href":"https:\/\/api.w.org\/{rel}","templated":true}]}}