{"id":875,"date":"2012-09-15T21:48:41","date_gmt":"2012-09-15T19:48:41","guid":{"rendered":"http:\/\/xn--htuna-hbo-tibble-dobg.se\/?page_id=875"},"modified":"2018-08-08T18:06:38","modified_gmt":"2018-08-08T16:06:38","slug":"frotuna-gard-och-torp-4","status":"publish","type":"page","link":"https:\/\/www.xn--htuna-hbo-tibble-dobg.se\/?page_id=875","title":{"rendered":"Fr\u00f6tuna"},"content":{"rendered":"<div id='gallery-1' class='gallery galleryid-875 gallery-columns-4 gallery-size-medium'><dl class='gallery-item'>\n\t\t\t<dt class='gallery-icon landscape'>\n\t\t\t\t<img loading=\"lazy\" decoding=\"async\" width=\"300\" height=\"191\" src=\"https:\/\/www.xn--htuna-hbo-tibble-dobg.se\/wp-content\/uploads\/2012\/09\/KNAPPERBACKEN-300x191.jpg\" class=\"attachment-medium size-medium\" alt=\"Korter b\u00f6r vara taget i b\u00f6rjan av 1920-talet\" aria-describedby=\"gallery-1-2422\" srcset=\"https:\/\/www.xn--htuna-hbo-tibble-dobg.se\/wp-content\/uploads\/2012\/09\/KNAPPERBACKEN-300x191.jpg 300w, https:\/\/www.xn--htuna-hbo-tibble-dobg.se\/wp-content\/uploads\/2012\/09\/KNAPPERBACKEN-1024x653.jpg 1024w, https:\/\/www.xn--htuna-hbo-tibble-dobg.se\/wp-content\/uploads\/2012\/09\/KNAPPERBACKEN.jpg 1628w\" sizes=\"auto, (max-width: 300px) 100vw, 300px\" \/>\n\t\t\t<\/dt>\n\t\t\t\t<dd class='wp-caption-text gallery-caption' id='gallery-1-2422'>\n\t\t\t\tFr. v\u00e4  Barnen Ejnar, Siri, L\u00f6ve, G\u00f6sta. Far Carl Johan Andersson och mor Olga Maria Vestalia. \r\n\r\n\r\n\r\n\r\n\n\t\t\t\t<\/dd><\/dl><dl class='gallery-item'>\n\t\t\t<dt class='gallery-icon landscape'>\n\t\t\t\t<img loading=\"lazy\" decoding=\"async\" width=\"300\" height=\"198\" src=\"https:\/\/www.xn--htuna-hbo-tibble-dobg.se\/wp-content\/uploads\/2012\/09\/Arb.bost_.Fr\u00f6tuna-300x198.jpg\" class=\"attachment-medium size-medium\" alt=\"\" aria-describedby=\"gallery-1-2421\" srcset=\"https:\/\/www.xn--htuna-hbo-tibble-dobg.se\/wp-content\/uploads\/2012\/09\/Arb.bost_.Fr\u00f6tuna-300x198.jpg 300w, https:\/\/www.xn--htuna-hbo-tibble-dobg.se\/wp-content\/uploads\/2012\/09\/Arb.bost_.Fr\u00f6tuna-1024x677.jpg 1024w, https:\/\/www.xn--htuna-hbo-tibble-dobg.se\/wp-content\/uploads\/2012\/09\/Arb.bost_.Fr\u00f6tuna-200x133.jpg 200w, https:\/\/www.xn--htuna-hbo-tibble-dobg.se\/wp-content\/uploads\/2012\/09\/Arb.bost_.Fr\u00f6tuna.jpg 1523w\" sizes=\"auto, (max-width: 300px) 100vw, 300px\" \/>\n\t\t\t<\/dt>\n\t\t\t\t<dd class='wp-caption-text gallery-caption' id='gallery-1-2421'>\n\t\t\t\tArbetarbost\u00e4der\n\t\t\t\t<\/dd><\/dl><dl class='gallery-item'>\n\t\t\t<dt class='gallery-icon landscape'>\n\t\t\t\t<img loading=\"lazy\" decoding=\"async\" width=\"300\" height=\"189\" src=\"https:\/\/www.xn--htuna-hbo-tibble-dobg.se\/wp-content\/uploads\/2012\/09\/G\u00e5rd-Fr\u00f6tuna-300x189.jpg\" class=\"attachment-medium size-medium\" alt=\"\" aria-describedby=\"gallery-1-2420\" srcset=\"https:\/\/www.xn--htuna-hbo-tibble-dobg.se\/wp-content\/uploads\/2012\/09\/G\u00e5rd-Fr\u00f6tuna-300x189.jpg 300w, https:\/\/www.xn--htuna-hbo-tibble-dobg.se\/wp-content\/uploads\/2012\/09\/G\u00e5rd-Fr\u00f6tuna-1024x647.jpg 1024w, https:\/\/www.xn--htuna-hbo-tibble-dobg.se\/wp-content\/uploads\/2012\/09\/G\u00e5rd-Fr\u00f6tuna.jpg 1602w\" sizes=\"auto, (max-width: 300px) 100vw, 300px\" \/>\n\t\t\t<\/dt>\n\t\t\t\t<dd class='wp-caption-text gallery-caption' id='gallery-1-2420'>\n\t\t\t\tFr\u00f6tuna g\u00e5rd. Mang\u00e5rdsbyggnaden av sten uppf\u00f6rd p\u00e5 1920-talet\n\t\t\t\t<\/dd><\/dl><dl class='gallery-item'>\n\t\t\t<dt class='gallery-icon landscape'>\n\t\t\t\t<img loading=\"lazy\" decoding=\"async\" width=\"300\" height=\"196\" src=\"https:\/\/www.xn--htuna-hbo-tibble-dobg.se\/wp-content\/uploads\/2012\/09\/Fr\u00f6tuna-g\u00e5rd3-300x196.jpg\" class=\"attachment-medium size-medium\" alt=\"G\u00e5rden ligger i H\u00e5bo-Tibble\" aria-describedby=\"gallery-1-876\" srcset=\"https:\/\/www.xn--htuna-hbo-tibble-dobg.se\/wp-content\/uploads\/2012\/09\/Fr\u00f6tuna-g\u00e5rd3-300x196.jpg 300w, https:\/\/www.xn--htuna-hbo-tibble-dobg.se\/wp-content\/uploads\/2012\/09\/Fr\u00f6tuna-g\u00e5rd3-1024x672.jpg 1024w, https:\/\/www.xn--htuna-hbo-tibble-dobg.se\/wp-content\/uploads\/2012\/09\/Fr\u00f6tuna-g\u00e5rd3.jpg 1543w\" sizes=\"auto, (max-width: 300px) 100vw, 300px\" \/>\n\t\t\t<\/dt>\n\t\t\t\t<dd class='wp-caption-text gallery-caption' id='gallery-1-876'>\n\t\t\t\tFr\u00f6tuna g\u00e5rd\n\t\t\t\t<\/dd><\/dl><br style=\"clear: both\" \/>\n\t\t<\/div>\n\n<ul>\n<li style=\"text-align: left;\"><span style=\"color: #000080;\"><a title=\"Fr\u00f6tuna g\u00e5rd\" href=\"https:\/\/www.xn--htuna-hbo-tibble-dobg.se\/?page_id=5265\"><span style=\"color: #000080;\">Fr\u00f6tuna G\u00e5rd <\/span><\/a><\/span><\/li>\n<li style=\"text-align: left;\"><span style=\"color: #000080;\"><a title=\"Torp under Fr\u00f6tuna\" href=\"https:\/\/www.xn--htuna-hbo-tibble-dobg.se\/?page_id=2427\"><span style=\"text-align: left; color: #000080;\">Torp och stugor under Fr\u00f6tuna<\/span><\/a><\/span><\/li>\n<li><span style=\"color: #000080;\"><a href=\"http:\/\/xn--htuna-hbo-tibble-dobg.se\/wp-content\/uploads\/2012\/09\/Fr\u00f6tuna.pdf\"><span style=\"color: #000080;\">Fr\u00f6tuna arbetarfamiljer<\/span><\/a><\/span><\/li>\n<\/ul>\n","protected":false},"excerpt":{"rendered":"<p>Fr\u00f6tuna G\u00e5rd Torp och stugor under Fr\u00f6tuna Fr\u00f6tuna arbetarfamiljer<\/p>\n","protected":false},"author":1,"featured_media":0,"parent":0,"menu_order":0,"comment_status":"closed","ping_status":"open","template":"","meta":{"ngg_post_thumbnail":0,"footnotes":""},"class_list":["post-875","page","type-page","status-publish","hentry"],"_links":{"self":[{"href":"https:\/\/www.xn--htuna-hbo-tibble-dobg.se\/index.php?rest_route=\/wp\/v2\/pages\/875","targetHints":{"allow":["GET"]}}],"collection":[{"href":"https:\/\/www.xn--htuna-hbo-tibble-dobg.se\/index.php?rest_route=\/wp\/v2\/pages"}],"about":[{"href":"https:\/\/www.xn--htuna-hbo-tibble-dobg.se\/index.php?rest_route=\/wp\/v2\/types\/page"}],"author":[{"embeddable":true,"href":"https:\/\/www.xn--htuna-hbo-tibble-dobg.se\/index.php?rest_route=\/wp\/v2\/users\/1"}],"replies":[{"embeddable":true,"href":"https:\/\/www.xn--htuna-hbo-tibble-dobg.se\/index.php?rest_route=%2Fwp%2Fv2%2Fcomments&post=875"}],"version-history":[{"count":20,"href":"https:\/\/www.xn--htuna-hbo-tibble-dobg.se\/index.php?rest_route=\/wp\/v2\/pages\/875\/revisions"}],"predecessor-version":[{"id":6814,"href":"https:\/\/www.xn--htuna-hbo-tibble-dobg.se\/index.php?rest_route=\/wp\/v2\/pages\/875\/revisions\/6814"}],"wp:attachment":[{"href":"https:\/\/www.xn--htuna-hbo-tibble-dobg.se\/index.php?rest_route=%2Fwp%2Fv2%2Fmedia&parent=875"}],"curies":[{"name":"wp","href":"https:\/\/api.w.org\/{rel}","templated":true}]}}