{"id":760,"date":"2012-10-11T20:44:57","date_gmt":"2012-10-11T18:44:57","guid":{"rendered":"http:\/\/xn--htuna-hbo-tibble-dobg.se\/?page_id=760"},"modified":"2026-02-24T16:10:50","modified_gmt":"2026-02-24T15:10:50","slug":"handelsaffarer","status":"publish","type":"page","link":"https:\/\/www.xn--htuna-hbo-tibble-dobg.se\/?page_id=760","title":{"rendered":"Handelsaff\u00e4rer"},"content":{"rendered":"\n<p>L\u00e4s mer:&nbsp;<span style=\"color: #000080;\"> <a title=\"H\u00e5bolunds handelsaff\u00e4r\" href=\"http:\/\/xn--htuna-hbo-tibble-dobg.se\/?page_id=1645\"><span style=\"color: #000080;\">H\u00e5bolund<\/span><\/a><\/span><\/p>\n\n\n\n<p>Slutet av 1940-talet \u00f6ppnades en aff\u00e4r i H\u00e5bo-Tibble av Edith F\u00e4lldin p\u00e5 Skeppartorp. N\u00e5got \u00e5r senare \u00f6vertogs aff\u00e4ren av Konsum. Aff\u00e4ren st\u00e4ngdes p\u00e5 1970-talet (Bilder efterlyses)<\/p>\n\n\n\n<figure class=\"wp-block-table\"><table class=\"has-fixed-layout\"><tbody><tr><td>\n<\/td><\/tr><\/tbody><\/table><\/figure>\n\n\n\n<figure class=\"wp-block-gallery has-nested-images columns-4 is-cropped wp-block-gallery-1 is-layout-flex wp-block-gallery-is-layout-flex\">\n<figure class=\"wp-block-image size-large\"><a href=\"https:\/\/www.xn--htuna-hbo-tibble-dobg.se\/wp-content\/uploads\/2012\/10\/H\u00e5bolund_1.jpg\"><img loading=\"lazy\" decoding=\"async\" width=\"1024\" height=\"661\" data-id=\"1650\" src=\"https:\/\/www.xn--htuna-hbo-tibble-dobg.se\/wp-content\/uploads\/2012\/10\/H\u00e5bolund_1-1024x661.jpg\" alt=\"\" class=\"wp-image-1650\" srcset=\"https:\/\/www.xn--htuna-hbo-tibble-dobg.se\/wp-content\/uploads\/2012\/10\/H\u00e5bolund_1-1024x661.jpg 1024w, https:\/\/www.xn--htuna-hbo-tibble-dobg.se\/wp-content\/uploads\/2012\/10\/H\u00e5bolund_1-300x193.jpg 300w, https:\/\/www.xn--htuna-hbo-tibble-dobg.se\/wp-content\/uploads\/2012\/10\/H\u00e5bolund_1.jpg 1800w\" sizes=\"auto, (max-width: 1024px) 100vw, 1024px\" \/><\/a><\/figure>\n\n\n\n<figure class=\"wp-block-image size-large\"><a href=\"https:\/\/www.xn--htuna-hbo-tibble-dobg.se\/wp-content\/uploads\/2018\/02\/H\u00e5bolund-handel.jpg\"><img loading=\"lazy\" decoding=\"async\" width=\"1024\" height=\"693\" data-id=\"6962\" src=\"https:\/\/www.xn--htuna-hbo-tibble-dobg.se\/wp-content\/uploads\/2018\/02\/H\u00e5bolund-handel-1024x693.jpg\" alt=\"\" class=\"wp-image-6962\" srcset=\"https:\/\/www.xn--htuna-hbo-tibble-dobg.se\/wp-content\/uploads\/2018\/02\/H\u00e5bolund-handel-1024x693.jpg 1024w, https:\/\/www.xn--htuna-hbo-tibble-dobg.se\/wp-content\/uploads\/2018\/02\/H\u00e5bolund-handel-300x203.jpg 300w, https:\/\/www.xn--htuna-hbo-tibble-dobg.se\/wp-content\/uploads\/2018\/02\/H\u00e5bolund-handel-768x520.jpg 768w\" sizes=\"auto, (max-width: 1024px) 100vw, 1024px\" \/><\/a><\/figure>\n\n\n\n<figure class=\"wp-block-image size-large\"><a href=\"https:\/\/www.xn--htuna-hbo-tibble-dobg.se\/wp-content\/uploads\/2012\/10\/flygfoto-Tjusta.jpg\"><img loading=\"lazy\" decoding=\"async\" width=\"1024\" height=\"640\" data-id=\"1657\" src=\"https:\/\/www.xn--htuna-hbo-tibble-dobg.se\/wp-content\/uploads\/2012\/10\/flygfoto-Tjusta-1024x640.jpg\" alt=\"\" class=\"wp-image-1657\" srcset=\"https:\/\/www.xn--htuna-hbo-tibble-dobg.se\/wp-content\/uploads\/2012\/10\/flygfoto-Tjusta-1024x640.jpg 1024w, https:\/\/www.xn--htuna-hbo-tibble-dobg.se\/wp-content\/uploads\/2012\/10\/flygfoto-Tjusta-300x187.jpg 300w\" sizes=\"auto, (max-width: 1024px) 100vw, 1024px\" \/><\/a><\/figure>\n\n\n\n<figure class=\"wp-block-image size-large\"><a href=\"https:\/\/www.xn--htuna-hbo-tibble-dobg.se\/wp-content\/uploads\/2012\/10\/R\u00e5by-handel-vykort.jpg\"><img loading=\"lazy\" decoding=\"async\" width=\"1024\" height=\"628\" data-id=\"1653\" src=\"https:\/\/www.xn--htuna-hbo-tibble-dobg.se\/wp-content\/uploads\/2012\/10\/R\u00e5by-handel-vykort-1024x628.jpg\" alt=\"\" class=\"wp-image-1653\" srcset=\"https:\/\/www.xn--htuna-hbo-tibble-dobg.se\/wp-content\/uploads\/2012\/10\/R\u00e5by-handel-vykort-1024x628.jpg 1024w, https:\/\/www.xn--htuna-hbo-tibble-dobg.se\/wp-content\/uploads\/2012\/10\/R\u00e5by-handel-vykort-300x184.jpg 300w\" sizes=\"auto, (max-width: 1024px) 100vw, 1024px\" \/><\/a><\/figure>\n\n\n\n<figure class=\"wp-block-image size-large\"><a href=\"https:\/\/www.xn--htuna-hbo-tibble-dobg.se\/wp-content\/uploads\/2018\/02\/R_BY_HANDEL__2_.jpg\"><img loading=\"lazy\" decoding=\"async\" width=\"1024\" height=\"714\" data-id=\"6961\" src=\"https:\/\/www.xn--htuna-hbo-tibble-dobg.se\/wp-content\/uploads\/2018\/02\/R_BY_HANDEL__2_-1024x714.jpg\" alt=\"\" class=\"wp-image-6961\" srcset=\"https:\/\/www.xn--htuna-hbo-tibble-dobg.se\/wp-content\/uploads\/2018\/02\/R_BY_HANDEL__2_-1024x714.jpg 1024w, https:\/\/www.xn--htuna-hbo-tibble-dobg.se\/wp-content\/uploads\/2018\/02\/R_BY_HANDEL__2_-300x209.jpg 300w, https:\/\/www.xn--htuna-hbo-tibble-dobg.se\/wp-content\/uploads\/2018\/02\/R_BY_HANDEL__2_-768x535.jpg 768w, https:\/\/www.xn--htuna-hbo-tibble-dobg.se\/wp-content\/uploads\/2018\/02\/R_BY_HANDEL__2_.jpg 2005w\" sizes=\"auto, (max-width: 1024px) 100vw, 1024px\" \/><\/a><\/figure>\n<\/figure>\n\n\n\n<p>&nbsp;<\/p>\n","protected":false},"excerpt":{"rendered":"<p>L\u00e4s mer:&nbsp; H\u00e5bolund Slutet av 1940-talet \u00f6ppnades en aff\u00e4r i H\u00e5bo-Tibble av Edith F\u00e4lldin p\u00e5 Skeppartorp. N\u00e5got \u00e5r senare \u00f6vertogs aff\u00e4ren av Konsum. Aff\u00e4ren st\u00e4ngdes p\u00e5 1970-talet (Bilder efterlyses) &nbsp;<\/p>\n","protected":false},"author":1,"featured_media":6962,"parent":0,"menu_order":0,"comment_status":"closed","ping_status":"open","template":"","meta":{"ngg_post_thumbnail":0,"footnotes":""},"class_list":["post-760","page","type-page","status-publish","has-post-thumbnail","hentry"],"_links":{"self":[{"href":"https:\/\/www.xn--htuna-hbo-tibble-dobg.se\/index.php?rest_route=\/wp\/v2\/pages\/760","targetHints":{"allow":["GET"]}}],"collection":[{"href":"https:\/\/www.xn--htuna-hbo-tibble-dobg.se\/index.php?rest_route=\/wp\/v2\/pages"}],"about":[{"href":"https:\/\/www.xn--htuna-hbo-tibble-dobg.se\/index.php?rest_route=\/wp\/v2\/types\/page"}],"author":[{"embeddable":true,"href":"https:\/\/www.xn--htuna-hbo-tibble-dobg.se\/index.php?rest_route=\/wp\/v2\/users\/1"}],"replies":[{"embeddable":true,"href":"https:\/\/www.xn--htuna-hbo-tibble-dobg.se\/index.php?rest_route=%2Fwp%2Fv2%2Fcomments&post=760"}],"version-history":[{"count":23,"href":"https:\/\/www.xn--htuna-hbo-tibble-dobg.se\/index.php?rest_route=\/wp\/v2\/pages\/760\/revisions"}],"predecessor-version":[{"id":8277,"href":"https:\/\/www.xn--htuna-hbo-tibble-dobg.se\/index.php?rest_route=\/wp\/v2\/pages\/760\/revisions\/8277"}],"wp:featuredmedia":[{"embeddable":true,"href":"https:\/\/www.xn--htuna-hbo-tibble-dobg.se\/index.php?rest_route=\/wp\/v2\/media\/6962"}],"wp:attachment":[{"href":"https:\/\/www.xn--htuna-hbo-tibble-dobg.se\/index.php?rest_route=%2Fwp%2Fv2%2Fmedia&parent=760"}],"curies":[{"name":"wp","href":"https:\/\/api.w.org\/{rel}","templated":true}]}}