{"id":7367,"date":"2018-05-22T21:09:50","date_gmt":"2018-05-22T19:09:50","guid":{"rendered":"http:\/\/www.xn--htuna-hbo-tibble-dobg.se\/?page_id=7367"},"modified":"2018-05-22T21:20:17","modified_gmt":"2018-05-22T19:20:17","slug":"slakten-bolinder","status":"publish","type":"page","link":"https:\/\/www.xn--htuna-hbo-tibble-dobg.se\/?page_id=7367","title":{"rendered":"Sl\u00e4kten Bolinder"},"content":{"rendered":"<p style=\"text-align: center;\"><span style=\"font-family: Book Antiqua, Palatino; font-size: 18pt;\">19 maj 2018<\/span><\/p>\n<p style=\"text-align: left;\">Sl\u00e4ktbes\u00f6k i H\u00e5tuna och H\u00e5bo-Tibble och vi fr\u00e5n forskargruppen fick vara med. L\u00e4s om bes\u00f6ket efter bilderna.<\/p>\n<div id='gallery-1' class='gallery galleryid-7367 gallery-columns-3 gallery-size-thumbnail'><dl class='gallery-item'>\n\t\t\t<dt class='gallery-icon landscape'>\n\t\t\t\t<a href='https:\/\/www.xn--htuna-hbo-tibble-dobg.se\/wp-content\/uploads\/2018\/05\/20180519_115605-1.jpg'><img loading=\"lazy\" decoding=\"async\" width=\"150\" height=\"150\" src=\"https:\/\/www.xn--htuna-hbo-tibble-dobg.se\/wp-content\/uploads\/2018\/05\/20180519_115605-1-150x150.jpg\" class=\"attachment-thumbnail size-thumbnail\" alt=\"\" aria-describedby=\"gallery-1-7369\" \/><\/a>\n\t\t\t<\/dt>\n\t\t\t\t<dd class='wp-caption-text gallery-caption' id='gallery-1-7369'>\n\t\t\t\tUlf Tesch ber\u00e4ttar om Kvarnnibble.\n\t\t\t\t<\/dd><\/dl><dl class='gallery-item'>\n\t\t\t<dt class='gallery-icon landscape'>\n\t\t\t\t<a href='https:\/\/www.xn--htuna-hbo-tibble-dobg.se\/wp-content\/uploads\/2018\/05\/20180519_123130.jpg'><img loading=\"lazy\" decoding=\"async\" width=\"150\" height=\"150\" src=\"https:\/\/www.xn--htuna-hbo-tibble-dobg.se\/wp-content\/uploads\/2018\/05\/20180519_123130-150x150.jpg\" class=\"attachment-thumbnail size-thumbnail\" alt=\"\" aria-describedby=\"gallery-1-7374\" \/><\/a>\n\t\t\t<\/dt>\n\t\t\t\t<dd class='wp-caption-text gallery-caption' id='gallery-1-7374'>\n\t\t\t\tPromenad till huvudbyggnaden.\n\t\t\t\t<\/dd><\/dl><dl class='gallery-item'>\n\t\t\t<dt class='gallery-icon landscape'>\n\t\t\t\t<a href='https:\/\/www.xn--htuna-hbo-tibble-dobg.se\/wp-content\/uploads\/2018\/05\/20180519_124027.jpg'><img loading=\"lazy\" decoding=\"async\" width=\"150\" height=\"150\" src=\"https:\/\/www.xn--htuna-hbo-tibble-dobg.se\/wp-content\/uploads\/2018\/05\/20180519_124027-150x150.jpg\" class=\"attachment-thumbnail size-thumbnail\" alt=\"\" aria-describedby=\"gallery-1-7379\" \/><\/a>\n\t\t\t<\/dt>\n\t\t\t\t<dd class='wp-caption-text gallery-caption' id='gallery-1-7379'>\n\t\t\t\tSl\u00e4ktfoto fr\u00e5n g\u00e5rden\n\t\t\t\t<\/dd><\/dl><br style=\"clear: both\" \/>\n\t\t<\/div>\n\n<p>&nbsp;<\/p>\n<div id='gallery-2' class='gallery galleryid-7367 gallery-columns-3 gallery-size-thumbnail'><dl class='gallery-item'>\n\t\t\t<dt class='gallery-icon landscape'>\n\t\t\t\t<a href='https:\/\/www.xn--htuna-hbo-tibble-dobg.se\/wp-content\/uploads\/2018\/05\/20180519_131841.jpg'><img loading=\"lazy\" decoding=\"async\" width=\"150\" height=\"150\" src=\"https:\/\/www.xn--htuna-hbo-tibble-dobg.se\/wp-content\/uploads\/2018\/05\/20180519_131841-150x150.jpg\" class=\"attachment-thumbnail size-thumbnail\" alt=\"\" aria-describedby=\"gallery-2-7390\" \/><\/a>\n\t\t\t<\/dt>\n\t\t\t\t<dd class='wp-caption-text gallery-caption' id='gallery-2-7390'>\n\t\t\t\tLunch vid H\u00e5tunag\u00e5rden\n\t\t\t\t<\/dd><\/dl><dl class='gallery-item'>\n\t\t\t<dt class='gallery-icon portrait'>\n\t\t\t\t<a href='https:\/\/www.xn--htuna-hbo-tibble-dobg.se\/wp-content\/uploads\/2018\/05\/20180519_150122-e1527013012907.jpg'><img loading=\"lazy\" decoding=\"async\" width=\"150\" height=\"150\" src=\"https:\/\/www.xn--htuna-hbo-tibble-dobg.se\/wp-content\/uploads\/2018\/05\/20180519_150122-e1527013012907-150x150.jpg\" class=\"attachment-thumbnail size-thumbnail\" alt=\"\" aria-describedby=\"gallery-2-7408\" \/><\/a>\n\t\t\t<\/dt>\n\t\t\t\t<dd class='wp-caption-text gallery-caption' id='gallery-2-7408'>\n\t\t\t\tBolinders sl\u00e4ktgrav\n\t\t\t\t<\/dd><\/dl><dl class='gallery-item'>\n\t\t\t<dt class='gallery-icon landscape'>\n\t\t\t\t<a href='https:\/\/www.xn--htuna-hbo-tibble-dobg.se\/wp-content\/uploads\/2018\/05\/20180519_145027.jpg'><img loading=\"lazy\" decoding=\"async\" width=\"150\" height=\"150\" src=\"https:\/\/www.xn--htuna-hbo-tibble-dobg.se\/wp-content\/uploads\/2018\/05\/20180519_145027-150x150.jpg\" class=\"attachment-thumbnail size-thumbnail\" alt=\"\" aria-describedby=\"gallery-2-7399\" \/><\/a>\n\t\t\t<\/dt>\n\t\t\t\t<dd class='wp-caption-text gallery-caption' id='gallery-2-7399'>\n\t\t\t\t80-\u00e5ring bes\u00f6ker kyrkan\n\t\t\t\t<\/dd><\/dl><br style=\"clear: both\" \/>\n\t\t<\/div>\n\n<p>Tidigt 2018 h\u00f6rde en \u00e4ttling till sl\u00e4kten Bolinder, Christian Rasch, av sig till forskargruppen. Han hade planer p\u00e5, att under maj m\u00e5nad, genomf\u00f6ra en utflykt i bygden tillsammans med bland annat sina syskon och sin far som skulle fylla 80 \u00e5r.<\/p>\n<p>Den 19 maj pingstafton 2018, kom sl\u00e4kten Bolinder till H\u00e5tuna och H\u00e5bo-Tibble. Nu skulle de tillsammans med 80-\u00e5riga pappa se var de \u00e4ldre generationerna befunnit sig, fr\u00e4mst p\u00e5 Kvarnnibble i H\u00e5tuna.<\/p>\n<p>Upphovet till att tidigare generationer&nbsp; Bolinder hamnade p\u00e5 Kvarnnibble <a href=\"https:\/\/www.xn--htuna-hbo-tibble-dobg.se\/?page_id=352\">var anf\u00e4der fr\u00e5n B\u00e4lby och \u00d6nsta<\/a> och dagens bes\u00f6k startade vid H\u00e5bo-Tibble kyrka d\u00e4r sl\u00e4kten samlades, Christian visade g\u00e5rdarna \u00d6nsta och B\u00e4lby.<\/p>\n<p>F\u00e4rden gick sedan vidare till <a href=\"https:\/\/www.xn--htuna-hbo-tibble-dobg.se\/?page_id=5824\">Kvarnnibble,<\/a> d\u00e4r Ulf Tesch och sonen Henrik Tesch hade g\u00e4stv\u00e4nligheten att ber\u00e4tta om hur g\u00e5rden drivs idag och visade oss runt. P\u00e5 g\u00e5rden v\u00e4xer nu femte generationen Tesch upp. Det avslutades med ett bes\u00f6k i den fina g\u00e5rdsbutiken d\u00e4r det k\u00f6ptes must och annat gott.&nbsp;<\/p>\n<p>N\u00e4r det blev dags att \u00e5ka vidare tog vi oss till H\u00e5tunag\u00e5rden f\u00f6r lunch och kaffe. Nu kom det upp lite fr\u00e5gor om H\u00e5tunaleken, som utspelade sig \u00e5r 1306 mellan kung Birger och hans br\u00f6der Erik och Valdemar. Var i H\u00e5tuna hade br\u00f6drastriden \u00e4gt rum?&nbsp;<\/p>\n<p>Sl\u00e4ktgravarna p\u00e5 H\u00e5tuna kyrkog\u00e5rd och ett bes\u00f6k inne i kyrkan gjordes. D\u00e4refter innan alla skildes \u00e5t, \u00e5kte vi vidare till Tjusta skolby och visade v\u00e5rt fina gamla skolomr\u00e5de. Alla var mycket imponerade och &#8221;barnen i bullerbyn&#8221; n\u00e4mndes. De blev mycket f\u00f6rtjusta i trakten och uttryckte en viss sorgsenhet att inte sl\u00e4kten var kvar p\u00e5 Kvarnnibble. Den siste manliga anfadern Bolinder (Gustaf Emanuel Bolinder ) avled \u00e5r 1900 och \u00e4nkan flyttade 1904 till Jakobs f\u00f6rsamling i Stockholm. De flesta av barnen hade redan d\u00e5 hunnit flytta till andra orter f\u00f6r bland annat studier.<\/p>\n","protected":false},"excerpt":{"rendered":"<p>19 maj 2018 Sl\u00e4ktbes\u00f6k i H\u00e5tuna och H\u00e5bo-Tibble och vi fr\u00e5n forskargruppen fick vara med. L\u00e4s om bes\u00f6ket efter bilderna. &nbsp; Tidigt 2018 h\u00f6rde en \u00e4ttling till sl\u00e4kten Bolinder, Christian Rasch, av sig till forskargruppen. Han hade planer p\u00e5, att &hellip; <a href=\"https:\/\/www.xn--htuna-hbo-tibble-dobg.se\/?page_id=7367\">Forts\u00e4tt l\u00e4sa <span class=\"meta-nav\">&rarr;<\/span><\/a><\/p>\n","protected":false},"author":1,"featured_media":7396,"parent":0,"menu_order":0,"comment_status":"closed","ping_status":"closed","template":"","meta":{"ngg_post_thumbnail":0,"footnotes":""},"class_list":["post-7367","page","type-page","status-publish","has-post-thumbnail","hentry"],"_links":{"self":[{"href":"https:\/\/www.xn--htuna-hbo-tibble-dobg.se\/index.php?rest_route=\/wp\/v2\/pages\/7367","targetHints":{"allow":["GET"]}}],"collection":[{"href":"https:\/\/www.xn--htuna-hbo-tibble-dobg.se\/index.php?rest_route=\/wp\/v2\/pages"}],"about":[{"href":"https:\/\/www.xn--htuna-hbo-tibble-dobg.se\/index.php?rest_route=\/wp\/v2\/types\/page"}],"author":[{"embeddable":true,"href":"https:\/\/www.xn--htuna-hbo-tibble-dobg.se\/index.php?rest_route=\/wp\/v2\/users\/1"}],"replies":[{"embeddable":true,"href":"https:\/\/www.xn--htuna-hbo-tibble-dobg.se\/index.php?rest_route=%2Fwp%2Fv2%2Fcomments&post=7367"}],"version-history":[{"count":18,"href":"https:\/\/www.xn--htuna-hbo-tibble-dobg.se\/index.php?rest_route=\/wp\/v2\/pages\/7367\/revisions"}],"predecessor-version":[{"id":7433,"href":"https:\/\/www.xn--htuna-hbo-tibble-dobg.se\/index.php?rest_route=\/wp\/v2\/pages\/7367\/revisions\/7433"}],"wp:featuredmedia":[{"embeddable":true,"href":"https:\/\/www.xn--htuna-hbo-tibble-dobg.se\/index.php?rest_route=\/wp\/v2\/media\/7396"}],"wp:attachment":[{"href":"https:\/\/www.xn--htuna-hbo-tibble-dobg.se\/index.php?rest_route=%2Fwp%2Fv2%2Fmedia&parent=7367"}],"curies":[{"name":"wp","href":"https:\/\/api.w.org\/{rel}","templated":true}]}}