{"id":7362,"date":"2018-05-18T16:44:41","date_gmt":"2018-05-18T14:44:41","guid":{"rendered":"http:\/\/www.xn--htuna-hbo-tibble-dobg.se\/?page_id=7362"},"modified":"2018-05-18T16:45:51","modified_gmt":"2018-05-18T14:45:51","slug":"lihagen","status":"publish","type":"page","link":"https:\/\/www.xn--htuna-hbo-tibble-dobg.se\/?page_id=7362","title":{"rendered":"Lihagen"},"content":{"rendered":"<p><strong>LIHAGEN<\/strong> avstyckades fr\u00e5n Kvarnnibble Nederg\u00e5rd nr 3 \u00e5r 1923 av Gustaf Zelin och hans hustru Anna Zelin. L\u00e4genheten Lihagen s\u00e5ldes med befintliga byggnader och avs\u00f6ndrades fr\u00e5n Nederg\u00e5rden Kvarnnibble med 1\/2 mantal.<\/p>\n<p>Fastigheten tilltr\u00e4des den 1 jan 1924 av Anton Lenader Andersson i Tjursta Bro.<\/p>\n","protected":false},"excerpt":{"rendered":"<p>LIHAGEN avstyckades fr\u00e5n Kvarnnibble Nederg\u00e5rd nr 3 \u00e5r 1923 av Gustaf Zelin och hans hustru Anna Zelin. L\u00e4genheten Lihagen s\u00e5ldes med befintliga byggnader och avs\u00f6ndrades fr\u00e5n Nederg\u00e5rden Kvarnnibble med 1\/2 mantal. Fastigheten tilltr\u00e4des den 1 jan 1924 av Anton Lenader &hellip; <a href=\"https:\/\/www.xn--htuna-hbo-tibble-dobg.se\/?page_id=7362\">Forts\u00e4tt l\u00e4sa <span class=\"meta-nav\">&rarr;<\/span><\/a><\/p>\n","protected":false},"author":1,"featured_media":0,"parent":0,"menu_order":0,"comment_status":"closed","ping_status":"closed","template":"","meta":{"ngg_post_thumbnail":0,"footnotes":""},"class_list":["post-7362","page","type-page","status-publish","hentry"],"_links":{"self":[{"href":"https:\/\/www.xn--htuna-hbo-tibble-dobg.se\/index.php?rest_route=\/wp\/v2\/pages\/7362","targetHints":{"allow":["GET"]}}],"collection":[{"href":"https:\/\/www.xn--htuna-hbo-tibble-dobg.se\/index.php?rest_route=\/wp\/v2\/pages"}],"about":[{"href":"https:\/\/www.xn--htuna-hbo-tibble-dobg.se\/index.php?rest_route=\/wp\/v2\/types\/page"}],"author":[{"embeddable":true,"href":"https:\/\/www.xn--htuna-hbo-tibble-dobg.se\/index.php?rest_route=\/wp\/v2\/users\/1"}],"replies":[{"embeddable":true,"href":"https:\/\/www.xn--htuna-hbo-tibble-dobg.se\/index.php?rest_route=%2Fwp%2Fv2%2Fcomments&post=7362"}],"version-history":[{"count":2,"href":"https:\/\/www.xn--htuna-hbo-tibble-dobg.se\/index.php?rest_route=\/wp\/v2\/pages\/7362\/revisions"}],"predecessor-version":[{"id":7364,"href":"https:\/\/www.xn--htuna-hbo-tibble-dobg.se\/index.php?rest_route=\/wp\/v2\/pages\/7362\/revisions\/7364"}],"wp:attachment":[{"href":"https:\/\/www.xn--htuna-hbo-tibble-dobg.se\/index.php?rest_route=%2Fwp%2Fv2%2Fmedia&parent=7362"}],"curies":[{"name":"wp","href":"https:\/\/api.w.org\/{rel}","templated":true}]}}