{"id":7330,"date":"2018-04-21T20:03:09","date_gmt":"2018-04-21T18:03:09","guid":{"rendered":"http:\/\/www.xn--htuna-hbo-tibble-dobg.se\/?page_id=7330"},"modified":"2018-04-21T20:10:26","modified_gmt":"2018-04-21T18:10:26","slug":"besok-vid-skallsta-och-hatuna-kyrka","status":"publish","type":"page","link":"https:\/\/www.xn--htuna-hbo-tibble-dobg.se\/?page_id=7330","title":{"rendered":"Bes\u00f6k vid Sk\u00e4llsta och H\u00e5tuna kyrka"},"content":{"rendered":"<div id='gallery-1' class='gallery galleryid-7330 gallery-columns-3 gallery-size-medium'><dl class='gallery-item'>\n\t\t\t<dt class='gallery-icon portrait'>\n\t\t\t\t<a href='https:\/\/www.xn--htuna-hbo-tibble-dobg.se\/wp-content\/uploads\/2018\/02\/20180216_174114-1.jpg'><img loading=\"lazy\" decoding=\"async\" width=\"169\" height=\"300\" src=\"https:\/\/www.xn--htuna-hbo-tibble-dobg.se\/wp-content\/uploads\/2018\/02\/20180216_174114-1-169x300.jpg\" class=\"attachment-medium size-medium\" alt=\"\" aria-describedby=\"gallery-1-7013\" srcset=\"https:\/\/www.xn--htuna-hbo-tibble-dobg.se\/wp-content\/uploads\/2018\/02\/20180216_174114-1-169x300.jpg 169w, https:\/\/www.xn--htuna-hbo-tibble-dobg.se\/wp-content\/uploads\/2018\/02\/20180216_174114-1.jpg 360w\" sizes=\"auto, (max-width: 169px) 100vw, 169px\" \/><\/a>\n\t\t\t<\/dt>\n\t\t\t\t<dd class='wp-caption-text gallery-caption' id='gallery-1-7013'>\n\t\t\t\tBes\u00f6k vid familjegraven\n\t\t\t\t<\/dd><\/dl><dl class='gallery-item'>\n\t\t\t<dt class='gallery-icon portrait'>\n\t\t\t\t<a href='https:\/\/www.xn--htuna-hbo-tibble-dobg.se\/wp-content\/uploads\/2018\/02\/20180216_175431.jpg'><img loading=\"lazy\" decoding=\"async\" width=\"169\" height=\"300\" src=\"https:\/\/www.xn--htuna-hbo-tibble-dobg.se\/wp-content\/uploads\/2018\/02\/20180216_175431-169x300.jpg\" class=\"attachment-medium size-medium\" alt=\"\" aria-describedby=\"gallery-1-7019\" srcset=\"https:\/\/www.xn--htuna-hbo-tibble-dobg.se\/wp-content\/uploads\/2018\/02\/20180216_175431-169x300.jpg 169w, https:\/\/www.xn--htuna-hbo-tibble-dobg.se\/wp-content\/uploads\/2018\/02\/20180216_175431.jpg 252w\" sizes=\"auto, (max-width: 169px) 100vw, 169px\" \/><\/a>\n\t\t\t<\/dt>\n\t\t\t\t<dd class='wp-caption-text gallery-caption' id='gallery-1-7019'>\n\t\t\t\tH\u00e5tuna kyrka kv\u00e4llstid\n\t\t\t\t<\/dd><\/dl><dl class='gallery-item'>\n\t\t\t<dt class='gallery-icon portrait'>\n\t\t\t\t<a href='https:\/\/www.xn--htuna-hbo-tibble-dobg.se\/wp-content\/uploads\/2018\/02\/20180216_181610.jpg'><img loading=\"lazy\" decoding=\"async\" width=\"169\" height=\"300\" src=\"https:\/\/www.xn--htuna-hbo-tibble-dobg.se\/wp-content\/uploads\/2018\/02\/20180216_181610-169x300.jpg\" class=\"attachment-medium size-medium\" alt=\"\" aria-describedby=\"gallery-1-6998\" srcset=\"https:\/\/www.xn--htuna-hbo-tibble-dobg.se\/wp-content\/uploads\/2018\/02\/20180216_181610-169x300.jpg 169w, https:\/\/www.xn--htuna-hbo-tibble-dobg.se\/wp-content\/uploads\/2018\/02\/20180216_181610-768x1365.jpg 768w, https:\/\/www.xn--htuna-hbo-tibble-dobg.se\/wp-content\/uploads\/2018\/02\/20180216_181610-576x1024.jpg 576w\" sizes=\"auto, (max-width: 169px) 100vw, 169px\" \/><\/a>\n\t\t\t<\/dt>\n\t\t\t\t<dd class='wp-caption-text gallery-caption' id='gallery-1-6998'>\n\t\t\t\tKan det vara h\u00e4r min anfader Karl Erik Kihlberg bodde n\u00e4r han var r\u00e4ttare p\u00e5 Sk\u00e4llsta?\r\n\n\t\t\t\t<\/dd><\/dl><br style=\"clear: both\" \/>\n\t\t<\/div>\n\n<p><strong>Sl\u00e4ktforskarbes\u00f6k fr\u00e5n GOTLAND 16 februari 2018<br \/>\nDet roligaste med sl\u00e4kt-och hembygdsforskning<\/strong> \u00e4r att f\u00e5 bes\u00f6k av sl\u00e4ktforskare i landet. H\u00e4r har vi Lo Kihlberg, boende p\u00e5 Gotland, som har hittat sin anfader Carl-Erik Kihlberg i H\u00e5tuna. Lo och hennes v\u00e4ninna var p\u00e5 genomresa och letade sig fram i m\u00f6rkret ut till H\u00e5tuna. Carl-Erik Kihlberg b\u00f6rjade som stalldr\u00e4ng vid pr\u00e4stg\u00e5rden men efter gifterm\u00e5l med&nbsp;smedsdottern Stina Cajsa Svedberg fr\u00e5n R\u00e5by i H\u00e5tuna kom han till Sk\u00e4llsta g\u00e5rd 1833 och avancerade snabbt till r\u00e4ttare. \u00c5r 1857 fick han medalj fr\u00e5n Patriotiska s\u00e4llskapet f\u00f6r l\u00e5ng och trogen tj\u00e4nst. Tre \u00e5r senare dog hustrun och han flyttade fr\u00e5n trakten.&nbsp; De fick sju barn, varav sex blev vuxna. Sonen Knut Alfred satt i tv\u00e5kammarriksdagen och representerade nya lantmannapartiet och sonen Otto blev pastor Vallentuna.<\/p>\n","protected":false},"excerpt":{"rendered":"<p>Sl\u00e4ktforskarbes\u00f6k fr\u00e5n GOTLAND 16 februari 2018 Det roligaste med sl\u00e4kt-och hembygdsforskning \u00e4r att f\u00e5 bes\u00f6k av sl\u00e4ktforskare i landet. H\u00e4r har vi Lo Kihlberg, boende p\u00e5 Gotland, som har hittat sin anfader Carl-Erik Kihlberg i H\u00e5tuna. Lo och hennes v\u00e4ninna &hellip; <a href=\"https:\/\/www.xn--htuna-hbo-tibble-dobg.se\/?page_id=7330\">Forts\u00e4tt l\u00e4sa <span class=\"meta-nav\">&rarr;<\/span><\/a><\/p>\n","protected":false},"author":1,"featured_media":0,"parent":0,"menu_order":0,"comment_status":"closed","ping_status":"closed","template":"","meta":{"ngg_post_thumbnail":0,"footnotes":""},"class_list":["post-7330","page","type-page","status-publish","hentry"],"_links":{"self":[{"href":"https:\/\/www.xn--htuna-hbo-tibble-dobg.se\/index.php?rest_route=\/wp\/v2\/pages\/7330","targetHints":{"allow":["GET"]}}],"collection":[{"href":"https:\/\/www.xn--htuna-hbo-tibble-dobg.se\/index.php?rest_route=\/wp\/v2\/pages"}],"about":[{"href":"https:\/\/www.xn--htuna-hbo-tibble-dobg.se\/index.php?rest_route=\/wp\/v2\/types\/page"}],"author":[{"embeddable":true,"href":"https:\/\/www.xn--htuna-hbo-tibble-dobg.se\/index.php?rest_route=\/wp\/v2\/users\/1"}],"replies":[{"embeddable":true,"href":"https:\/\/www.xn--htuna-hbo-tibble-dobg.se\/index.php?rest_route=%2Fwp%2Fv2%2Fcomments&post=7330"}],"version-history":[{"count":6,"href":"https:\/\/www.xn--htuna-hbo-tibble-dobg.se\/index.php?rest_route=\/wp\/v2\/pages\/7330\/revisions"}],"predecessor-version":[{"id":7339,"href":"https:\/\/www.xn--htuna-hbo-tibble-dobg.se\/index.php?rest_route=\/wp\/v2\/pages\/7330\/revisions\/7339"}],"wp:attachment":[{"href":"https:\/\/www.xn--htuna-hbo-tibble-dobg.se\/index.php?rest_route=%2Fwp%2Fv2%2Fmedia&parent=7330"}],"curies":[{"name":"wp","href":"https:\/\/api.w.org\/{rel}","templated":true}]}}