{"id":7315,"date":"2018-04-21T19:28:19","date_gmt":"2018-04-21T17:28:19","guid":{"rendered":"http:\/\/www.xn--htuna-hbo-tibble-dobg.se\/?page_id=7315"},"modified":"2018-04-21T20:23:31","modified_gmt":"2018-04-21T18:23:31","slug":"alby-forntid","status":"publish","type":"page","link":"https:\/\/www.xn--htuna-hbo-tibble-dobg.se\/?page_id=7315","title":{"rendered":"Alby forntid"},"content":{"rendered":"<p><span style=\"font-family: Book\\ Antiqua, Palatino; font-size: 14pt; color: #003300;\"><span style=\"font-size: 18pt;\"><span style=\"color: #003300;\">En vandring bland Albys forntidsgravar v\u00e5ren 2018<\/span>.<\/span><br \/>\n<\/span><span style=\"font-family: Verdana, Geneva; font-size: 12pt;\">Rikast p\u00e5 fornl\u00e4mningar i H\u00e5bo-Tibble \u00e4r omr\u00e5dets s\u00f6dra del omkring g\u00e5rdarna Skr\u00e5msta, Alby och J\u00e4dra. H\u00e4r finns l\u00e4mningar efter bygdens \u00e4ldsta bos\u00e4ttningar fr\u00e5n brons- och \u00e4ldre j\u00e4rn\u00e5lder.&nbsp; Forngravarna&nbsp; ligger t\u00e4tats p\u00e5 mor\u00e4nryggen mellan Alby och Skr\u00e5msta. En del av dessa gravar har vi en vacker v\u00e5rdag 2018 bes\u00f6kt och k\u00e4nt oss and\u00e4ktiga. Det \u00e4r inte sv\u00e5rt att k\u00e4nna historiens vingslag.<\/span><\/p>\n<div id='gallery-1' class='gallery galleryid-7315 gallery-columns-4 gallery-size-medium'><dl class='gallery-item'>\n\t\t\t<dt class='gallery-icon portrait'>\n\t\t\t\t<a href='https:\/\/www.xn--htuna-hbo-tibble-dobg.se\/wp-content\/uploads\/2018\/04\/20180421_133431-e1524331177354.jpg'><img loading=\"lazy\" decoding=\"async\" width=\"169\" height=\"300\" src=\"https:\/\/www.xn--htuna-hbo-tibble-dobg.se\/wp-content\/uploads\/2018\/04\/20180421_133431-e1524331177354-169x300.jpg\" class=\"attachment-medium size-medium\" alt=\"\" aria-describedby=\"gallery-1-7314\" srcset=\"https:\/\/www.xn--htuna-hbo-tibble-dobg.se\/wp-content\/uploads\/2018\/04\/20180421_133431-e1524331177354-169x300.jpg 169w, https:\/\/www.xn--htuna-hbo-tibble-dobg.se\/wp-content\/uploads\/2018\/04\/20180421_133431-e1524331177354-768x1365.jpg 768w, https:\/\/www.xn--htuna-hbo-tibble-dobg.se\/wp-content\/uploads\/2018\/04\/20180421_133431-e1524331177354-576x1024.jpg 576w\" sizes=\"auto, (max-width: 169px) 100vw, 169px\" \/><\/a>\n\t\t\t<\/dt>\n\t\t\t\t<dd class='wp-caption-text gallery-caption' id='gallery-1-7314'>\n\t\t\t\tRunsten U 630 i Skr\u00e5msta hage, n\u00e4mns tidigt som Alby hage\n\t\t\t\t<\/dd><\/dl><dl class='gallery-item'>\n\t\t\t<dt class='gallery-icon landscape'>\n\t\t\t\t<a href='https:\/\/www.xn--htuna-hbo-tibble-dobg.se\/wp-content\/uploads\/2018\/04\/20180421_122131.jpg'><img loading=\"lazy\" decoding=\"async\" width=\"300\" height=\"169\" src=\"https:\/\/www.xn--htuna-hbo-tibble-dobg.se\/wp-content\/uploads\/2018\/04\/20180421_122131-300x169.jpg\" class=\"attachment-medium size-medium\" alt=\"\" aria-describedby=\"gallery-1-7313\" srcset=\"https:\/\/www.xn--htuna-hbo-tibble-dobg.se\/wp-content\/uploads\/2018\/04\/20180421_122131-300x169.jpg 300w, https:\/\/www.xn--htuna-hbo-tibble-dobg.se\/wp-content\/uploads\/2018\/04\/20180421_122131-768x432.jpg 768w, https:\/\/www.xn--htuna-hbo-tibble-dobg.se\/wp-content\/uploads\/2018\/04\/20180421_122131-1024x576.jpg 1024w\" sizes=\"auto, (max-width: 300px) 100vw, 300px\" \/><\/a>\n\t\t\t<\/dt>\n\t\t\t\t<dd class='wp-caption-text gallery-caption' id='gallery-1-7313'>\n\t\t\t\tNutid m\u00f6ter d\u00e5tid \n\t\t\t\t<\/dd><\/dl><dl class='gallery-item'>\n\t\t\t<dt class='gallery-icon landscape'>\n\t\t\t\t<a href='https:\/\/www.xn--htuna-hbo-tibble-dobg.se\/wp-content\/uploads\/2018\/04\/20180421_121709.jpg'><img loading=\"lazy\" decoding=\"async\" width=\"300\" height=\"169\" src=\"https:\/\/www.xn--htuna-hbo-tibble-dobg.se\/wp-content\/uploads\/2018\/04\/20180421_121709-300x169.jpg\" class=\"attachment-medium size-medium\" alt=\"\" aria-describedby=\"gallery-1-7311\" srcset=\"https:\/\/www.xn--htuna-hbo-tibble-dobg.se\/wp-content\/uploads\/2018\/04\/20180421_121709-300x169.jpg 300w, https:\/\/www.xn--htuna-hbo-tibble-dobg.se\/wp-content\/uploads\/2018\/04\/20180421_121709-768x432.jpg 768w, https:\/\/www.xn--htuna-hbo-tibble-dobg.se\/wp-content\/uploads\/2018\/04\/20180421_121709-1024x576.jpg 1024w\" sizes=\"auto, (max-width: 300px) 100vw, 300px\" \/><\/a>\n\t\t\t<\/dt>\n\t\t\t\t<dd class='wp-caption-text gallery-caption' id='gallery-1-7311'>\n\t\t\t\tVi undrar vem\/vilka som blev \u00e4rad med denna fina grav\n\t\t\t\t<\/dd><\/dl><dl class='gallery-item'>\n\t\t\t<dt class='gallery-icon landscape'>\n\t\t\t\t<a href='https:\/\/www.xn--htuna-hbo-tibble-dobg.se\/wp-content\/uploads\/2018\/04\/20180421_121434-e1524325605886.jpg'><img loading=\"lazy\" decoding=\"async\" width=\"300\" height=\"169\" src=\"https:\/\/www.xn--htuna-hbo-tibble-dobg.se\/wp-content\/uploads\/2018\/04\/20180421_121434-e1524325605886-300x169.jpg\" class=\"attachment-medium size-medium\" alt=\"\" aria-describedby=\"gallery-1-7308\" srcset=\"https:\/\/www.xn--htuna-hbo-tibble-dobg.se\/wp-content\/uploads\/2018\/04\/20180421_121434-e1524325605886-300x169.jpg 300w, https:\/\/www.xn--htuna-hbo-tibble-dobg.se\/wp-content\/uploads\/2018\/04\/20180421_121434-e1524325605886-768x432.jpg 768w, https:\/\/www.xn--htuna-hbo-tibble-dobg.se\/wp-content\/uploads\/2018\/04\/20180421_121434-e1524325605886-1024x576.jpg 1024w\" sizes=\"auto, (max-width: 300px) 100vw, 300px\" \/><\/a>\n\t\t\t<\/dt>\n\t\t\t\t<dd class='wp-caption-text gallery-caption' id='gallery-1-7308'>\n\t\t\t\tStor j\u00e4rn\u00e5ldersgrav fr\u00e5n Alby storhetstid, numera B\u00e4lby skog.\n\t\t\t\t<\/dd><\/dl><br style=\"clear: both\" \/>\n\t\t<\/div>\n\n<p>&nbsp;<\/p>\n<p>&nbsp;<\/p>\n","protected":false},"excerpt":{"rendered":"<p>En vandring bland Albys forntidsgravar v\u00e5ren 2018. Rikast p\u00e5 fornl\u00e4mningar i H\u00e5bo-Tibble \u00e4r omr\u00e5dets s\u00f6dra del omkring g\u00e5rdarna Skr\u00e5msta, Alby och J\u00e4dra. H\u00e4r finns l\u00e4mningar efter bygdens \u00e4ldsta bos\u00e4ttningar fr\u00e5n brons- och \u00e4ldre j\u00e4rn\u00e5lder.&nbsp; Forngravarna&nbsp; ligger t\u00e4tats p\u00e5 mor\u00e4nryggen mellan &hellip; <a href=\"https:\/\/www.xn--htuna-hbo-tibble-dobg.se\/?page_id=7315\">Forts\u00e4tt l\u00e4sa <span class=\"meta-nav\">&rarr;<\/span><\/a><\/p>\n","protected":false},"author":1,"featured_media":0,"parent":0,"menu_order":0,"comment_status":"closed","ping_status":"closed","template":"","meta":{"ngg_post_thumbnail":0,"footnotes":""},"class_list":["post-7315","page","type-page","status-publish","hentry"],"_links":{"self":[{"href":"https:\/\/www.xn--htuna-hbo-tibble-dobg.se\/index.php?rest_route=\/wp\/v2\/pages\/7315","targetHints":{"allow":["GET"]}}],"collection":[{"href":"https:\/\/www.xn--htuna-hbo-tibble-dobg.se\/index.php?rest_route=\/wp\/v2\/pages"}],"about":[{"href":"https:\/\/www.xn--htuna-hbo-tibble-dobg.se\/index.php?rest_route=\/wp\/v2\/types\/page"}],"author":[{"embeddable":true,"href":"https:\/\/www.xn--htuna-hbo-tibble-dobg.se\/index.php?rest_route=\/wp\/v2\/users\/1"}],"replies":[{"embeddable":true,"href":"https:\/\/www.xn--htuna-hbo-tibble-dobg.se\/index.php?rest_route=%2Fwp%2Fv2%2Fcomments&post=7315"}],"version-history":[{"count":4,"href":"https:\/\/www.xn--htuna-hbo-tibble-dobg.se\/index.php?rest_route=\/wp\/v2\/pages\/7315\/revisions"}],"predecessor-version":[{"id":7341,"href":"https:\/\/www.xn--htuna-hbo-tibble-dobg.se\/index.php?rest_route=\/wp\/v2\/pages\/7315\/revisions\/7341"}],"wp:attachment":[{"href":"https:\/\/www.xn--htuna-hbo-tibble-dobg.se\/index.php?rest_route=%2Fwp%2Fv2%2Fmedia&parent=7315"}],"curies":[{"name":"wp","href":"https:\/\/api.w.org\/{rel}","templated":true}]}}