{"id":5883,"date":"2015-11-11T21:21:13","date_gmt":"2015-11-11T20:21:13","guid":{"rendered":"http:\/\/www.xn--htuna-hbo-tibble-dobg.se\/?page_id=5883"},"modified":"2018-07-01T17:51:51","modified_gmt":"2018-07-01T15:51:51","slug":"hatuna-kyrka-3","status":"publish","type":"page","link":"https:\/\/www.xn--htuna-hbo-tibble-dobg.se\/?page_id=5883","title":{"rendered":"H\u00e5tuna kyrka"},"content":{"rendered":"<div id=\"attachment_5641\" style=\"width: 310px\" class=\"wp-caption aligncenter\"><img loading=\"lazy\" decoding=\"async\" aria-describedby=\"caption-attachment-5641\" class=\"wp-image-5641 size-medium\" src=\"https:\/\/www.xn--htuna-hbo-tibble-dobg.se\/wp-content\/uploads\/2015\/07\/DSC01674-300x200.jpg\" alt=\"Foto: Nils-Erik L\u00f6fstedt\" width=\"300\" height=\"200\" srcset=\"https:\/\/www.xn--htuna-hbo-tibble-dobg.se\/wp-content\/uploads\/2015\/07\/DSC01674-300x200.jpg 300w, https:\/\/www.xn--htuna-hbo-tibble-dobg.se\/wp-content\/uploads\/2015\/07\/DSC01674-1024x683.jpg 1024w\" sizes=\"auto, (max-width: 300px) 100vw, 300px\" \/><p id=\"caption-attachment-5641\" class=\"wp-caption-text\"><span style=\"color: #003300;\"><strong>H\u00e5tuna Kyrka.<\/strong> En vacker 1200-tals kyrka, som tidigare var h\u00e4radskyrka. 1318 finns enligt skrifterna kyrkoherde Peter Eskilsson p\u00e5 plats. Under medeltiden str\u00e4ckte sig H\u00e5tunaviken l\u00e4ngre in och kyrkan hade direkt vattenf\u00f6rbindelse med M\u00e4laren. N\u00e5gonstans kring kyrkan l\u00e5g det gamla konungas\u00e4tet, d\u00e4r den ryktbara H\u00e5tunaleken utspelade sig. 1306.<\/span><\/p><\/div>\n<p style=\"text-align: center;\"><a href=\"https:\/\/www.xn--htuna-hbo-tibble-dobg.se\/?page_id=7759\">Bilder H\u00e5tuna kyrka Lars Lindgren 2018<\/a><\/p>\n<p style=\"text-align: center;\"><span style=\"color: #003300;\">G\u00e5 g\u00e4rna in p\u00e5 denna fina hemsida och bland annat lyssna p\u00e5 orgelmusik<\/span><span style=\"color: #000080;\"><a href=\"http:\/\/www.orgelanders.se\/Orgelbilder\/Hatuna.htm\">http:\/\/www.orgelanders.se\/Orgelbilder\/Hatuna.htm<\/a><\/span><\/p>\n<p style=\"text-align: center;\">&nbsp;<\/p>\n","protected":false},"excerpt":{"rendered":"<p>Bilder H\u00e5tuna kyrka Lars Lindgren 2018 G\u00e5 g\u00e4rna in p\u00e5 denna fina hemsida och bland annat lyssna p\u00e5 orgelmusikhttp:\/\/www.orgelanders.se\/Orgelbilder\/Hatuna.htm &nbsp;<\/p>\n","protected":false},"author":1,"featured_media":7470,"parent":0,"menu_order":0,"comment_status":"closed","ping_status":"closed","template":"","meta":{"ngg_post_thumbnail":0,"footnotes":""},"class_list":["post-5883","page","type-page","status-publish","has-post-thumbnail","hentry"],"_links":{"self":[{"href":"https:\/\/www.xn--htuna-hbo-tibble-dobg.se\/index.php?rest_route=\/wp\/v2\/pages\/5883","targetHints":{"allow":["GET"]}}],"collection":[{"href":"https:\/\/www.xn--htuna-hbo-tibble-dobg.se\/index.php?rest_route=\/wp\/v2\/pages"}],"about":[{"href":"https:\/\/www.xn--htuna-hbo-tibble-dobg.se\/index.php?rest_route=\/wp\/v2\/types\/page"}],"author":[{"embeddable":true,"href":"https:\/\/www.xn--htuna-hbo-tibble-dobg.se\/index.php?rest_route=\/wp\/v2\/users\/1"}],"replies":[{"embeddable":true,"href":"https:\/\/www.xn--htuna-hbo-tibble-dobg.se\/index.php?rest_route=%2Fwp%2Fv2%2Fcomments&post=5883"}],"version-history":[{"count":18,"href":"https:\/\/www.xn--htuna-hbo-tibble-dobg.se\/index.php?rest_route=\/wp\/v2\/pages\/5883\/revisions"}],"predecessor-version":[{"id":7763,"href":"https:\/\/www.xn--htuna-hbo-tibble-dobg.se\/index.php?rest_route=\/wp\/v2\/pages\/5883\/revisions\/7763"}],"wp:featuredmedia":[{"embeddable":true,"href":"https:\/\/www.xn--htuna-hbo-tibble-dobg.se\/index.php?rest_route=\/wp\/v2\/media\/7470"}],"wp:attachment":[{"href":"https:\/\/www.xn--htuna-hbo-tibble-dobg.se\/index.php?rest_route=%2Fwp%2Fv2%2Fmedia&parent=5883"}],"curies":[{"name":"wp","href":"https:\/\/api.w.org\/{rel}","templated":true}]}}