{"id":5810,"date":"2015-07-18T21:44:42","date_gmt":"2015-07-18T19:44:42","guid":{"rendered":"http:\/\/www.xn--htuna-hbo-tibble-dobg.se\/?page_id=5810"},"modified":"2015-07-18T21:49:17","modified_gmt":"2015-07-18T19:49:17","slug":"smedsbo","status":"publish","type":"page","link":"https:\/\/www.xn--htuna-hbo-tibble-dobg.se\/?page_id=5810","title":{"rendered":"Smedsbo"},"content":{"rendered":"<p><span style=\"color: #003300;\">H\u00e4r bodde en g\u00e5ng &#8221;smeds-Pelles&#8221; Pettersson. Sonen hette Odelbrink. P\u00e5 tomten fanns en liten r\u00f6d byggnad (smedja)<\/span><\/p>\n<p><span style=\"color: #003300;\">Smedsbo\u00b4s \u00e4gor har styckats av<\/span><\/p>\n","protected":false},"excerpt":{"rendered":"<p>H\u00e4r bodde en g\u00e5ng &#8221;smeds-Pelles&#8221; Pettersson. Sonen hette Odelbrink. P\u00e5 tomten fanns en liten r\u00f6d byggnad (smedja) Smedsbo\u00b4s \u00e4gor har styckats av<\/p>\n","protected":false},"author":1,"featured_media":0,"parent":0,"menu_order":0,"comment_status":"closed","ping_status":"closed","template":"","meta":{"ngg_post_thumbnail":0,"footnotes":""},"class_list":["post-5810","page","type-page","status-publish","hentry"],"_links":{"self":[{"href":"https:\/\/www.xn--htuna-hbo-tibble-dobg.se\/index.php?rest_route=\/wp\/v2\/pages\/5810","targetHints":{"allow":["GET"]}}],"collection":[{"href":"https:\/\/www.xn--htuna-hbo-tibble-dobg.se\/index.php?rest_route=\/wp\/v2\/pages"}],"about":[{"href":"https:\/\/www.xn--htuna-hbo-tibble-dobg.se\/index.php?rest_route=\/wp\/v2\/types\/page"}],"author":[{"embeddable":true,"href":"https:\/\/www.xn--htuna-hbo-tibble-dobg.se\/index.php?rest_route=\/wp\/v2\/users\/1"}],"replies":[{"embeddable":true,"href":"https:\/\/www.xn--htuna-hbo-tibble-dobg.se\/index.php?rest_route=%2Fwp%2Fv2%2Fcomments&post=5810"}],"version-history":[{"count":2,"href":"https:\/\/www.xn--htuna-hbo-tibble-dobg.se\/index.php?rest_route=\/wp\/v2\/pages\/5810\/revisions"}],"predecessor-version":[{"id":5813,"href":"https:\/\/www.xn--htuna-hbo-tibble-dobg.se\/index.php?rest_route=\/wp\/v2\/pages\/5810\/revisions\/5813"}],"wp:attachment":[{"href":"https:\/\/www.xn--htuna-hbo-tibble-dobg.se\/index.php?rest_route=%2Fwp%2Fv2%2Fmedia&parent=5810"}],"curies":[{"name":"wp","href":"https:\/\/api.w.org\/{rel}","templated":true}]}}