{"id":5158,"date":"2013-10-18T19:04:10","date_gmt":"2013-10-18T17:04:10","guid":{"rendered":"http:\/\/www.xn--htuna-hbo-tibble-dobg.se\/?page_id=5158"},"modified":"2013-10-18T19:23:57","modified_gmt":"2013-10-18T17:23:57","slug":"sillhovetlovsta","status":"publish","type":"page","link":"https:\/\/www.xn--htuna-hbo-tibble-dobg.se\/?page_id=5158","title":{"rendered":"Sillhovet\/L\u00f6vsta"},"content":{"rendered":"<p style=\"text-align: justify;\"><a href=\"https:\/\/www.xn--htuna-hbo-tibble-dobg.se\/wp-content\/uploads\/2013\/10\/L\u00f6vsta-1.jpg\"><img loading=\"lazy\" decoding=\"async\" class=\"size-thumbnail wp-image-5162 aligncenter\" style=\"border: 5px solid white;\" alt=\"L\u00f6vsta-1\" src=\"https:\/\/www.xn--htuna-hbo-tibble-dobg.se\/wp-content\/uploads\/2013\/10\/L\u00f6vsta-1-150x150.jpg\" width=\"150\" height=\"150\" \/><\/a><span style=\"color: #003300;\">Statarna p\u00e5 g\u00e5rden fick &#8221;sillstat&#8221; och den delades ut i Sillhovet, d\u00e4rav namnet. ( P\u00e5 bilden kan du se Sillhovet strax bakom L\u00f6vsta G\u00e5rd p\u00e5 h\u00f6ger sida) Kallades ocks\u00e5 en tid f\u00f6r tr\u00e4dg\u00e5rdsstugan. Rivet<\/span><\/p>\n","protected":false},"excerpt":{"rendered":"<p>Statarna p\u00e5 g\u00e5rden fick &#8221;sillstat&#8221; och den delades ut i Sillhovet, d\u00e4rav namnet. ( P\u00e5 bilden kan du se Sillhovet strax bakom L\u00f6vsta G\u00e5rd p\u00e5 h\u00f6ger sida) Kallades ocks\u00e5 en tid f\u00f6r tr\u00e4dg\u00e5rdsstugan. Rivet<\/p>\n","protected":false},"author":1,"featured_media":0,"parent":500,"menu_order":0,"comment_status":"closed","ping_status":"open","template":"","meta":{"ngg_post_thumbnail":0,"footnotes":""},"class_list":["post-5158","page","type-page","status-publish","hentry"],"_links":{"self":[{"href":"https:\/\/www.xn--htuna-hbo-tibble-dobg.se\/index.php?rest_route=\/wp\/v2\/pages\/5158","targetHints":{"allow":["GET"]}}],"collection":[{"href":"https:\/\/www.xn--htuna-hbo-tibble-dobg.se\/index.php?rest_route=\/wp\/v2\/pages"}],"about":[{"href":"https:\/\/www.xn--htuna-hbo-tibble-dobg.se\/index.php?rest_route=\/wp\/v2\/types\/page"}],"author":[{"embeddable":true,"href":"https:\/\/www.xn--htuna-hbo-tibble-dobg.se\/index.php?rest_route=\/wp\/v2\/users\/1"}],"replies":[{"embeddable":true,"href":"https:\/\/www.xn--htuna-hbo-tibble-dobg.se\/index.php?rest_route=%2Fwp%2Fv2%2Fcomments&post=5158"}],"version-history":[{"count":7,"href":"https:\/\/www.xn--htuna-hbo-tibble-dobg.se\/index.php?rest_route=\/wp\/v2\/pages\/5158\/revisions"}],"predecessor-version":[{"id":5167,"href":"https:\/\/www.xn--htuna-hbo-tibble-dobg.se\/index.php?rest_route=\/wp\/v2\/pages\/5158\/revisions\/5167"}],"up":[{"embeddable":true,"href":"https:\/\/www.xn--htuna-hbo-tibble-dobg.se\/index.php?rest_route=\/wp\/v2\/pages\/500"}],"wp:attachment":[{"href":"https:\/\/www.xn--htuna-hbo-tibble-dobg.se\/index.php?rest_route=%2Fwp%2Fv2%2Fmedia&parent=5158"}],"curies":[{"name":"wp","href":"https:\/\/api.w.org\/{rel}","templated":true}]}}