{"id":507,"date":"2012-09-07T22:32:04","date_gmt":"2012-09-07T20:32:04","guid":{"rendered":"http:\/\/xn--htuna-hbo-tibble-dobg.se\/?page_id=507"},"modified":"2019-07-30T19:11:43","modified_gmt":"2019-07-30T17:11:43","slug":"kyrkbytorpen","status":"publish","type":"page","link":"https:\/\/www.xn--htuna-hbo-tibble-dobg.se\/?page_id=507","title":{"rendered":"Kyrkbyn"},"content":{"rendered":"<table border=\"0\">\n<tbody>\n<tr>\n<td style=\"text-align: center; background-color: #ffffcc; border: 1px solid #003300;\"><a href=\"https:\/\/www.xn--htuna-hbo-tibble-dobg.se\/wp-content\/uploads\/2012\/09\/tibble-kyrkby.jpg\"><img loading=\"lazy\" decoding=\"async\" class=\"alignnone size-medium wp-image-4502\" title=\"tibble kyrkby\" src=\"https:\/\/www.xn--htuna-hbo-tibble-dobg.se\/wp-content\/uploads\/2012\/09\/tibble-kyrkby-300x181.jpg\" alt=\"\" width=\"300\" height=\"181\" srcset=\"https:\/\/www.xn--htuna-hbo-tibble-dobg.se\/wp-content\/uploads\/2012\/09\/tibble-kyrkby-300x181.jpg 300w, https:\/\/www.xn--htuna-hbo-tibble-dobg.se\/wp-content\/uploads\/2012\/09\/tibble-kyrkby.jpg 612w\" sizes=\"auto, (max-width: 300px) 100vw, 300px\" \/><\/a><span style=\"color: #003300;\"><br \/>\nDelar av Tibble Kyrkby 1708, \u00e4godelningskarta. Lantm\u00e4teriet<\/span>Kyrkbyns mark str\u00e4ckte sig l\u00e5ngt l\u00e4ngre \u00e4n det vi ser idag.Enligt karta Bro H\u00e5bo h\u00e4radsallm. fr\u00e5n 1691 fanns en kvarn i Tibble by, enligt samma karta fanns d\u00e4r fem hemman.<\/td>\n<\/tr>\n<\/tbody>\n<\/table>\n<h1 class=\"entry-title\"><span style=\"font-size: 18pt; color: #003300;\">Kyrkbyn som v\u00e4xte med arkitekt Sven Olof Nyberg<\/span><\/h1>\n<div class=\"entry-content\">\n<p>H\u00e4r kan du l\u00e4sa om H\u00e5bo-Tibbles nya kyrkby, som under Sven Olof Nybergs engagemang och arbete v\u00e4xte fram i tv\u00e5 etapper under 1970-1980- tal. Vid sin sida hade han sin hustru Kerstin och ett stort antal m\u00e4nniskor som st\u00f6d.<\/p>\n<p>L\u00e4s om Nybergs arbete i den egna boken<a href=\"https:\/\/www.xn--htuna-hbo-tibble-dobg.se\/wp-content\/uploads\/2019\/07\/SONboken_15mb.pdf\"> H\u00e5bo-Tibble kyrkby <span style=\"color: #000000;\">och<\/span>&nbsp;<\/a><span style=\"color: #000080;\"><a href=\"http:\/\/xn--htuna-hbo-tibble-dobg.se\/wp-content\/uploads\/2012\/09\/Nyberg-ber\u00e4ttar.pdf\"><span style=\"color: #000080;\">Nyberg ber\u00e4ttar<\/span><\/a><\/span><\/p>\n<\/div>\n<div id=\"attachment_1521\" style=\"width: 310px\" class=\"wp-caption aligncenter\"><a href=\"http:\/\/xn--htuna-hbo-tibble-dobg.se\/wp-content\/uploads\/2012\/09\/kyrkbynflygfoto.jpg\"><img loading=\"lazy\" decoding=\"async\" aria-describedby=\"caption-attachment-1521\" class=\"size-medium wp-image-1521\" title=\"Kyrkbyn\" src=\"http:\/\/xn--htuna-hbo-tibble-dobg.se\/wp-content\/uploads\/2012\/09\/kyrkbynflygfoto-300x200.jpg\" alt=\"\" width=\"300\" height=\"200\" srcset=\"https:\/\/www.xn--htuna-hbo-tibble-dobg.se\/wp-content\/uploads\/2012\/09\/kyrkbynflygfoto-300x200.jpg 300w, https:\/\/www.xn--htuna-hbo-tibble-dobg.se\/wp-content\/uploads\/2012\/09\/kyrkbynflygfoto-200x133.jpg 200w, https:\/\/www.xn--htuna-hbo-tibble-dobg.se\/wp-content\/uploads\/2012\/09\/kyrkbynflygfoto.jpg 586w\" sizes=\"auto, (max-width: 300px) 100vw, 300px\" \/><\/a><p id=\"caption-attachment-1521\" class=\"wp-caption-text\">Stockholms l\u00e4ns museum<\/p><\/div>\n<p title=\"Fattigstugan\"><strong><span style=\"text-decoration: underline; color: #993300;\">Torp innan &#8221; Egna hems r\u00f6relsen&#8221; kom ig\u00e5ng i Kyrkbyn<br \/>\n<\/span><\/strong><span style=\"color: #993300;\">Bergstugan, <span style=\"color: #000080;\"><a title=\"Bl\u00e5senborg\" href=\"https:\/\/www.xn--htuna-hbo-tibble-dobg.se\/?page_id=5299\"><span style=\"color: #000080;\">Bl\u00e5senborg<\/span><\/a><\/span>, Bredatorp, Gullbacka, Gustavsborg,&nbsp; G\u00e4rdet, <span style=\"color: #000080;\"><a title=\"Hagstugan\" href=\"https:\/\/www.xn--htuna-hbo-tibble-dobg.se\/?page_id=5042\"><span style=\"color: #000080;\">Hagstugan, <\/span><\/a><\/span><span style=\"color: #000080;\"><a title=\"Hagaberg\" href=\"https:\/\/www.xn--htuna-hbo-tibble-dobg.se\/?page_id=5037\"><span style=\"color: #000080;\">Hagaberg<\/span><\/a>,<\/span> <span style=\"color: #000080;\"><a title=\"H\u00e4llen\" href=\"https:\/\/www.xn--htuna-hbo-tibble-dobg.se\/?page_id=1951\"><span style=\"color: #000080;\">H\u00e4llen, <\/span><\/a><\/span>Klockarbord,<span style=\"color: #c0c0c0;\"><span style=\"color: #993300;\"> Kyrkby torp-(Stora o Lilla L\u00e5ngvreten) Kyrkvaktarstugan, <\/span><\/span><span style=\"color: #000080;\"><a title=\"K\u00e4msta\/ Str\u00f6mmingsbacken\" href=\"https:\/\/www.xn--htuna-hbo-tibble-dobg.se\/?page_id=1559\"><span style=\"color: #000080;\">K\u00e4msta-Str\u00f6mingsbacken,<\/span><\/a><\/span> <span style=\"color: #000080;\"><a title=\"Mariedal\" href=\"http:\/\/xn--htuna-hbo-tibble-dobg.se\/?page_id=1557\"><span style=\"color: #000080;\">Mariedal<\/span><\/a>,<\/span> <span style=\"color: #000080;\"><a title=\"Pliktstugan\/Kyrkbyn\" href=\"https:\/\/www.xn--htuna-hbo-tibble-dobg.se\/?page_id=5148\"><span style=\"color: #000080;\">Pliktstugan<\/span><\/a>,<\/span> Sjudartorp,<span style=\"color: #000080;\"><a style=\"color: #000080;\" href=\"https:\/\/www.xn--htuna-hbo-tibble-dobg.se\/?page_id=5810\"> Smedsbo, <\/a><\/span><a title=\"Slottet\" href=\"https:\/\/www.xn--htuna-hbo-tibble-dobg.se\/?page_id=5028\"><span style=\"color: #000080;\">Slottet<\/span>,&nbsp;<\/a><a title=\"\u00c5sen\" href=\"http:\/\/xn--htuna-hbo-tibble-dobg.se\/?page_id=1513\"><span style=\"color: #000080;\"> \u00c5sen,<\/span>&nbsp; <\/a>\u00c4ngsbo<\/span><\/p>\n<p><strong>EGNA HEM &#8212;- r\u00f6relsen&nbsp; startade i b\u00f6rjan av 1900-talet.<\/strong> <span style=\"color: #000080;\"><a title=\"Egna hem, avstyckade fr\u00e5n g\u00e5rden Mariedal\" href=\"http:\/\/xn--htuna-hbo-tibble-dobg.se\/?page_id=1504\"><span style=\"color: #000080;\">L\u00c4S MER<\/span><\/a><\/span><br \/>\n<a title=\"Backebo\" href=\"https:\/\/www.xn--htuna-hbo-tibble-dobg.se\/?page_id=4914\"><span style=\"color: #000080;\"><span style=\"color: #000080;\">Backebo<\/span><\/span>, B<\/a>erga,<span style=\"color: #000080;\"><a title=\"Bredatorp\" href=\"https:\/\/www.xn--htuna-hbo-tibble-dobg.se\/?page_id=4923\"><span style=\"color: #000080;\"> Bredatorp,<\/span><\/a><\/span> <a title=\"Durktorp\" href=\"https:\/\/www.xn--htuna-hbo-tibble-dobg.se\/?page_id=4937\"><span style=\"color: #000080;\"><span style=\"color: #000080;\">Durktorp<\/span>,<\/span> <\/a>G\u00e4rdet, H\u00f6gantorp,&nbsp;<a href=\"http:\/\/www.h\u00e5tuna-h\u00e5bo-tibble.se\/?page_id=1538\"><span style=\"color: #000080;\"><span style=\"color: #000080;\">H\u00e4llen<\/span><\/span><\/a><span style=\"color: #000080;\">,<\/span> Kyrkby,&nbsp; Kyrktorp, L\u00e5ngvreten, Mineborg, Norrebo, Parken, Mariedal, Solbacken, <span style=\"color: #000080;\"><a title=\"K\u00e4msta\/ Str\u00f6mmingsbacken\" href=\"https:\/\/www.xn--htuna-hbo-tibble-dobg.se\/?page_id=1559\"><span style=\"color: #000080;\">K\u00e4msta-<\/span><\/a><\/span><span style=\"color: #000080;\">Str\u00f6mmingsbacken,<\/span> <a title=\"Sv\u00e4ngsta\" href=\"https:\/\/www.xn--htuna-hbo-tibble-dobg.se\/?page_id=2173\"><span style=\"color: #000080;\">Sv\u00e4ngsta<\/span>,<\/a> <span style=\"color: #000080;\"><a title=\"V\u00e4g\u00e4ngen\" href=\"https:\/\/www.xn--htuna-hbo-tibble-dobg.se\/?page_id=5385\"><span style=\"color: #000080;\">V\u00e4g\u00e4ngen<\/span><\/a><\/span>,,<span style=\"color: #000080;\"> <a title=\"\u00c4ngsbo\" href=\"https:\/\/www.xn--htuna-hbo-tibble-dobg.se\/?page_id=3444\"><span style=\"color: #000080;\">\u00c4ngsbo,<\/span><\/a><\/span><\/p>\n","protected":false},"excerpt":{"rendered":"<p>Delar av Tibble Kyrkby 1708, \u00e4godelningskarta. Lantm\u00e4terietKyrkbyns mark str\u00e4ckte sig l\u00e5ngt l\u00e4ngre \u00e4n det vi ser idag.Enligt karta Bro H\u00e5bo h\u00e4radsallm. fr\u00e5n 1691 fanns en kvarn i Tibble by, enligt samma karta fanns d\u00e4r fem hemman. Kyrkbyn som v\u00e4xte med &hellip; <a href=\"https:\/\/www.xn--htuna-hbo-tibble-dobg.se\/?page_id=507\">Forts\u00e4tt l\u00e4sa <span class=\"meta-nav\">&rarr;<\/span><\/a><\/p>\n","protected":false},"author":1,"featured_media":0,"parent":0,"menu_order":0,"comment_status":"closed","ping_status":"open","template":"","meta":{"ngg_post_thumbnail":0,"footnotes":""},"class_list":["post-507","page","type-page","status-publish","hentry"],"_links":{"self":[{"href":"https:\/\/www.xn--htuna-hbo-tibble-dobg.se\/index.php?rest_route=\/wp\/v2\/pages\/507","targetHints":{"allow":["GET"]}}],"collection":[{"href":"https:\/\/www.xn--htuna-hbo-tibble-dobg.se\/index.php?rest_route=\/wp\/v2\/pages"}],"about":[{"href":"https:\/\/www.xn--htuna-hbo-tibble-dobg.se\/index.php?rest_route=\/wp\/v2\/types\/page"}],"author":[{"embeddable":true,"href":"https:\/\/www.xn--htuna-hbo-tibble-dobg.se\/index.php?rest_route=\/wp\/v2\/users\/1"}],"replies":[{"embeddable":true,"href":"https:\/\/www.xn--htuna-hbo-tibble-dobg.se\/index.php?rest_route=%2Fwp%2Fv2%2Fcomments&post=507"}],"version-history":[{"count":78,"href":"https:\/\/www.xn--htuna-hbo-tibble-dobg.se\/index.php?rest_route=\/wp\/v2\/pages\/507\/revisions"}],"predecessor-version":[{"id":7885,"href":"https:\/\/www.xn--htuna-hbo-tibble-dobg.se\/index.php?rest_route=\/wp\/v2\/pages\/507\/revisions\/7885"}],"wp:attachment":[{"href":"https:\/\/www.xn--htuna-hbo-tibble-dobg.se\/index.php?rest_route=%2Fwp%2Fv2%2Fmedia&parent=507"}],"curies":[{"name":"wp","href":"https:\/\/api.w.org\/{rel}","templated":true}]}}