{"id":5042,"date":"2013-10-13T21:08:03","date_gmt":"2013-10-13T19:08:03","guid":{"rendered":"http:\/\/www.xn--htuna-hbo-tibble-dobg.se\/?page_id=5042"},"modified":"2013-10-13T21:10:09","modified_gmt":"2013-10-13T19:10:09","slug":"hagstugan","status":"publish","type":"page","link":"https:\/\/www.xn--htuna-hbo-tibble-dobg.se\/?page_id=5042","title":{"rendered":"Hagstugan"},"content":{"rendered":"<p style=\"text-align: justify;\"><span style=\"color: #003300;\"><strong>Hagstugan<\/strong> var en backstuga och n\u00e4mns vid namn 1772 och d\u00e5 bodde d\u00e4r. Gregorius Stake f\u00f6dd 1724 i \u00c5bo stad och hans hustru Malena Jansdotter f\u00f6dd 1739 i S:t Olofs socken. De blev kvar i Hagstugan i \u00f6ver tjugo \u00e5r. Hustrun Malena dog 1798 och Gregorius flyttade 1799 till fattigstugan.<\/span><\/p>\n<h5>En <b>backstuga<\/b> \u00e4r en liten, enkel stuga bel\u00e4gen p\u00e5 annans mark, bebodd av person(er) som inte huvudsakligen sysslade med jordbruk. Ofta l\u00e5g dessa stugor p\u00e5 allm\u00e4nningar (j\u00e4mf\u00f6r med torp). Begreppet \u00e4r k\u00e4nt sedan b\u00f6rjan av 1600-talet, och ska inte ses alltf\u00f6r bokstavligt.Utformningen av en backstuga kan variera, allt fr\u00e5n mycket enkla konstruktioner delvis ingr\u00e4vda i en sluttning, <b>jordkula<\/b>, till mer normalt byggda mindre hus. Backstugor beboddes ofta av gamla och\/eller fattiga m\u00e4nniskor. M\u00e5nga tj\u00e4nstgjorde som &#8221;pension\u00e4rsbostad&#8221; f\u00f6r gamla f\u00f6r\u00e4ldrar, pensionerade trotj\u00e4nare eller socknens fattighjon. Dessa personer kallades backstugusittare (backstusittare). K\u00e4lla: Husf\u00f6rh\u00f6rsl\u00e4ngd och Wikipedia<\/h5>\n","protected":false},"excerpt":{"rendered":"<p>Hagstugan var en backstuga och n\u00e4mns vid namn 1772 och d\u00e5 bodde d\u00e4r. Gregorius Stake f\u00f6dd 1724 i \u00c5bo stad och hans hustru Malena Jansdotter f\u00f6dd 1739 i S:t Olofs socken. De blev kvar i Hagstugan i \u00f6ver tjugo \u00e5r. &hellip; <a href=\"https:\/\/www.xn--htuna-hbo-tibble-dobg.se\/?page_id=5042\">Forts\u00e4tt l\u00e4sa <span class=\"meta-nav\">&rarr;<\/span><\/a><\/p>\n","protected":false},"author":1,"featured_media":0,"parent":0,"menu_order":0,"comment_status":"closed","ping_status":"open","template":"","meta":{"ngg_post_thumbnail":0,"footnotes":""},"class_list":["post-5042","page","type-page","status-publish","hentry"],"_links":{"self":[{"href":"https:\/\/www.xn--htuna-hbo-tibble-dobg.se\/index.php?rest_route=\/wp\/v2\/pages\/5042","targetHints":{"allow":["GET"]}}],"collection":[{"href":"https:\/\/www.xn--htuna-hbo-tibble-dobg.se\/index.php?rest_route=\/wp\/v2\/pages"}],"about":[{"href":"https:\/\/www.xn--htuna-hbo-tibble-dobg.se\/index.php?rest_route=\/wp\/v2\/types\/page"}],"author":[{"embeddable":true,"href":"https:\/\/www.xn--htuna-hbo-tibble-dobg.se\/index.php?rest_route=\/wp\/v2\/users\/1"}],"replies":[{"embeddable":true,"href":"https:\/\/www.xn--htuna-hbo-tibble-dobg.se\/index.php?rest_route=%2Fwp%2Fv2%2Fcomments&post=5042"}],"version-history":[{"count":1,"href":"https:\/\/www.xn--htuna-hbo-tibble-dobg.se\/index.php?rest_route=\/wp\/v2\/pages\/5042\/revisions"}],"predecessor-version":[{"id":5043,"href":"https:\/\/www.xn--htuna-hbo-tibble-dobg.se\/index.php?rest_route=\/wp\/v2\/pages\/5042\/revisions\/5043"}],"wp:attachment":[{"href":"https:\/\/www.xn--htuna-hbo-tibble-dobg.se\/index.php?rest_route=%2Fwp%2Fv2%2Fmedia&parent=5042"}],"curies":[{"name":"wp","href":"https:\/\/api.w.org\/{rel}","templated":true}]}}