{"id":493,"date":"2012-09-08T21:38:23","date_gmt":"2012-09-08T19:38:23","guid":{"rendered":"http:\/\/xn--htuna-hbo-tibble-dobg.se\/?page_id=493"},"modified":"2026-02-24T16:25:22","modified_gmt":"2026-02-24T15:25:22","slug":"jadra-gard-f-d-komministerbostalle","status":"publish","type":"page","link":"https:\/\/www.xn--htuna-hbo-tibble-dobg.se\/?page_id=493","title":{"rendered":"J\u00e4dra"},"content":{"rendered":"<p style=\"text-align: center;\"><a href=\"http:\/\/xn--htuna-hbo-tibble-dobg.se\/wp-content\/uploads\/2012\/09\/J\u00e4dra-byv\u00e4g.jpg\"><img loading=\"lazy\" decoding=\"async\" class=\"aligncenter size-thumbnail wp-image-1900\" title=\"J\u00e4dra byv\u00e4g\" src=\"http:\/\/xn--htuna-hbo-tibble-dobg.se\/wp-content\/uploads\/2012\/09\/J\u00e4dra-byv\u00e4g-150x150.jpg\" alt=\"\" width=\"150\" height=\"150\"><\/a>Tolkningen av denna text, skulle nog inte pr\u00e4sterna p\u00e5 g\u00e5rden ha tyckt om.<\/p>\n<table border=\"0\">\n<tbody>\n<tr>\n<td style=\"text-align: center; background-color: #6c0c03;\"><a href=\"http:\/\/xn--htuna-hbo-tibble-dobg.se\/wp-content\/uploads\/2012\/09\/DSC00241-2.jpg\"><img loading=\"lazy\" decoding=\"async\" class=\"aligncenter size-full wp-image-494\" title=\"J\u00c4DRA i H\u00e5bo-Tibble. f.d komministerbost\u00e4lle\" src=\"http:\/\/xn--htuna-hbo-tibble-dobg.se\/wp-content\/uploads\/2012\/09\/DSC00241-2.jpg\" alt=\"\" width=\"600\" height=\"399\" srcset=\"https:\/\/www.xn--htuna-hbo-tibble-dobg.se\/wp-content\/uploads\/2012\/09\/DSC00241-2.jpg 600w, https:\/\/www.xn--htuna-hbo-tibble-dobg.se\/wp-content\/uploads\/2012\/09\/DSC00241-2-300x199.jpg 300w, https:\/\/www.xn--htuna-hbo-tibble-dobg.se\/wp-content\/uploads\/2012\/09\/DSC00241-2-200x133.jpg 200w\" sizes=\"auto, (max-width: 600px) 100vw, 600px\" \/><\/a><span style=\"color: #ffffff;\">Fotot taget fr\u00e5n Alby av Nils-Erik L\u00f6fstedt<\/span><\/td>\n<td>&nbsp;<\/td>\n<\/tr>\n<\/tbody>\n<\/table>\n<table style=\"width: 638px;\" border=\"1\" cellspacing=\"0\" cellpadding=\"0\">\n<tbody>\n<tr>\n<td style=\"background-color: #d3d3d3;\">\n<ul>\n<li><span style=\"color: #000080;\"><a title=\"J\u00e4dra G\u00e5rd\" href=\"https:\/\/www.xn--htuna-hbo-tibble-dobg.se\/?page_id=5444\"><span style=\"color: #000080;\">J\u00e4dra G\u00e5rd f.d komministerbost\u00e4lle<\/span><\/a><\/span><\/li>\n<li><span style=\"color: #000080;\"><a href=\"http:\/\/xn--htuna-hbo-tibble-dobg.se\/wp-content\/uploads\/2012\/09\/Fredh\u00e4ll3doc.pdf\"><span style=\"color: #000080;\">Fredh\u00e4ll<\/span><\/a><\/span><\/li>\n<\/ul>\n<ul>\n<li><span style=\"color: #000080;\"><a title=\"H\u00f6jden\" href=\"https:\/\/www.xn--htuna-hbo-tibble-dobg.se\/?page_id=4325\"><span style=\"color: #000080;\">H\u00f6jden<\/span><\/a><\/span><\/li>\n<li><a title=\"N\u00e4shagen\" href=\"https:\/\/www.xn--htuna-hbo-tibble-dobg.se\/?page_id=4888\"><span style=\"color: #000080;\">N\u00e4shagen stora och lilla<\/span><br \/>\n<\/a><\/li>\n<li><span style=\"color: #000080;\"><a title=\"J\u00e4dersborg\" href=\"https:\/\/www.xn--htuna-hbo-tibble-dobg.se\/?page_id=5232\"><span style=\"color: #000080;\">J\u00e4dersborg<\/span><\/a><\/span><\/li>\n<\/ul>\n<ul>\n<li><span style=\"color: #000080;\"><a title=\"Lilla J\u00e4dra\/Kyrkbyn 5:1\" href=\"https:\/\/www.xn--htuna-hbo-tibble-dobg.se\/?page_id=5235\"><span style=\"color: #000080;\">Lilla J\u00e4dra (Kyrkbyn 5)<\/span><\/a><\/span><\/li>\n<\/ul>\n<ul>\n<li><span style=\"color: #000080;\"><a title=\"Gr\u00f6nlund\" href=\"https:\/\/www.xn--htuna-hbo-tibble-dobg.se\/?page_id=4899\"><span style=\"color: #000080;\">Gr\u00f6nlund<\/span><\/a><\/span><\/li>\n<\/ul>\n<ul>\n<li><span style=\"color: #000080;\"><a title=\"N\u00e4shagen\" href=\"https:\/\/www.xn--htuna-hbo-tibble-dobg.se\/?page_id=4888\"><span style=\"color: #000080;\">Hukan<\/span><\/a><\/span><\/li>\n<\/ul>\n<ul>\n<li>Bl\u00e5senborg<\/li>\n<\/ul>\n<ul>\n<li><span style=\"color: #000080;\"><a title=\"N\u00e4shagen\" href=\"https:\/\/www.xn--htuna-hbo-tibble-dobg.se\/?page_id=4888\"><span style=\"color: #000080;\">Simon Finnes torp<\/span><\/a><\/span><\/li>\n<\/ul>\n<\/td>\n<td style=\"background-color: #d3d3d3;\">&nbsp;<\/td>\n<td style=\"background-color: #d3d3d3;\">&nbsp;<\/td>\n<td style=\"background-color: #d3d3d3;\">&nbsp;<\/td>\n<td style=\"background-color: #d3d3d3;\"><span style=\"color: #000080;\"><a title=\"Gr\u00f6nlund\" href=\"https:\/\/www.xn--htuna-hbo-tibble-dobg.se\/?page_id=4899\"><span style=\"color: #000080;\">&nbsp;<\/span><\/a><\/span><\/td>\n<\/tr>\n<\/tbody>\n<\/table>\n<table border=\"1\" cellspacing=\"0\" cellpadding=\"0\">\n<tbody>\n<tr>\n<td style=\"background-color: #d3d3d3; width: 122px;\" valign=\"top\">\n<h5><span style=\"color: #000080;\"><a title=\"J\u00e4dra soldater\" href=\"https:\/\/www.xn--htuna-hbo-tibble-dobg.se\/?page_id=5343\"><span style=\"color: #000080;\">Soldater nr 65 <\/span><\/a><\/span><span style=\"color: #000080;\"><a title=\"J\u00e4dra soldater\" href=\"https:\/\/www.xn--htuna-hbo-tibble-dobg.se\/?page_id=5343\"><span style=\"color: #000080;\">J\u00e4dra<\/span><\/a><\/span><\/h5>\n<\/td>\n<td style=\"background-color: #d3d3d3;\">&nbsp;<\/td>\n<td style=\"background-color: #d3d3d3;\">&nbsp;<\/td>\n<td style=\"background-color: #d3d3d3; text-align: left;\"><span style=\"color: #000080;\"><a href=\"http:\/\/xn--htuna-hbo-tibble-dobg.se\/wp-content\/uploads\/2012\/09\/Str\u00f6mmer.pdf\"><span style=\"color: #000080;\">Soldatber\u00e4ttelser<\/span><\/a><\/span><\/td>\n<td style=\"background-color: #d3d3d3;\">&nbsp;<\/td>\n<\/tr>\n<\/tbody>\n<\/table>\n<p>&nbsp;<\/p>\n","protected":false},"excerpt":{"rendered":"<p>Tolkningen av denna text, skulle nog inte pr\u00e4sterna p\u00e5 g\u00e5rden ha tyckt om. Fotot taget fr\u00e5n Alby av Nils-Erik L\u00f6fstedt &nbsp; J\u00e4dra G\u00e5rd f.d komministerbost\u00e4lle Fredh\u00e4ll H\u00f6jden N\u00e4shagen stora och lilla J\u00e4dersborg Lilla J\u00e4dra (Kyrkbyn 5) Gr\u00f6nlund Hukan Bl\u00e5senborg Simon &hellip; <a href=\"https:\/\/www.xn--htuna-hbo-tibble-dobg.se\/?page_id=493\">Forts\u00e4tt l\u00e4sa <span class=\"meta-nav\">&rarr;<\/span><\/a><\/p>\n","protected":false},"author":1,"featured_media":0,"parent":0,"menu_order":0,"comment_status":"closed","ping_status":"open","template":"","meta":{"ngg_post_thumbnail":0,"footnotes":""},"class_list":["post-493","page","type-page","status-publish","hentry"],"_links":{"self":[{"href":"https:\/\/www.xn--htuna-hbo-tibble-dobg.se\/index.php?rest_route=\/wp\/v2\/pages\/493","targetHints":{"allow":["GET"]}}],"collection":[{"href":"https:\/\/www.xn--htuna-hbo-tibble-dobg.se\/index.php?rest_route=\/wp\/v2\/pages"}],"about":[{"href":"https:\/\/www.xn--htuna-hbo-tibble-dobg.se\/index.php?rest_route=\/wp\/v2\/types\/page"}],"author":[{"embeddable":true,"href":"https:\/\/www.xn--htuna-hbo-tibble-dobg.se\/index.php?rest_route=\/wp\/v2\/users\/1"}],"replies":[{"embeddable":true,"href":"https:\/\/www.xn--htuna-hbo-tibble-dobg.se\/index.php?rest_route=%2Fwp%2Fv2%2Fcomments&post=493"}],"version-history":[{"count":48,"href":"https:\/\/www.xn--htuna-hbo-tibble-dobg.se\/index.php?rest_route=\/wp\/v2\/pages\/493\/revisions"}],"predecessor-version":[{"id":8282,"href":"https:\/\/www.xn--htuna-hbo-tibble-dobg.se\/index.php?rest_route=\/wp\/v2\/pages\/493\/revisions\/8282"}],"wp:attachment":[{"href":"https:\/\/www.xn--htuna-hbo-tibble-dobg.se\/index.php?rest_route=%2Fwp%2Fv2%2Fmedia&parent=493"}],"curies":[{"name":"wp","href":"https:\/\/api.w.org\/{rel}","templated":true}]}}