{"id":4888,"date":"2013-10-01T15:22:37","date_gmt":"2013-10-01T13:22:37","guid":{"rendered":"http:\/\/www.xn--htuna-hbo-tibble-dobg.se\/?page_id=4888"},"modified":"2018-08-08T18:28:40","modified_gmt":"2018-08-08T16:28:40","slug":"nashagen","status":"publish","type":"page","link":"https:\/\/www.xn--htuna-hbo-tibble-dobg.se\/?page_id=4888","title":{"rendered":"N\u00e4shagen"},"content":{"rendered":"<p><a href=\"https:\/\/www.xn--htuna-hbo-tibble-dobg.se\/wp-content\/uploads\/2013\/10\/Historik-N\u00e4shagen-sportstugef\u00f6rening.pdf\"><span style=\"color: #000080;\">Historik N\u00e4shagen<\/span><\/a><\/p>\n<p>Stora och Lilla N\u00e4shagen var tidigare torp under J\u00e4dra pr\u00e4stg\u00e5rd.<\/p>\n<p>L\u00e5ngt tillbaka i tiden fanns ett torp vid N\u00e4shagen som hette <span style=\"color: #888888;\"><strong><span style=\"color: #003300;\">Simon Finnes torp<\/span><\/strong>. <\/span>Torpet omn\u00e4mns redan&nbsp; 1685 p\u00e5 en geometrisk karta \u00f6ver omr\u00e5det och finns kvar p\u00e5 en karta fr\u00e5n 1757. Det l\u00e5g n\u00e4ra L\u00f6vstasj\u00f6n, som Lejondalssj\u00f6n hette d\u00e5. Enligt karta Bro H\u00e5bo h\u00e4radsallm\u00e4nning 1691 l\u00e5g torpet i J\u00e4dra skog<\/p>\n<p><a href=\"https:\/\/www.xn--htuna-hbo-tibble-dobg.se\/wp-content\/uploads\/2013\/10\/simon-finnes-torp.jpg\"><img loading=\"lazy\" decoding=\"async\" class=\"aligncenter size-medium wp-image-4893\" src=\"https:\/\/www.xn--htuna-hbo-tibble-dobg.se\/wp-content\/uploads\/2013\/10\/simon-finnes-torp-300x180.jpg\" alt=\"Simon Finnes torp\" width=\"300\" height=\"180\" srcset=\"https:\/\/www.xn--htuna-hbo-tibble-dobg.se\/wp-content\/uploads\/2013\/10\/simon-finnes-torp-300x180.jpg 300w, https:\/\/www.xn--htuna-hbo-tibble-dobg.se\/wp-content\/uploads\/2013\/10\/simon-finnes-torp.jpg 323w\" sizes=\"auto, (max-width: 300px) 100vw, 300px\" \/><\/a>1803 n\u00e4mns ett torp som hette <strong><span style=\"color: #003300;\">Hukan<\/span><\/strong> och d\u00e4r bor vid den aktuella tidpunkten en man utan attest. Troligtvis var det en backstuga.<\/p>\n<p>&nbsp;<\/p>\n","protected":false},"excerpt":{"rendered":"<p>Historik N\u00e4shagen Stora och Lilla N\u00e4shagen var tidigare torp under J\u00e4dra pr\u00e4stg\u00e5rd. L\u00e5ngt tillbaka i tiden fanns ett torp vid N\u00e4shagen som hette Simon Finnes torp. Torpet omn\u00e4mns redan&nbsp; 1685 p\u00e5 en geometrisk karta \u00f6ver omr\u00e5det och finns kvar p\u00e5 &hellip; <a href=\"https:\/\/www.xn--htuna-hbo-tibble-dobg.se\/?page_id=4888\">Forts\u00e4tt l\u00e4sa <span class=\"meta-nav\">&rarr;<\/span><\/a><\/p>\n","protected":false},"author":1,"featured_media":0,"parent":0,"menu_order":0,"comment_status":"closed","ping_status":"open","template":"","meta":{"ngg_post_thumbnail":0,"footnotes":""},"class_list":["post-4888","page","type-page","status-publish","hentry"],"_links":{"self":[{"href":"https:\/\/www.xn--htuna-hbo-tibble-dobg.se\/index.php?rest_route=\/wp\/v2\/pages\/4888","targetHints":{"allow":["GET"]}}],"collection":[{"href":"https:\/\/www.xn--htuna-hbo-tibble-dobg.se\/index.php?rest_route=\/wp\/v2\/pages"}],"about":[{"href":"https:\/\/www.xn--htuna-hbo-tibble-dobg.se\/index.php?rest_route=\/wp\/v2\/types\/page"}],"author":[{"embeddable":true,"href":"https:\/\/www.xn--htuna-hbo-tibble-dobg.se\/index.php?rest_route=\/wp\/v2\/users\/1"}],"replies":[{"embeddable":true,"href":"https:\/\/www.xn--htuna-hbo-tibble-dobg.se\/index.php?rest_route=%2Fwp%2Fv2%2Fcomments&post=4888"}],"version-history":[{"count":9,"href":"https:\/\/www.xn--htuna-hbo-tibble-dobg.se\/index.php?rest_route=\/wp\/v2\/pages\/4888\/revisions"}],"predecessor-version":[{"id":7820,"href":"https:\/\/www.xn--htuna-hbo-tibble-dobg.se\/index.php?rest_route=\/wp\/v2\/pages\/4888\/revisions\/7820"}],"wp:attachment":[{"href":"https:\/\/www.xn--htuna-hbo-tibble-dobg.se\/index.php?rest_route=%2Fwp%2Fv2%2Fmedia&parent=4888"}],"curies":[{"name":"wp","href":"https:\/\/api.w.org\/{rel}","templated":true}]}}