{"id":4520,"date":"2013-05-13T20:27:47","date_gmt":"2013-05-13T18:27:47","guid":{"rendered":"http:\/\/www.xn--htuna-hbo-tibble-dobg.se\/?page_id=4520"},"modified":"2013-10-24T18:47:10","modified_gmt":"2013-10-24T16:47:10","slug":"aske-tegelbruk","status":"publish","type":"page","link":"https:\/\/www.xn--htuna-hbo-tibble-dobg.se\/?page_id=4520","title":{"rendered":"Aske tegelbruk"},"content":{"rendered":"<p>&nbsp;<\/p>\n<table style=\"width: 640px; height: 740px;\" border=\"0\">\n<tbody>\n<tr>\n<td style=\"text-align: center; background-color: #f0e68c;\"><a href=\"https:\/\/www.xn--htuna-hbo-tibble-dobg.se\/wp-content\/uploads\/2013\/05\/karta.jpg\"><img loading=\"lazy\" decoding=\"async\" class=\"alignnone size-medium wp-image-4522\" title=\"karta\" alt=\"\" src=\"https:\/\/www.xn--htuna-hbo-tibble-dobg.se\/wp-content\/uploads\/2013\/05\/karta-300x168.jpg\" width=\"300\" height=\"168\" srcset=\"https:\/\/www.xn--htuna-hbo-tibble-dobg.se\/wp-content\/uploads\/2013\/05\/karta-300x168.jpg 300w, https:\/\/www.xn--htuna-hbo-tibble-dobg.se\/wp-content\/uploads\/2013\/05\/karta.jpg 660w\" sizes=\"auto, (max-width: 300px) 100vw, 300px\" \/><\/a><span style=\"color: #800000;\"><br \/>\n<\/span><span style=\"color: #800000;\">H\u00e4radsekonomiska kartan 1863. Lantm\u00e4teriet<\/span><\/td>\n<\/tr>\n<tr>\n<td>\n<p style=\"text-align: justify;\"><span style=\"color: #003300;\">Gustaf Sehman anlade tegelbruket f\u00f6r att i f\u00f6rsta hand kunna anv\u00e4nda eget tegel till sitt stora byggprojekt ASKE G\u00c5RD, som stod f\u00e4rdig 1809. Bruket beh\u00f6vdes \u00e4ven till nya byggnader p\u00e5 bland annat Askes utg\u00e5rdar, tex Skr\u00e5msta ladug\u00e5rd. Det var inte alltid l\u00e4tt att driva ett tegelbruk. Sehman klagar ofta i en brevv\u00e4xling\u00a0 med sin sv\u00e5ger Per Adolf Tamm p\u00e5 \u00d6sterbybruk att det var sv\u00e5rt att f\u00e5 tag i &#8221;dugligt tegelfolk&#8221; var de inte fulla, s\u00e5 var de sjuka eller hade slutat. Tegelbruket l\u00e4r ha upph\u00f6rt n\u00e5gon g\u00e5ng p\u00e5 1910-talet. Det fanns d\u00e5 bost\u00e4der alldeles intill, som kort och gott kallades <\/span><span style=\"color: #003300;\">BRUKET<\/span><\/p>\n<\/td>\n<\/tr>\n<tr>\n<td style=\"background-color: #f0e68c;\">\n<p><div id=\"attachment_4521\" style=\"width: 310px\" class=\"wp-caption aligncenter\"><a href=\"https:\/\/www.xn--htuna-hbo-tibble-dobg.se\/wp-content\/uploads\/2013\/05\/tegelbrukjpg.jpg\"><img loading=\"lazy\" decoding=\"async\" aria-describedby=\"caption-attachment-4521\" class=\"wp-image-4521 \" title=\"tegelbrukjpg\" alt=\"\" src=\"https:\/\/www.xn--htuna-hbo-tibble-dobg.se\/wp-content\/uploads\/2013\/05\/tegelbrukjpg-300x224.jpg\" width=\"300\" height=\"224\" srcset=\"https:\/\/www.xn--htuna-hbo-tibble-dobg.se\/wp-content\/uploads\/2013\/05\/tegelbrukjpg-300x224.jpg 300w, https:\/\/www.xn--htuna-hbo-tibble-dobg.se\/wp-content\/uploads\/2013\/05\/tegelbrukjpg.jpg 667w\" sizes=\"auto, (max-width: 300px) 100vw, 300px\" \/><\/a><p id=\"caption-attachment-4521\" class=\"wp-caption-text\">Rester av bruket d\u00e4r ugnarna fanns<\/p><\/div><\/td>\n<\/tr>\n<\/tbody>\n<\/table>\n<p style=\"text-align: center;\"><span style=\"color: #800000;\">\u00a0<\/span><\/p>\n<p>&nbsp;<\/p>\n","protected":false},"excerpt":{"rendered":"<p>&nbsp; H\u00e4radsekonomiska kartan 1863. Lantm\u00e4teriet Gustaf Sehman anlade tegelbruket f\u00f6r att i f\u00f6rsta hand kunna anv\u00e4nda eget tegel till sitt stora byggprojekt ASKE G\u00c5RD, som stod f\u00e4rdig 1809. Bruket beh\u00f6vdes \u00e4ven till nya byggnader p\u00e5 bland annat Askes utg\u00e5rdar, tex &hellip; <a href=\"https:\/\/www.xn--htuna-hbo-tibble-dobg.se\/?page_id=4520\">Forts\u00e4tt l\u00e4sa <span class=\"meta-nav\">&rarr;<\/span><\/a><\/p>\n","protected":false},"author":1,"featured_media":0,"parent":0,"menu_order":0,"comment_status":"closed","ping_status":"open","template":"","meta":{"ngg_post_thumbnail":0,"footnotes":""},"class_list":["post-4520","page","type-page","status-publish","hentry"],"_links":{"self":[{"href":"https:\/\/www.xn--htuna-hbo-tibble-dobg.se\/index.php?rest_route=\/wp\/v2\/pages\/4520","targetHints":{"allow":["GET"]}}],"collection":[{"href":"https:\/\/www.xn--htuna-hbo-tibble-dobg.se\/index.php?rest_route=\/wp\/v2\/pages"}],"about":[{"href":"https:\/\/www.xn--htuna-hbo-tibble-dobg.se\/index.php?rest_route=\/wp\/v2\/types\/page"}],"author":[{"embeddable":true,"href":"https:\/\/www.xn--htuna-hbo-tibble-dobg.se\/index.php?rest_route=\/wp\/v2\/users\/1"}],"replies":[{"embeddable":true,"href":"https:\/\/www.xn--htuna-hbo-tibble-dobg.se\/index.php?rest_route=%2Fwp%2Fv2%2Fcomments&post=4520"}],"version-history":[{"count":9,"href":"https:\/\/www.xn--htuna-hbo-tibble-dobg.se\/index.php?rest_route=\/wp\/v2\/pages\/4520\/revisions"}],"predecessor-version":[{"id":5360,"href":"https:\/\/www.xn--htuna-hbo-tibble-dobg.se\/index.php?rest_route=\/wp\/v2\/pages\/4520\/revisions\/5360"}],"wp:attachment":[{"href":"https:\/\/www.xn--htuna-hbo-tibble-dobg.se\/index.php?rest_route=%2Fwp%2Fv2%2Fmedia&parent=4520"}],"curies":[{"name":"wp","href":"https:\/\/api.w.org\/{rel}","templated":true}]}}