{"id":4152,"date":"2013-02-20T20:24:52","date_gmt":"2013-02-20T19:24:52","guid":{"rendered":"http:\/\/www.xn--htuna-hbo-tibble-dobg.se\/?page_id=4152"},"modified":"2016-12-26T16:02:25","modified_gmt":"2016-12-26T15:02:25","slug":"intervjuer","status":"publish","type":"page","link":"https:\/\/www.xn--htuna-hbo-tibble-dobg.se\/?page_id=4152","title":{"rendered":"Intervjuer"},"content":{"rendered":"<table border=\"0\">\n<tbody>\n<tr>\n<td style=\"background-color: #ffdead; border-style: solid;\">\n<h5 style=\"text-align: left;\"><span style=\"color: #003300;\">H\u00e4r presenteras intressanta intervjuer\/skrifter fr\u00e5n folk som bor\/bott i trakten eller p\u00e5 n\u00e5got s\u00e4tt har anknytning till H\u00e5tuna och H\u00e5bo-Tibble.<\/span><\/h5>\n<p>&nbsp;<\/p>\n<h5 style=\"text-align: center;\"><a href=\"https:\/\/www.xn--htuna-hbo-tibble-dobg.se\/wp-content\/uploads\/2013\/02\/hpim5067.jpg\"><img loading=\"lazy\" decoding=\"async\" class=\"aligncenter size-thumbnail wp-image-4167\" title=\"hpim5067\" src=\"https:\/\/www.xn--htuna-hbo-tibble-dobg.se\/wp-content\/uploads\/2013\/02\/hpim5067-150x150.jpg\" alt=\"\" width=\"150\" height=\"150\" \/><\/a><\/h5>\n<p>&nbsp;<\/p>\n<ul>\n<li><span style=\"color: #000080;\"><a href=\"https:\/\/www.xn--htuna-hbo-tibble-dobg.se\/wp-content\/uploads\/2013\/02\/Lundwall_gammal-gubbe2.pdf\"><span style=\"color: #000080;\">Jag \u00e4r ju bara en gammal gubbe. Artur Lundwall <\/span><\/a><\/span><\/li>\n<li><a href=\"https:\/\/www.xn--htuna-hbo-tibble-dobg.se\/wp-content\/uploads\/2013\/02\/aktuell-intervju.till\u00e4gg.pdf\"><span style=\"color: #000080;\">Svea Gustafsson. H\u00e4llen H\u00e5bo-Tibble<\/span><\/a><\/li>\n<li><a href=\"https:\/\/www.xn--htuna-hbo-tibble-dobg.se\/wp-content\/uploads\/2013\/02\/aktuell-intervju.till\u00e4gg.pdf\"><span style=\"color: #000080;\">Staffan Tesch. Kvarnnibble. H\u00e5tuna\u00a0\u00a0 <\/span><\/a><\/li>\n<li><span style=\"color: #000080;\"><a href=\"https:\/\/www.xn--htuna-hbo-tibble-dobg.se\/wp-content\/uploads\/2013\/02\/HALLBERG.pdf\"><span style=\"color: #000080;\">Maj Hallberg p\u00e5 Udden i H\u00e5tuna<\/span><\/a><\/span><\/li>\n<li><span style=\"color: #000080;\"><a href=\"https:\/\/www.xn--htuna-hbo-tibble-dobg.se\/wp-content\/uploads\/2012\/09\/Krepplarn.pdf\"><span style=\"color: #000080;\">Krepplarn<\/span><\/a><\/span><span style=\"color: #000080;\"> Signhildsberg<\/span><\/li>\n<li><a href=\"https:\/\/www.xn--htuna-hbo-tibble-dobg.se\/wp-content\/uploads\/2013\/02\/Klockar-Oskar.pdf\"> <span style=\"color: #000080;\">Klockar Oskar. Negelstena<\/span><\/a><\/li>\n<\/ul>\n<h5 style=\"text-align: center;\"><span style=\"color: #000080;\"><a href=\"https:\/\/www.xn--htuna-hbo-tibble-dobg.se\/wp-content\/uploads\/2013\/02\/HALLBERG.pdf\"><span style=\"color: #000080;\"><br \/>\n<\/span><\/a><\/span><\/h5>\n<p>&nbsp;<\/p>\n<p>&nbsp;<\/p>\n<p>&nbsp;<\/p>\n<p>&nbsp;<\/p>\n<p>&nbsp;<\/p>\n<p>&nbsp;<\/p>\n<p>&nbsp;<\/td>\n<\/tr>\n<tr>\n<td><\/td>\n<\/tr>\n<\/tbody>\n<\/table>\n<p>&nbsp;<\/p>\n","protected":false},"excerpt":{"rendered":"<p>H\u00e4r presenteras intressanta intervjuer\/skrifter fr\u00e5n folk som bor\/bott i trakten eller p\u00e5 n\u00e5got s\u00e4tt har anknytning till H\u00e5tuna och H\u00e5bo-Tibble. &nbsp; &nbsp; Jag \u00e4r ju bara en gammal gubbe. Artur Lundwall Svea Gustafsson. H\u00e4llen H\u00e5bo-Tibble Staffan Tesch. Kvarnnibble. H\u00e5tuna\u00a0\u00a0 Maj &hellip; <a href=\"https:\/\/www.xn--htuna-hbo-tibble-dobg.se\/?page_id=4152\">Forts\u00e4tt l\u00e4sa <span class=\"meta-nav\">&rarr;<\/span><\/a><\/p>\n","protected":false},"author":1,"featured_media":0,"parent":0,"menu_order":0,"comment_status":"closed","ping_status":"open","template":"","meta":{"ngg_post_thumbnail":0,"footnotes":""},"class_list":["post-4152","page","type-page","status-publish","hentry"],"_links":{"self":[{"href":"https:\/\/www.xn--htuna-hbo-tibble-dobg.se\/index.php?rest_route=\/wp\/v2\/pages\/4152","targetHints":{"allow":["GET"]}}],"collection":[{"href":"https:\/\/www.xn--htuna-hbo-tibble-dobg.se\/index.php?rest_route=\/wp\/v2\/pages"}],"about":[{"href":"https:\/\/www.xn--htuna-hbo-tibble-dobg.se\/index.php?rest_route=\/wp\/v2\/types\/page"}],"author":[{"embeddable":true,"href":"https:\/\/www.xn--htuna-hbo-tibble-dobg.se\/index.php?rest_route=\/wp\/v2\/users\/1"}],"replies":[{"embeddable":true,"href":"https:\/\/www.xn--htuna-hbo-tibble-dobg.se\/index.php?rest_route=%2Fwp%2Fv2%2Fcomments&post=4152"}],"version-history":[{"count":21,"href":"https:\/\/www.xn--htuna-hbo-tibble-dobg.se\/index.php?rest_route=\/wp\/v2\/pages\/4152\/revisions"}],"predecessor-version":[{"id":6409,"href":"https:\/\/www.xn--htuna-hbo-tibble-dobg.se\/index.php?rest_route=\/wp\/v2\/pages\/4152\/revisions\/6409"}],"wp:attachment":[{"href":"https:\/\/www.xn--htuna-hbo-tibble-dobg.se\/index.php?rest_route=%2Fwp%2Fv2%2Fmedia&parent=4152"}],"curies":[{"name":"wp","href":"https:\/\/api.w.org\/{rel}","templated":true}]}}