{"id":3957,"date":"2013-02-21T13:15:22","date_gmt":"2013-02-21T12:15:22","guid":{"rendered":"http:\/\/www.xn--htuna-hbo-tibble-dobg.se\/?page_id=3957"},"modified":"2015-07-08T18:50:58","modified_gmt":"2015-07-08T16:50:58","slug":"tjusta-by","status":"publish","type":"page","link":"https:\/\/www.xn--htuna-hbo-tibble-dobg.se\/?page_id=3957","title":{"rendered":"Tjusta by"},"content":{"rendered":"<table border=\"0\">\n<tbody>\n<tr>\n<td style=\"background-color: #f0e68c;\">\n<h5><\/h5>\n<h5 style=\"text-align: center;\"><a href=\"https:\/\/www.xn--htuna-hbo-tibble-dobg.se\/wp-content\/uploads\/2013\/02\/Tjusta-byJPG.jpg\"><img loading=\"lazy\" decoding=\"async\" class=\"aligncenter size-medium wp-image-4178\" title=\"Tjusta byJPG\" src=\"https:\/\/www.xn--htuna-hbo-tibble-dobg.se\/wp-content\/uploads\/2013\/02\/Tjusta-byJPG-300x290.jpg\" alt=\"\" width=\"300\" height=\"290\" srcset=\"https:\/\/www.xn--htuna-hbo-tibble-dobg.se\/wp-content\/uploads\/2013\/02\/Tjusta-byJPG-300x290.jpg 300w, https:\/\/www.xn--htuna-hbo-tibble-dobg.se\/wp-content\/uploads\/2013\/02\/Tjusta-byJPG.jpg 432w\" sizes=\"auto, (max-width: 300px) 100vw, 300px\" \/><\/a>H\u00e4radsekonomiska kartan 1863<\/h5>\n<h5><strong><span style=\"color: #003300;\">Tjusta by<\/span><\/strong> l\u00e5g tidigare under Aske, f\u00f6rutom den uppv\u00e4xande\u00a0<span style=\"color: #000080;\"><a title=\"Tjusta skolor\" href=\"https:\/\/www.xn--htuna-hbo-tibble-dobg.se\/?page_id=1235\"><span style=\"color: #000080;\"> skolbyn<\/span><\/a><\/span> fanns \u00e4ven n\u00e5gra torp, som tidigare varit arrende eller soldattorp till Aske. I Tjusta by l\u00e5g \u00e4ven <span style=\"color: #003300;\"><strong>Aske (Tjusta) handel.<\/strong><\/span><\/h5>\n<\/td>\n<\/tr>\n<tr>\n<td style=\"background-color: #f0e68c;\">\n<p style=\"text-align: justify;\"><strong><span style=\"color: #003300;\">H\u00e4radsdomaren Anders Carlsson i Tjusta<\/span><\/strong> by (bodde troligtvis i det numera rivna hemmanet uppe p\u00e5 h\u00f6jden, idag n\u00e4ra v\u00e4gen)<br \/>\nHan blev kallad till tinget 1857 misst\u00e4nkt f\u00f6r olovlig br\u00e4nnvinsutsk\u00e4nkning. Han nekade, men blev b\u00f6tf\u00e4lld med 10 riksdaler.<\/p>\n<p><span style=\"color: #000080;\"><a title=\"Tjusta soldater\" href=\"https:\/\/www.xn--htuna-hbo-tibble-dobg.se\/?page_id=4188\"><span style=\"color: #000080;\">Tjusta soldattorp<\/span><\/a><\/span><br \/>\n<span style=\"color: #000080;\"><a title=\"Missionshuset\/Barnhem\" href=\"https:\/\/www.xn--htuna-hbo-tibble-dobg.se\/?page_id=4412\"><span style=\"color: #000080;\">Missionshuset(barnhemmet) uppf\u00f6rd 1868.<\/span><\/a><\/span><br \/>\n<span style=\"color: #000080;\"><a title=\"Mattsonska stugan\" href=\"https:\/\/www.xn--htuna-hbo-tibble-dobg.se\/?page_id=4431\"><span style=\"color: #000080;\">Mattsonska stugan<br \/>\n<\/span><\/a><\/span><\/p>\n<p>&nbsp;<\/p>\n<p>&nbsp;<\/p>\n<p>&nbsp;<\/p>\n<p>&nbsp;<\/p>\n<p>&nbsp;<\/td>\n<\/tr>\n<\/tbody>\n<\/table>\n<p>&nbsp;<\/p>\n","protected":false},"excerpt":{"rendered":"<p>H\u00e4radsekonomiska kartan 1863 Tjusta by l\u00e5g tidigare under Aske, f\u00f6rutom den uppv\u00e4xande\u00a0 skolbyn fanns \u00e4ven n\u00e5gra torp, som tidigare varit arrende eller soldattorp till Aske. I Tjusta by l\u00e5g \u00e4ven Aske (Tjusta) handel. H\u00e4radsdomaren Anders Carlsson i Tjusta by (bodde &hellip; <a href=\"https:\/\/www.xn--htuna-hbo-tibble-dobg.se\/?page_id=3957\">Forts\u00e4tt l\u00e4sa <span class=\"meta-nav\">&rarr;<\/span><\/a><\/p>\n","protected":false},"author":1,"featured_media":0,"parent":65,"menu_order":0,"comment_status":"closed","ping_status":"open","template":"","meta":{"ngg_post_thumbnail":0,"footnotes":""},"class_list":["post-3957","page","type-page","status-publish","hentry"],"_links":{"self":[{"href":"https:\/\/www.xn--htuna-hbo-tibble-dobg.se\/index.php?rest_route=\/wp\/v2\/pages\/3957","targetHints":{"allow":["GET"]}}],"collection":[{"href":"https:\/\/www.xn--htuna-hbo-tibble-dobg.se\/index.php?rest_route=\/wp\/v2\/pages"}],"about":[{"href":"https:\/\/www.xn--htuna-hbo-tibble-dobg.se\/index.php?rest_route=\/wp\/v2\/types\/page"}],"author":[{"embeddable":true,"href":"https:\/\/www.xn--htuna-hbo-tibble-dobg.se\/index.php?rest_route=\/wp\/v2\/users\/1"}],"replies":[{"embeddable":true,"href":"https:\/\/www.xn--htuna-hbo-tibble-dobg.se\/index.php?rest_route=%2Fwp%2Fv2%2Fcomments&post=3957"}],"version-history":[{"count":21,"href":"https:\/\/www.xn--htuna-hbo-tibble-dobg.se\/index.php?rest_route=\/wp\/v2\/pages\/3957\/revisions"}],"predecessor-version":[{"id":5670,"href":"https:\/\/www.xn--htuna-hbo-tibble-dobg.se\/index.php?rest_route=\/wp\/v2\/pages\/3957\/revisions\/5670"}],"up":[{"embeddable":true,"href":"https:\/\/www.xn--htuna-hbo-tibble-dobg.se\/index.php?rest_route=\/wp\/v2\/pages\/65"}],"wp:attachment":[{"href":"https:\/\/www.xn--htuna-hbo-tibble-dobg.se\/index.php?rest_route=%2Fwp%2Fv2%2Fmedia&parent=3957"}],"curies":[{"name":"wp","href":"https:\/\/api.w.org\/{rel}","templated":true}]}}