{"id":3478,"date":"2013-01-06T15:44:43","date_gmt":"2013-01-06T14:44:43","guid":{"rendered":"http:\/\/www.xn--htuna-hbo-tibble-dobg.se\/?page_id=3478"},"modified":"2018-02-15T18:57:47","modified_gmt":"2018-02-15T17:57:47","slug":"negelstena-saterigard","status":"publish","type":"page","link":"https:\/\/www.xn--htuna-hbo-tibble-dobg.se\/?page_id=3478","title":{"rendered":"Negelstena s\u00e4teri\/g\u00e5rd"},"content":{"rendered":"<h1 style=\"color: #003300;\"><a href=\"https:\/\/www.xn--htuna-hbo-tibble-dobg.se\/wp-content\/uploads\/2013\/01\/VYNEGELS.bmp\"><img loading=\"lazy\" decoding=\"async\" class=\"aligncenter wp-image-3518\" title=\"Negelstena\" src=\"https:\/\/www.xn--htuna-hbo-tibble-dobg.se\/wp-content\/uploads\/2013\/01\/VYNEGELS.bmp\" alt=\"\" width=\"533\" height=\"324\"><\/a><\/h1>\n<p style=\"text-align: center;\">Flygfoto: Ahrenbergs flyg 1936<\/p>\n<p style=\"text-align: center;\"><span style=\"color: #000080;\"><a href=\"http:\/\/www.ukforsk.se\/hembygd\/negelste.htm\"><span style=\"color: #000080;\">L\u00e4s mer om Negelstena g\u00e5rd p\u00e5 UKF<\/span><\/a><\/span><\/p>\n<h2 style=\"text-align: center;\"><span style=\"color: #000080;\"><em>\u00c4garl\u00e4ngd<\/em><\/span><br \/>\n<a id=\"rg_hl\" class=\"rg_hl uh_hl\" style=\"width: 196px; height: 257px;\" href=\"http:\/\/www.google.se\/imgres?imgurl=http:\/\/history-moments.ru\/uploads\/posts\/2012-09\/1347998710_1320392730_kub-14.jpg&amp;imgrefurl=http:\/\/history-moments.ru\/lydi-v-istorii-i-nazvania\/lydi-v-istorii-g\/&amp;usg=__rMlqE2Ux1f6LAf6KqqHgEQZhJKQ=&amp;h=408&amp;w=312&amp;sz=55&amp;hl=sv&amp;start=14&amp;zoom=1&amp;tbnid=Tqb7UNc5hivl5M:&amp;tbnh=140&amp;tbnw=98&amp;ei=pAbzUOmTIMeG4gSbgoG4AQ&amp;prev=\/search%3Fq%3Dgustav%2Bvasa%26tbnh%3D155%26tbnw%3D120%26hl%3Dsv%26sa%3DX%26tbo%3Dd%26sig%3D113170853274239422547%26biw%3D1072%26bih%3D896%26tbs%3Dsimg:CAQSEgn9OIrpobWEZSHou7R9hizXOQ%26tbm%3Disch&amp;itbs=1&amp;iact=hc&amp;vpx=420&amp;vpy=282&amp;dur=9240&amp;hovh=257&amp;hovw=196&amp;tx=112&amp;ty=206&amp;sig=113170853274239422547&amp;page=1&amp;ved=1t:429,r:13,s:0,i:96\"><img loading=\"lazy\" decoding=\"async\" id=\"rg_hi\" class=\"rg_hi uh_hi\" src=\"http:\/\/t3.gstatic.com\/images?q=tbn:ANd9GcQgFzWq8TFBbeaItOqJcOLV-atNeYhZzsDFYi5kwKru6xv7FfGr\" alt=\"\" data-height=\"257\" data-width=\"196\" width=\"196\" height=\"257\"><\/a><\/h2>\n<p style=\"text-align: justify;\"><span style=\"color: #000080;\"><span style=\"color: #000000;\">\u00c5r 1560 omtalas Neglesteen (Negelstena) som ett<span style=\"color: #003300;\">&nbsp;<\/span><\/span><strong style=\"color: #003300;\"> <span style=\"color: #003300;\">Kronohemman,<br \/>\n<\/span><\/strong><span style=\"color: #003300;\"><span style=\"color: #000000;\">vilket innebar att det \u00e4gdes av kungen,&nbsp; <strong><span style=\"color: #003300;\">Gustaf I Eriksson (Vasa)<br \/>\n<\/span><\/strong><\/span><\/span><\/span><span style=\"color: #003300;\"><br style=\"color: #000000;\"><\/span><strong><span style=\"color: #003300;\"> Engelbrekt Svensson<\/span><\/strong>-slottsfogde i Uppsala fick Negelstena i f\u00f6rl\u00e4ning p\u00e5 livstid och hade g\u00e5rden i mer \u00e4n ett halvt sekel. Han dog 1673<\/p>\n<p style=\"text-align: justify;\"><strong><span style=\"color: #003300;\">Anders Grelsson Lindheim<\/span><\/strong>-landsh\u00f6vding, friherre \u00e4tt nr 93,&nbsp; fick Negelstena i f\u00f6rl\u00e4ning efter slottsfogdens d\u00f6d. Lindheim dog 1704 i Viborg.<\/p>\n<p style=\"text-align: justify;\"><strong><span style=\"color: #003300;\">Georg Wallrave<\/span> <\/strong><span style=\"color: #000000;\">blev n\u00e4ste man<\/span> tog \u00f6ver g\u00e5rden 1707.&nbsp;<a href=\"http:\/\/www.h\u00e5tuna-h\u00e5bo-tibble.se\/wp-admin\/post.php?post=3561&amp;action=edit\">Se Slangvik<\/a> Han dog 1714. Hans \u00e4nka <strong><span style=\"color: #003300;\">Catharina Sneckenberg<\/span><\/strong> fanns kvar till sin d\u00f6d 1730<\/p>\n<p style=\"text-align: justify;\"><strong><span style=\"color: #003300;\">Carl Wilhelm Isaer adlad Iserhielm. <\/span><\/strong><span style=\"color: #003300;\"><span style=\"color: #000000;\">Justitiekansler<\/span><\/span><strong><span style=\"color: #003300;\"><br \/>\n<\/span><\/strong>\u00e4gde bland annat Negelstena och L\u00f6vsta s\u00e4terier i H\u00e5bo-Tibble.<\/p>\n<p style=\"text-align: justify;\"><strong><span style=\"text-align: justify; color: #003300;\">Samuel Christopher Iserhielm <\/span><\/strong>f\u00f6ddes p\u00e5 Tranbygge. Son till Carl Wilhelm. Samuel bosatte sig p\u00e5 Negelstena och levde utan tj\u00e4nst. Han dog av andt\u00e4ppa i oktober 1827. Han blev 78 \u00e5r gammal &#8221;p\u00e5 6 dagar n\u00e4ra&#8221; som pr\u00e4sten skrev i kyrkboken. Han dog ogift och barnl\u00f6s.<\/p>\n<p style=\"text-align: justify;\"><strong><span style=\"color: #003300;\">Gustaf Adolph Ennes <\/span><\/strong>-\u00d6verstel\u00f6jtnad, Riddare av Sv\u00e4rds-Orden, sv\u00e4rson till \u00d6verstel\u00f6jtnad Jakob(Fougberg) Gripensv\u00e4rd. Gift med <strong><span style=\"color: #333300;\"><span style=\"color: #003300;\">Jaquette Fredrique Gripensv\u00e4rd<\/span>.<\/span><\/strong> De finns p\u00e5 Negelstena fr\u00e5n 1831 till 1849 d\u00e5 familjen flyttade till Stockholm.<\/p>\n<p style=\"text-align: justify;\"><strong><span style=\"color: #003300;\">Anders Gr\u00f6nvall- Patron\/Possesionat. Gift med Brita Amalia Zenobia Brandstr\u00f6m. <\/span><\/strong><span style=\"color: #000000;\">P\u00e5 Negelstena<\/span><strong><span style=\"color: #003300;\"><span style=\"color: #888888;\">&nbsp;<\/span> <\/span><\/strong>fr\u00e5n 1852 till 1857 d\u00e5 familjen flyttade till Stockholm<\/p>\n<p style=\"text-align: justify;\"><strong><span style=\"color: #003300;\">Kapten Gustaf Julius Ahlgren- K\u00f6pte Negelstena<\/span><\/strong><span style=\"color: #003300;\"><span style=\"color: #000000;\"> (och Tranbygge i Ryds<\/span><\/span><span style=\"color: #000000;\"> sn) <\/span>1856 och kom till g\u00e5rden <span style=\"color: #000000;\">1857<\/span><strong><span style=\"color: #003300;\">.<\/span><\/strong><span style=\"color: #003300;\"><span style=\"color: #000000;\">Med sig hade han sin enda dotter Augusta Maria som d\u00e5 var 17 \u00e5r gammal.<br \/>\nAhlgren hade varit gift och blivit \u00e4nkling tv\u00e5 g\u00e5nger. Han gifte sig med d\u00f6ttrarna till handelsman Erik Fr\u00f6berg i Stockholm. F\u00f6rsta \u00e4ktenskapet varade ett \u00e5r innan hustrun dog, det andra \u00e4ktenskapet med modern till dotter Augusta varade i sju \u00e5r innan han \u00e5terigen blev \u00e4nkling.&nbsp; \u00c5r 1864 flyttade han till V\u00e4stra Ryd.<\/span><\/span><\/p>\n<p style=\"text-align: justify;\"><strong><span style=\"color: #003300;\">Robert Seybold kom <\/span><\/strong><span style=\"color: #003300;\"><span style=\"color: #000000;\">fr\u00e5n Uppsala&nbsp; 1864<\/span><\/span><strong><span style=\"color: #003300;\"> till Negelstena <\/span><\/strong><span style=\"color: #000000;\">och gifte sig med <\/span><strong><span style=\"color: #003300;\">Carolina Charlotta Arrhenius <\/span><\/strong><span style=\"color: #003300;\"><span style=\"color: #000000;\">1865<\/span><\/span><strong><span style=\"color: #003300;\"><br \/>\n<\/span><\/strong><\/p>\n<p style=\"text-align: justify;\"><strong><span style=\"color: #003300;\">Axel Nilsson<\/span>,<\/strong> Possesionat, och hans hustru <strong><span style=\"color: #003300;\">Anna Kristina Hallin<\/span> <\/strong>kom till Negelstena 1877 och l\u00e4mnade densamma 1881<\/p>\n<p style=\"text-align: justify;\">Grosshandlare <strong><span style=\"color: #003300;\">Carl Christian S\u00f6derstr\u00f6m<\/span><\/strong> (Artellerigatan 4-6 i Stockholm) \u00e4gde g\u00e5rden fr\u00e5n 1884 med f\u00f6rvaltare<strong><span style=\"color: #003300;\"> Ernst Ludvig Michael Bergloo Planting<\/span><\/strong>.Under hans tid, brann huvudbyggnaden 1919, som aldrig byggdes upp igen. Kvar fanns tv\u00e5 gamla env\u00e5ningsflyglar. P\u00e5 g\u00e5rden fanns en stor tr\u00e4dg\u00e5rd och engelsk park<\/p>\n<p style=\"text-align: center;\">Fr\u00e5n boken Gods och G\u00e5rdar 1938<\/p>\n<p style=\"text-align: center;\">1930 kom f\u00f6rvaltare <strong><span style=\"color: #003300;\">Fritz Valdemar Sj\u00f6g\u00e5rd<\/span> <\/strong>fr\u00e5n H\u00e5tuna<\/p>\n","protected":false},"excerpt":{"rendered":"<p>Flygfoto: Ahrenbergs flyg 1936 L\u00e4s mer om Negelstena g\u00e5rd p\u00e5 UKF \u00c4garl\u00e4ngd \u00c5r 1560 omtalas Neglesteen (Negelstena) som ett&nbsp; Kronohemman, vilket innebar att det \u00e4gdes av kungen,&nbsp; Gustaf I Eriksson (Vasa) Engelbrekt Svensson-slottsfogde i Uppsala fick Negelstena i f\u00f6rl\u00e4ning p\u00e5 &hellip; <a href=\"https:\/\/www.xn--htuna-hbo-tibble-dobg.se\/?page_id=3478\">Forts\u00e4tt l\u00e4sa <span class=\"meta-nav\">&rarr;<\/span><\/a><\/p>\n","protected":false},"author":1,"featured_media":0,"parent":0,"menu_order":0,"comment_status":"closed","ping_status":"closed","template":"","meta":{"ngg_post_thumbnail":0,"footnotes":""},"class_list":["post-3478","page","type-page","status-publish","hentry"],"_links":{"self":[{"href":"https:\/\/www.xn--htuna-hbo-tibble-dobg.se\/index.php?rest_route=\/wp\/v2\/pages\/3478","targetHints":{"allow":["GET"]}}],"collection":[{"href":"https:\/\/www.xn--htuna-hbo-tibble-dobg.se\/index.php?rest_route=\/wp\/v2\/pages"}],"about":[{"href":"https:\/\/www.xn--htuna-hbo-tibble-dobg.se\/index.php?rest_route=\/wp\/v2\/types\/page"}],"author":[{"embeddable":true,"href":"https:\/\/www.xn--htuna-hbo-tibble-dobg.se\/index.php?rest_route=\/wp\/v2\/users\/1"}],"replies":[{"embeddable":true,"href":"https:\/\/www.xn--htuna-hbo-tibble-dobg.se\/index.php?rest_route=%2Fwp%2Fv2%2Fcomments&post=3478"}],"version-history":[{"count":35,"href":"https:\/\/www.xn--htuna-hbo-tibble-dobg.se\/index.php?rest_route=\/wp\/v2\/pages\/3478\/revisions"}],"predecessor-version":[{"id":6976,"href":"https:\/\/www.xn--htuna-hbo-tibble-dobg.se\/index.php?rest_route=\/wp\/v2\/pages\/3478\/revisions\/6976"}],"wp:attachment":[{"href":"https:\/\/www.xn--htuna-hbo-tibble-dobg.se\/index.php?rest_route=%2Fwp%2Fv2%2Fmedia&parent=3478"}],"curies":[{"name":"wp","href":"https:\/\/api.w.org\/{rel}","templated":true}]}}