{"id":3115,"date":"2012-12-06T18:49:59","date_gmt":"2012-12-06T17:49:59","guid":{"rendered":"http:\/\/www.xn--htuna-hbo-tibble-dobg.se\/?page_id=3115"},"modified":"2015-07-09T19:57:55","modified_gmt":"2015-07-09T17:57:55","slug":"durktorp","status":"publish","type":"page","link":"https:\/\/www.xn--htuna-hbo-tibble-dobg.se\/?page_id=3115","title":{"rendered":"Tibble Kyrkoby"},"content":{"rendered":"<table style=\"background-color: #b8b8b8;\" border=\"0\">\n<tbody>\n<tr>\n<td style=\"background-color: #708090;\">\n<h1 style=\"text-align: center;\">Rote nr 64<\/h1>\n<p style=\"text-align: center;\">nr 6 Sigtuna Kompani<\/p>\n<p style=\"text-align: justify;\"><span style=\"color: #000080;\">Husesyn 1875 Tibble kyrkobys soldattorp<\/span><a href=\"https:\/\/www.xn--htuna-hbo-tibble-dobg.se\/wp-content\/uploads\/2012\/12\/bou-Roos-Tibble-kyrkby.pdf\"><br \/>\n<span style=\"color: #000080;\">Bouppteckning efter Korpralen Anders Roos 1881<\/span><\/a><br \/>\n<span style=\"color: #000080;\"><a href=\"https:\/\/www.xn--htuna-hbo-tibble-dobg.se\/wp-content\/uploads\/2012\/12\/Kontrakt-Johan-Berg-1892.pdf\"><span style=\"color: #000080;\">Kontrakt Johan Berg 1892<\/span><\/a><\/span><\/p>\n<\/td>\n<\/tr>\n<tr>\n<td>\n<p style=\"text-align: justify;\">P\u00e5 Durktorp bodde <strong><span style=\"color: #003300;\">Soldat nr 64 Johan Vilhelm Glans.<\/span><\/strong> Han blev j\u00e4mte \u00c5lstas soldat Alm den sista indelta soldaten i H\u00e5bo-Tibble.<\/p>\n<p>\u00a0Folket i bygden mindes soldat Glans som en gladlynt och hurtig karl med l\u00e5nga uppvikta mustascher . <span style=\"color: #000080;\"><a href=\"https:\/\/www.xn--htuna-hbo-tibble-dobg.se\/wp-content\/uploads\/2012\/09\/Soldat-nr-64-Text.pdf\"><span style=\"color: #000080;\">L\u00e4s mer om Johan Glans <\/span><\/a><br \/>\n<\/span><\/td>\n<\/tr>\n<tr>\n<td><\/td>\n<\/tr>\n<\/tbody>\n<\/table>\n<p>&nbsp;<\/p>\n","protected":false},"excerpt":{"rendered":"<p>Rote nr 64 nr 6 Sigtuna Kompani Husesyn 1875 Tibble kyrkobys soldattorp Bouppteckning efter Korpralen Anders Roos 1881 Kontrakt Johan Berg 1892 P\u00e5 Durktorp bodde Soldat nr 64 Johan Vilhelm Glans. Han blev j\u00e4mte \u00c5lstas soldat Alm den sista indelta &hellip; <a href=\"https:\/\/www.xn--htuna-hbo-tibble-dobg.se\/?page_id=3115\">Forts\u00e4tt l\u00e4sa <span class=\"meta-nav\">&rarr;<\/span><\/a><\/p>\n","protected":false},"author":1,"featured_media":0,"parent":507,"menu_order":0,"comment_status":"closed","ping_status":"open","template":"","meta":{"ngg_post_thumbnail":0,"footnotes":""},"class_list":["post-3115","page","type-page","status-publish","hentry"],"_links":{"self":[{"href":"https:\/\/www.xn--htuna-hbo-tibble-dobg.se\/index.php?rest_route=\/wp\/v2\/pages\/3115","targetHints":{"allow":["GET"]}}],"collection":[{"href":"https:\/\/www.xn--htuna-hbo-tibble-dobg.se\/index.php?rest_route=\/wp\/v2\/pages"}],"about":[{"href":"https:\/\/www.xn--htuna-hbo-tibble-dobg.se\/index.php?rest_route=\/wp\/v2\/types\/page"}],"author":[{"embeddable":true,"href":"https:\/\/www.xn--htuna-hbo-tibble-dobg.se\/index.php?rest_route=\/wp\/v2\/users\/1"}],"replies":[{"embeddable":true,"href":"https:\/\/www.xn--htuna-hbo-tibble-dobg.se\/index.php?rest_route=%2Fwp%2Fv2%2Fcomments&post=3115"}],"version-history":[{"count":24,"href":"https:\/\/www.xn--htuna-hbo-tibble-dobg.se\/index.php?rest_route=\/wp\/v2\/pages\/3115\/revisions"}],"predecessor-version":[{"id":5777,"href":"https:\/\/www.xn--htuna-hbo-tibble-dobg.se\/index.php?rest_route=\/wp\/v2\/pages\/3115\/revisions\/5777"}],"up":[{"embeddable":true,"href":"https:\/\/www.xn--htuna-hbo-tibble-dobg.se\/index.php?rest_route=\/wp\/v2\/pages\/507"}],"wp:attachment":[{"href":"https:\/\/www.xn--htuna-hbo-tibble-dobg.se\/index.php?rest_route=%2Fwp%2Fv2%2Fmedia&parent=3115"}],"curies":[{"name":"wp","href":"https:\/\/api.w.org\/{rel}","templated":true}]}}