{"id":2941,"date":"2012-11-29T18:14:09","date_gmt":"2012-11-29T17:14:09","guid":{"rendered":"http:\/\/www.xn--htuna-hbo-tibble-dobg.se\/?page_id=2941"},"modified":"2025-11-07T20:03:15","modified_gmt":"2025-11-07T19:03:15","slug":"hatunaholm-3","status":"publish","type":"page","link":"https:\/\/www.xn--htuna-hbo-tibble-dobg.se\/?page_id=2941","title":{"rendered":"H\u00e5tunaholm"},"content":{"rendered":"<table class=\"wpGallery\" border=\"5\" align=\"left\">\n<tbody>\n<tr>\n<td class=\"wpGallery\" style=\"text-align: center; background-color: #fdf5e6;\"><a title=\"H\u00e5tunaholms G\u00e5rd\" href=\"https:\/\/www.xn--htuna-hbo-tibble-dobg.se\/?page_id=2105\"><span style=\"color: #000080;\">H\u00c5TUNAHOLMS G\u00c5RD<\/span>,<\/a> Bergtorp, <span style=\"color: #000080;\"><a title=\"Ryttarberget\" href=\"https:\/\/www.xn--htuna-hbo-tibble-dobg.se\/?page_id=2096\"><span style=\"color: #000080;\">Ryttarberget<\/span><\/a><\/span>, <span style=\"color: #000080;\"><a style=\"color: #000080;\" href=\"https:\/\/www.xn--htuna-hbo-tibble-dobg.se\/?page_id=6911&amp;preview=true\">Solberget,<\/a> <\/span>Svarvarholmen, <span style=\"color: #000080;\"><a style=\"color: #000080;\" href=\"https:\/\/www.xn--htuna-hbo-tibble-dobg.se\/?page_id=6901\">S\u00e5nkan<\/a><\/span>, S\u00e4ll\u00f6sa, T\u00e4torp, \u00c4ngstorpet (se Norr\u00e4nge) W. Lugnet, \u00d6. Lugnet,<span style=\"color: #000080;\"><a style=\"color: #000080;\" href=\"https:\/\/www.xn--htuna-hbo-tibble-dobg.se\/?page_id=6885&amp;preview=true\"> Bj\u00f6rkboda<\/a><\/span>, Dalen, Grindtorp,<span style=\"color: #000080;\"><a title=\"G\u00e4rds\u00e4ngen\" href=\"https:\/\/www.xn--htuna-hbo-tibble-dobg.se\/?page_id=4301\"><span style=\"color: #000080;\"> G\u00e4rds\u00e4ngen<\/span><\/a><\/span>, Hammarby, Marken, <a href=\"_wp_link_placeholder\" data-wplink-edit=\"true\">Nordlund<\/a><br \/>\n<span style=\"color: #000080;\"><a title=\"Dragoner p\u00e5 H\u00e5tunaholm\" href=\"https:\/\/www.xn--htuna-hbo-tibble-dobg.se\/?page_id=3453\"><span style=\"color: #000080;\">DRAGONER P\u00c5 H\u00c5TUNAHOLM<\/span><\/a><\/span><\/td>\n<td>&nbsp;<\/td>\n<\/tr>\n<tr>\n<td class=\"size-full\" style=\"background-color: #f5deb3;\" scope=\"col\" valign=\"bottom\">&nbsp;<a href=\"https:\/\/www.xn--htuna-hbo-tibble-dobg.se\/wp-content\/uploads\/2012\/11\/2012_11_29_18_36_240001.jpg\"><img loading=\"lazy\" decoding=\"async\" class=\"aligncenter size-large wp-image-2948\" title=\"2012_11_29_18_36_240001\" src=\"https:\/\/www.xn--htuna-hbo-tibble-dobg.se\/wp-content\/uploads\/2012\/11\/2012_11_29_18_36_240001-1024x658.jpg\" alt=\"\" width=\"640\" height=\"411\" srcset=\"https:\/\/www.xn--htuna-hbo-tibble-dobg.se\/wp-content\/uploads\/2012\/11\/2012_11_29_18_36_240001-1024x658.jpg 1024w, https:\/\/www.xn--htuna-hbo-tibble-dobg.se\/wp-content\/uploads\/2012\/11\/2012_11_29_18_36_240001-300x192.jpg 300w, https:\/\/www.xn--htuna-hbo-tibble-dobg.se\/wp-content\/uploads\/2012\/11\/2012_11_29_18_36_240001.jpg 1631w\" sizes=\"auto, (max-width: 640px) 100vw, 640px\" \/><\/a><\/td>\n<td>&nbsp;<\/td>\n<\/tr>\n<\/tbody>\n<\/table>\n<p>&nbsp;<\/p>\n","protected":false},"excerpt":{"rendered":"<p>H\u00c5TUNAHOLMS G\u00c5RD, Bergtorp, Ryttarberget, Solberget, Svarvarholmen, S\u00e5nkan, S\u00e4ll\u00f6sa, T\u00e4torp, \u00c4ngstorpet (se Norr\u00e4nge) W. Lugnet, \u00d6. Lugnet, Bj\u00f6rkboda, Dalen, Grindtorp, G\u00e4rds\u00e4ngen, Hammarby, Marken, Nordlund DRAGONER P\u00c5 H\u00c5TUNAHOLM &nbsp; &nbsp; &nbsp; &nbsp;<\/p>\n","protected":false},"author":1,"featured_media":6949,"parent":0,"menu_order":0,"comment_status":"closed","ping_status":"closed","template":"","meta":{"ngg_post_thumbnail":0,"footnotes":""},"class_list":["post-2941","page","type-page","status-publish","has-post-thumbnail","hentry"],"_links":{"self":[{"href":"https:\/\/www.xn--htuna-hbo-tibble-dobg.se\/index.php?rest_route=\/wp\/v2\/pages\/2941","targetHints":{"allow":["GET"]}}],"collection":[{"href":"https:\/\/www.xn--htuna-hbo-tibble-dobg.se\/index.php?rest_route=\/wp\/v2\/pages"}],"about":[{"href":"https:\/\/www.xn--htuna-hbo-tibble-dobg.se\/index.php?rest_route=\/wp\/v2\/types\/page"}],"author":[{"embeddable":true,"href":"https:\/\/www.xn--htuna-hbo-tibble-dobg.se\/index.php?rest_route=\/wp\/v2\/users\/1"}],"replies":[{"embeddable":true,"href":"https:\/\/www.xn--htuna-hbo-tibble-dobg.se\/index.php?rest_route=%2Fwp%2Fv2%2Fcomments&post=2941"}],"version-history":[{"count":25,"href":"https:\/\/www.xn--htuna-hbo-tibble-dobg.se\/index.php?rest_route=\/wp\/v2\/pages\/2941\/revisions"}],"predecessor-version":[{"id":8211,"href":"https:\/\/www.xn--htuna-hbo-tibble-dobg.se\/index.php?rest_route=\/wp\/v2\/pages\/2941\/revisions\/8211"}],"wp:featuredmedia":[{"embeddable":true,"href":"https:\/\/www.xn--htuna-hbo-tibble-dobg.se\/index.php?rest_route=\/wp\/v2\/media\/6949"}],"wp:attachment":[{"href":"https:\/\/www.xn--htuna-hbo-tibble-dobg.se\/index.php?rest_route=%2Fwp%2Fv2%2Fmedia&parent=2941"}],"curies":[{"name":"wp","href":"https:\/\/api.w.org\/{rel}","templated":true}]}}