{"id":2892,"date":"2012-11-27T20:00:20","date_gmt":"2012-11-27T19:00:20","guid":{"rendered":"http:\/\/www.xn--htuna-hbo-tibble-dobg.se\/?page_id=2892"},"modified":"2016-12-26T16:10:12","modified_gmt":"2016-12-26T15:10:12","slug":"jagartorp","status":"publish","type":"page","link":"https:\/\/www.xn--htuna-hbo-tibble-dobg.se\/?page_id=2892","title":{"rendered":"J\u00e4gartorp"},"content":{"rendered":"<p style=\"text-align: left;\"><a href=\"https:\/\/www.xn--htuna-hbo-tibble-dobg.se\/wp-content\/uploads\/2012\/11\/J\u00e4gartorp.jpg\"><img loading=\"lazy\" decoding=\"async\" class=\"size-medium wp-image-2893 aligncenter\" title=\"J\u00e4gartorp\" src=\"https:\/\/www.xn--htuna-hbo-tibble-dobg.se\/wp-content\/uploads\/2012\/11\/J\u00e4gartorp-300x248.jpg\" alt=\"\" width=\"300\" height=\"248\" srcset=\"https:\/\/www.xn--htuna-hbo-tibble-dobg.se\/wp-content\/uploads\/2012\/11\/J\u00e4gartorp-300x248.jpg 300w, https:\/\/www.xn--htuna-hbo-tibble-dobg.se\/wp-content\/uploads\/2012\/11\/J\u00e4gartorp-1024x847.jpg 1024w, https:\/\/www.xn--htuna-hbo-tibble-dobg.se\/wp-content\/uploads\/2012\/11\/J\u00e4gartorp.jpg 1054w\" sizes=\"auto, (max-width: 300px) 100vw, 300px\" \/><\/a>ca 30 m NO om torpet fanns en k\u00e4llarruin och n\u00e5gra husgrunder (som kan vara f\u00e4hus samt en raserad k\u00e4llargrund. Torpet bestod av k\u00f6k och kammare. I k\u00f6ket fanns en bakugn och i kammaren en kakelugn.<br \/>\nBild och k\u00e4lla: ATA<\/p>\n","protected":false},"excerpt":{"rendered":"<p>ca 30 m NO om torpet fanns en k\u00e4llarruin och n\u00e5gra husgrunder (som kan vara f\u00e4hus samt en raserad k\u00e4llargrund. Torpet bestod av k\u00f6k och kammare. I k\u00f6ket fanns en bakugn och i kammaren en kakelugn. Bild och k\u00e4lla: ATA<\/p>\n","protected":false},"author":1,"featured_media":0,"parent":0,"menu_order":0,"comment_status":"closed","ping_status":"open","template":"","meta":{"ngg_post_thumbnail":0,"footnotes":""},"class_list":["post-2892","page","type-page","status-publish","hentry"],"_links":{"self":[{"href":"https:\/\/www.xn--htuna-hbo-tibble-dobg.se\/index.php?rest_route=\/wp\/v2\/pages\/2892","targetHints":{"allow":["GET"]}}],"collection":[{"href":"https:\/\/www.xn--htuna-hbo-tibble-dobg.se\/index.php?rest_route=\/wp\/v2\/pages"}],"about":[{"href":"https:\/\/www.xn--htuna-hbo-tibble-dobg.se\/index.php?rest_route=\/wp\/v2\/types\/page"}],"author":[{"embeddable":true,"href":"https:\/\/www.xn--htuna-hbo-tibble-dobg.se\/index.php?rest_route=\/wp\/v2\/users\/1"}],"replies":[{"embeddable":true,"href":"https:\/\/www.xn--htuna-hbo-tibble-dobg.se\/index.php?rest_route=%2Fwp%2Fv2%2Fcomments&post=2892"}],"version-history":[{"count":3,"href":"https:\/\/www.xn--htuna-hbo-tibble-dobg.se\/index.php?rest_route=\/wp\/v2\/pages\/2892\/revisions"}],"predecessor-version":[{"id":6411,"href":"https:\/\/www.xn--htuna-hbo-tibble-dobg.se\/index.php?rest_route=\/wp\/v2\/pages\/2892\/revisions\/6411"}],"wp:attachment":[{"href":"https:\/\/www.xn--htuna-hbo-tibble-dobg.se\/index.php?rest_route=%2Fwp%2Fv2%2Fmedia&parent=2892"}],"curies":[{"name":"wp","href":"https:\/\/api.w.org\/{rel}","templated":true}]}}