{"id":276,"date":"2012-09-04T19:53:32","date_gmt":"2012-09-04T17:53:32","guid":{"rendered":"http:\/\/xn--htuna-hbo-tibble-dobg.se\/?page_id=276"},"modified":"2026-02-24T11:15:07","modified_gmt":"2026-02-24T10:15:07","slug":"valkommen-till-forskargruppen","status":"publish","type":"page","link":"https:\/\/www.xn--htuna-hbo-tibble-dobg.se\/","title":{"rendered":"Sl\u00e4kt- och hembygdsforskning"},"content":{"rendered":"\n<h5 class=\"wp-block-heading\">&nbsp;&nbsp;&nbsp; Admin och webb\/ I L\u00f6fstedt<\/h5>\n\n\n\n<figure class=\"wp-block-gallery has-nested-images columns-default is-cropped wp-block-gallery-1 is-layout-flex wp-block-gallery-is-layout-flex\">\n<figure class=\"wp-block-image size-large\"><img loading=\"lazy\" decoding=\"async\" width=\"1024\" height=\"683\" data-id=\"8272\" src=\"https:\/\/www.xn--htuna-hbo-tibble-dobg.se\/wp-content\/uploads\/2026\/02\/gor-ett-collage-av-detta-och-skriv-Hatuna-Habo-Tib-edited.png\" alt=\"\" class=\"wp-image-8272\" srcset=\"https:\/\/www.xn--htuna-hbo-tibble-dobg.se\/wp-content\/uploads\/2026\/02\/gor-ett-collage-av-detta-och-skriv-Hatuna-Habo-Tib-edited.png 1024w, https:\/\/www.xn--htuna-hbo-tibble-dobg.se\/wp-content\/uploads\/2026\/02\/gor-ett-collage-av-detta-och-skriv-Hatuna-Habo-Tib-edited-300x200.png 300w, https:\/\/www.xn--htuna-hbo-tibble-dobg.se\/wp-content\/uploads\/2026\/02\/gor-ett-collage-av-detta-och-skriv-Hatuna-Habo-Tib-edited-768x512.png 768w\" sizes=\"auto, (max-width: 1024px) 100vw, 1024px\" \/><\/figure>\n<\/figure>\n\n\n\n<p>&nbsp;<\/p>\n\n\n\n<h5 data-wp-context---core-fit-text=\"core\/fit-text::{&quot;fontSize&quot;:&quot;&quot;}\" data-wp-init---core-fit-text=\"core\/fit-text::callbacks.init\" data-wp-interactive data-wp-style--font-size=\"core\/fit-text::context.fontSize\" class=\"wp-block-heading has-fit-text\"><span style=\"color: #000080;\"><strong>Riksintresseomr\u00e5de f\u00f6r kulturmilj\u00f6 (A 35)<\/strong><\/span><\/h5>\n\n\n\n<div class=\"wp-block-group is-vertical is-layout-flex wp-container-core-group-is-layout-8cf370e7 wp-block-group-is-layout-flex\">\n<h5 class=\"wp-block-heading\">H\u00e5tuna &#8211; H\u00e5bo-Tibble [A35] (H\u00e5tuna och H\u00e5bo-Tibble sn:r)<br><strong>Motivering:<\/strong><br>Centralbygd med f\u00f6rhistorisk bruknings- och bos\u00e4ttningskontinuitet fr\u00e5n ett forntida stormannalandskap med anknytning till kungamakten, karakt\u00e4ristiska bebyggelsel\u00e4gen, dominerande herrg\u00e5rdar och medeltida kyrkor.<br>(Fornl\u00e4mningsmilj\u00f6, Bymilj\u00f6, Kyrkomilj\u00f6, Herrg\u00e5rdslandskap).<\/h5>\n\n\n\n<h5 class=\"wp-block-heading\"><strong>Uttryck f\u00f6r riksintresset:<\/strong><br>Brons\u00e5ldersr\u00f6sen i omr\u00e5dets s\u00f6dra del och ett tiotal j\u00e4rn\u00e5ldersgravf\u00e4lt som vittnar om den \u00e4ldsta bos\u00e4ttningen. S\u00e4rskilt m\u00e4rkligt \u00e4r fornl\u00e4mningskomplexet &#8221;Fornsigtuna&#8221; vid Signhildsberg med stor husgrund efter halliknande byggnad, flera husgrundsterrasser och den m\u00e4ktiga Signhilds kulle, troligen en kungsg\u00e5rd med hamn-, marknads- och samlingsplats som etablerats redan vid slutet av \u00e4ldre j\u00e4rn\u00e5ldern. Herrg\u00e5rdarna H\u00e5tunaholm, Signhildsberg och Aske g\u00e5rd med ekonomibyggnader, parkanl\u00e4ggningar, all\u00e9er, torp och arbetarbost\u00e4llen samt det av godsdriften pr\u00e4glade landskapet. G\u00e5rdar och byar karakt\u00e4ristiskt placerade p\u00e5 mor\u00e4nbackar. Tjusta by med fyra generationer skolbyggnader och andra byggnader f\u00f6r bl.a. handel och hantverk. H\u00e5tuna och H\u00e5bo-Tibble 1200-talskyrkor.<br>K\u00e4lla: Riksantikvarie\u00e4mbetet. raa.se<\/h5>\n<\/div>\n\n\n\n<p>Bygden \u00e4r fortfarande k\u00e4nd f\u00f6r <a href=\"http:\/\/www.h\u00e5tuna-h\u00e5bo-tibble.se\/?page_id=1143\">H\u00e5tunaleken<\/a> som skedde 1306. En konflikt mellan Kung Birger och hans br\u00f6der Erik och Valdemar,&nbsp; som senare mynnade ut i &#8221;Nyk\u00f6pings g\u00e4stabud&#8221;&nbsp;&nbsp;&nbsp;&nbsp;&nbsp;&nbsp;&nbsp;&nbsp;&nbsp;&nbsp;&nbsp;&nbsp;&nbsp;&nbsp;&nbsp;&nbsp;&nbsp;&nbsp;&nbsp;&nbsp;&nbsp;&nbsp;&nbsp;&nbsp;&nbsp;&nbsp;&nbsp;&nbsp;&nbsp;&nbsp;&nbsp;&nbsp;&nbsp; <span style=\"color: #000080;\"><br><\/span><\/p>\n\n\n\n<figure class=\"wp-block-table\"><table class=\"has-fixed-layout\"><tbody><tr><td>\n<h6 style=\"text-align: center;\">H\u00e5tuna och H\u00e5bo-Tibble tillh\u00f6rde tidigare&nbsp; H\u00e5bo h\u00e4rad och var kommuner fr\u00e5n 1863 \u2013 1951. H\u00e5bo-Tibble hette tidigare bara Tibble, men fick sitt nuvarande namn 1886. \u00c5r 1952 bildades storkommunerna och d\u00e4rmed blev det Upplands-Bro<\/h6>\n<h6>Har till och fr\u00e5n tillh\u00f6rt Uppsala\/Stockholms l\u00e4n<br>1634-1639 Uppsala<br>1640-1647 Stockholm<br>1648-1651 Uppsala<br>1652-1653 Stockholm<br>1654-1970 Uppsala<br>1971 &#8211; Stockholm<\/h6>\n<\/td><\/tr><\/tbody><\/table><\/figure>\n\n\n\n<h6 class=\"wp-block-heading\">&nbsp;<\/h6>\n\n\n\n<h6 class=\"wp-block-heading\">&nbsp;<\/h6>\n\n\n\n<h3 class=\"wp-block-heading\">&nbsp;<\/h3>\n\n\n\n<h3 class=\"wp-block-heading\"><strong><span style=\"color: #003300;\">&nbsp;<\/span><\/strong><\/h3>\n\n\n\n<h6 class=\"wp-block-heading\"><span style=\"color: #003300; text-decoration: underline;\">&nbsp;<\/span><\/h6>\n\n\n\n<p><\/p>\n","protected":false},"excerpt":{"rendered":"<p>&nbsp;&nbsp;&nbsp; Admin och webb\/ I L\u00f6fstedt &nbsp; Riksintresseomr\u00e5de f\u00f6r kulturmilj\u00f6 (A 35) H\u00e5tuna &#8211; H\u00e5bo-Tibble [A35] (H\u00e5tuna och H\u00e5bo-Tibble sn:r)Motivering:Centralbygd med f\u00f6rhistorisk bruknings- och bos\u00e4ttningskontinuitet fr\u00e5n ett forntida stormannalandskap med anknytning till kungamakten, karakt\u00e4ristiska bebyggelsel\u00e4gen, dominerande herrg\u00e5rdar och medeltida kyrkor.(Fornl\u00e4mningsmilj\u00f6, &hellip; <a href=\"https:\/\/www.xn--htuna-hbo-tibble-dobg.se\/\">Forts\u00e4tt l\u00e4sa <span class=\"meta-nav\">&rarr;<\/span><\/a><\/p>\n","protected":false},"author":1,"featured_media":1252,"parent":0,"menu_order":0,"comment_status":"closed","ping_status":"closed","template":"","meta":{"ngg_post_thumbnail":0,"footnotes":""},"class_list":["post-276","page","type-page","status-publish","has-post-thumbnail","hentry"],"_links":{"self":[{"href":"https:\/\/www.xn--htuna-hbo-tibble-dobg.se\/index.php?rest_route=\/wp\/v2\/pages\/276","targetHints":{"allow":["GET"]}}],"collection":[{"href":"https:\/\/www.xn--htuna-hbo-tibble-dobg.se\/index.php?rest_route=\/wp\/v2\/pages"}],"about":[{"href":"https:\/\/www.xn--htuna-hbo-tibble-dobg.se\/index.php?rest_route=\/wp\/v2\/types\/page"}],"author":[{"embeddable":true,"href":"https:\/\/www.xn--htuna-hbo-tibble-dobg.se\/index.php?rest_route=\/wp\/v2\/users\/1"}],"replies":[{"embeddable":true,"href":"https:\/\/www.xn--htuna-hbo-tibble-dobg.se\/index.php?rest_route=%2Fwp%2Fv2%2Fcomments&post=276"}],"version-history":[{"count":355,"href":"https:\/\/www.xn--htuna-hbo-tibble-dobg.se\/index.php?rest_route=\/wp\/v2\/pages\/276\/revisions"}],"predecessor-version":[{"id":8273,"href":"https:\/\/www.xn--htuna-hbo-tibble-dobg.se\/index.php?rest_route=\/wp\/v2\/pages\/276\/revisions\/8273"}],"wp:featuredmedia":[{"embeddable":true,"href":"https:\/\/www.xn--htuna-hbo-tibble-dobg.se\/index.php?rest_route=\/wp\/v2\/media\/1252"}],"wp:attachment":[{"href":"https:\/\/www.xn--htuna-hbo-tibble-dobg.se\/index.php?rest_route=%2Fwp%2Fv2%2Fmedia&parent=276"}],"curies":[{"name":"wp","href":"https:\/\/api.w.org\/{rel}","templated":true}]}}