{"id":2427,"date":"2012-11-06T20:57:38","date_gmt":"2012-11-06T19:57:38","guid":{"rendered":"http:\/\/www.xn--htuna-hbo-tibble-dobg.se\/?page_id=2427"},"modified":"2018-02-12T16:10:53","modified_gmt":"2018-02-12T15:10:53","slug":"torp-under-frotuna","status":"publish","type":"page","link":"https:\/\/www.xn--htuna-hbo-tibble-dobg.se\/?page_id=2427","title":{"rendered":"Torp under Fr\u00f6tuna"},"content":{"rendered":"<ul>\n<li><strong><span style=\"color: #003300;\">H\u00e4sthagen <\/span><\/strong>&#8211; beskrevs vid Laga Skiftet 1857 som en gammal f\u00f6rfallen stuga tillh\u00f6rande \u00e4nkan \u00c5slander (\u00e4gare av Fr\u00f6tuna). P\u00e5 \u00e4ldre kartor \u00e4r stugan utm\u00e4rkt som backstuga.<br \/>\nStugan har enligt karta fr\u00e5n 1789 legat intill Ugglebo och gjorde dagsverken under g\u00e5rdens \u00e4gor.<\/li>\n<li><strong><span style=\"color: #003300;\">Karlberg.&nbsp;&nbsp;<\/span><\/strong> Finns med p\u00e5 karta fr\u00e5n 1824<\/li>\n<li><strong><span style=\"color: #003300;\">Kom\u00f6tet<\/span><\/strong><span style=\"color: #003300;\">&#8211; <\/span>en backstuga<span style=\"color: #003300;\"><br \/>\n<\/span><\/li>\n<li style=\"text-align: justify;\"><strong><span style=\"color: #003300;\">Knaperbacken<\/span><\/strong> &#8211; Gjorde dagsverken enligt karta fr\u00e5n 1789 under Fr\u00f6tuna. Stugan l\u00e4r ha funnits redan 1766.<\/li>\n<\/ul>\n<div id='gallery-1' class='gallery galleryid-2427 gallery-columns-3 gallery-size-medium'><dl class='gallery-item'>\n\t\t\t<dt class='gallery-icon landscape'>\n\t\t\t\t<img loading=\"lazy\" decoding=\"async\" width=\"300\" height=\"224\" src=\"https:\/\/www.xn--htuna-hbo-tibble-dobg.se\/wp-content\/uploads\/2012\/11\/2012-05-24-10.42.48-300x224.jpg\" class=\"attachment-medium size-medium\" alt=\"\" aria-describedby=\"gallery-1-5433\" srcset=\"https:\/\/www.xn--htuna-hbo-tibble-dobg.se\/wp-content\/uploads\/2012\/11\/2012-05-24-10.42.48-300x224.jpg 300w, https:\/\/www.xn--htuna-hbo-tibble-dobg.se\/wp-content\/uploads\/2012\/11\/2012-05-24-10.42.48.jpg 448w\" sizes=\"auto, (max-width: 300px) 100vw, 300px\" \/>\n\t\t\t<\/dt>\n\t\t\t\t<dd class='wp-caption-text gallery-caption' id='gallery-1-5433'>\n\t\t\t\tKnaperbacken\n\t\t\t\t<\/dd><\/dl><dl class='gallery-item'>\n\t\t\t<dt class='gallery-icon landscape'>\n\t\t\t\t<img loading=\"lazy\" decoding=\"async\" width=\"300\" height=\"191\" src=\"https:\/\/www.xn--htuna-hbo-tibble-dobg.se\/wp-content\/uploads\/2012\/09\/knapperbacken-300x191.jpg\" class=\"attachment-medium size-medium\" alt=\"\" aria-describedby=\"gallery-1-825\" srcset=\"https:\/\/www.xn--htuna-hbo-tibble-dobg.se\/wp-content\/uploads\/2012\/09\/knapperbacken-300x191.jpg 300w, https:\/\/www.xn--htuna-hbo-tibble-dobg.se\/wp-content\/uploads\/2012\/09\/knapperbacken.jpg 800w\" sizes=\"auto, (max-width: 300px) 100vw, 300px\" \/>\n\t\t\t<\/dt>\n\t\t\t\t<dd class='wp-caption-text gallery-caption' id='gallery-1-825'>\n\t\t\t\tKnaperbacken -\u00e4ldre tid\nG\u00f6sta Anderssons f\u00f6r\u00e4ldrar\/ fr. v\u00e4 Einar, Siri, L\u00f6ve, G\u00f6sta\/ kortet fr Marianne Andersson\n\t\t\t\t<\/dd><\/dl>\n\t\t\t<br style='clear: both' \/>\n\t\t<\/div>\n\n<p><em>En stugbyg<\/em><em>gnad<\/em> 12 hwarf h\u00f6g, 13 \u00bc aln l\u00e5ng, 9 aln bred under halmtak. En ny <em>ej&nbsp; \u00e4nnu f\u00e4rdig stugubyggnad<\/em><br \/>\n<em>En bod med k\u00e4llare<\/em> 10 hwarf h\u00f6g, 9 aln l\u00e5ng, 6 aln bred<br \/>\n<em>F\u00e4hus och stall<\/em> 7 alnar brett, 31 \u00be aln l\u00e5ngt, 6 aln bred<em>. En loge<\/em> med tvenne golv under halmtak, 15 hwarf h\u00f6g 24 aln l\u00e5ng 11 aln bred. Laga skiftes kartan 1857<\/p>\n<ul>\n<li><strong><span style=\"color: #003300;\">L\u00f6v\u00e5sen\/hagen &#8211;&nbsp; <\/span><\/strong>Tidigare dragontorp under Fr\u00f6tuna<span style=\"color: #808080;\"><br \/>\n<\/span><\/li>\n<li><strong><span style=\"color: #003300;\">Torpet Ugglebo<\/span>&#8211;<\/strong> (tillh\u00f6rande Herr Pastor Brolinsson)<br \/>\n<em>Stugbyggnad<\/em> med f\u00f6rstukvist. 8 hwarf h\u00f6g. 14 al. l\u00e5ng 8 af bred.<br \/>\n<em>En visthusbod<\/em>, 9 hwarf h\u00f6g, 7 al l\u00e5ng, 6 aln bred, taket odugligt.<br \/>\n<em>F\u00e4hus och stall<\/em> under halmtak 12 \u00bd al l\u00e5ngt, 8 al bredt 14 hwarf h\u00f6gt<br \/>\n<em>Loge<\/em> med 1 half under halmtak 13 hwarf h\u00f6g, 17 al l\u00e5ng 9 al bred<br \/>\n<em>K\u00e4llare <\/em>med \u00f6verbyggnad<br \/>\n<em>Badstuga<\/em> under tak 10 \u00bd al l\u00e5ng, 6 aln bred<br \/>\nLaga skifte 1857.&nbsp; P\u00e5 \u00e4ldre kartor utm\u00e4rkt som jordtorp.<br \/>\nVid en \u00e4gom\u00e4tning 1789 noteras att Uggelbo g\u00f6r dagsverken under g\u00e5rdens (Fr\u00f6tuna) \u00e4gor.<\/li>\n<\/ul>\n<div id='gallery-2' class='gallery galleryid-2427 gallery-columns-3 gallery-size-thumbnail'><dl class='gallery-item'>\n\t\t\t<dt class='gallery-icon landscape'>\n\t\t\t\t<a href='https:\/\/www.xn--htuna-hbo-tibble-dobg.se\/?attachment_id=6391'><img loading=\"lazy\" decoding=\"async\" width=\"150\" height=\"150\" src=\"https:\/\/www.xn--htuna-hbo-tibble-dobg.se\/wp-content\/uploads\/2016\/12\/Ugglebospis-150x150.jpg\" class=\"attachment-thumbnail size-thumbnail\" alt=\"\" aria-describedby=\"gallery-2-6391\" \/><\/a>\n\t\t\t<\/dt>\n\t\t\t\t<dd class='wp-caption-text gallery-caption' id='gallery-2-6391'>\n\t\t\t\tSpis. Ugglebo\n\t\t\t\t<\/dd><\/dl><dl class='gallery-item'>\n\t\t\t<dt class='gallery-icon landscape'>\n\t\t\t\t<a href='https:\/\/www.xn--htuna-hbo-tibble-dobg.se\/?attachment_id=6392'><img loading=\"lazy\" decoding=\"async\" width=\"150\" height=\"150\" src=\"https:\/\/www.xn--htuna-hbo-tibble-dobg.se\/wp-content\/uploads\/2016\/12\/Ugglebogrunder-2-150x150.jpg\" class=\"attachment-thumbnail size-thumbnail\" alt=\"\" aria-describedby=\"gallery-2-6392\" \/><\/a>\n\t\t\t<\/dt>\n\t\t\t\t<dd class='wp-caption-text gallery-caption' id='gallery-2-6392'>\n\t\t\t\tGrund. Ugglebo\n\t\t\t\t<\/dd><\/dl><dl class='gallery-item'>\n\t\t\t<dt class='gallery-icon landscape'>\n\t\t\t\t<a href='https:\/\/www.xn--htuna-hbo-tibble-dobg.se\/?attachment_id=6396'><img loading=\"lazy\" decoding=\"async\" width=\"150\" height=\"150\" src=\"https:\/\/www.xn--htuna-hbo-tibble-dobg.se\/wp-content\/uploads\/2016\/12\/k\u00e4llare-Ugglebo-150x150.jpg\" class=\"attachment-thumbnail size-thumbnail\" alt=\"\" aria-describedby=\"gallery-2-6396\" \/><\/a>\n\t\t\t<\/dt>\n\t\t\t\t<dd class='wp-caption-text gallery-caption' id='gallery-2-6396'>\n\t\t\t\tK\u00e4llare. Ugglebo\n\t\t\t\t<\/dd><\/dl><br style=\"clear: both\" \/><dl class='gallery-item'>\n\t\t\t<dt class='gallery-icon landscape'>\n\t\t\t\t<a href='https:\/\/www.xn--htuna-hbo-tibble-dobg.se\/?attachment_id=6395'><img loading=\"lazy\" decoding=\"async\" width=\"150\" height=\"150\" src=\"https:\/\/www.xn--htuna-hbo-tibble-dobg.se\/wp-content\/uploads\/2016\/12\/Ugglebotr\u00e4d-150x150.jpg\" class=\"attachment-thumbnail size-thumbnail\" alt=\"\" aria-describedby=\"gallery-2-6395\" \/><\/a>\n\t\t\t<\/dt>\n\t\t\t\t<dd class='wp-caption-text gallery-caption' id='gallery-2-6395'>\n\t\t\t\tTr\u00e4d. Ugglebo\n\t\t\t\t<\/dd><\/dl><dl class='gallery-item'>\n\t\t\t<dt class='gallery-icon landscape'>\n\t\t\t\t<a href='https:\/\/www.xn--htuna-hbo-tibble-dobg.se\/?attachment_id=6394'><img loading=\"lazy\" decoding=\"async\" width=\"150\" height=\"150\" src=\"https:\/\/www.xn--htuna-hbo-tibble-dobg.se\/wp-content\/uploads\/2016\/12\/Ugglebogrunder-150x150.jpg\" class=\"attachment-thumbnail size-thumbnail\" alt=\"\" aria-describedby=\"gallery-2-6394\" \/><\/a>\n\t\t\t<\/dt>\n\t\t\t\t<dd class='wp-caption-text gallery-caption' id='gallery-2-6394'>\n\t\t\t\tGrund 2. Ugglebo\n\t\t\t\t<\/dd><\/dl>\n\t\t\t<br style='clear: both' \/>\n\t\t<\/div>\n\n<p>.<\/p>\n<p>&nbsp;<\/p>\n<p>&nbsp;<\/p>\n","protected":false},"excerpt":{"rendered":"<p>H\u00e4sthagen &#8211; beskrevs vid Laga Skiftet 1857 som en gammal f\u00f6rfallen stuga tillh\u00f6rande \u00e4nkan \u00c5slander (\u00e4gare av Fr\u00f6tuna). P\u00e5 \u00e4ldre kartor \u00e4r stugan utm\u00e4rkt som backstuga. Stugan har enligt karta fr\u00e5n 1789 legat intill Ugglebo och gjorde dagsverken under g\u00e5rdens &hellip; <a href=\"https:\/\/www.xn--htuna-hbo-tibble-dobg.se\/?page_id=2427\">Forts\u00e4tt l\u00e4sa <span class=\"meta-nav\">&rarr;<\/span><\/a><\/p>\n","protected":false},"author":1,"featured_media":0,"parent":0,"menu_order":0,"comment_status":"closed","ping_status":"open","template":"","meta":{"ngg_post_thumbnail":0,"footnotes":""},"class_list":["post-2427","page","type-page","status-publish","hentry"],"_links":{"self":[{"href":"https:\/\/www.xn--htuna-hbo-tibble-dobg.se\/index.php?rest_route=\/wp\/v2\/pages\/2427","targetHints":{"allow":["GET"]}}],"collection":[{"href":"https:\/\/www.xn--htuna-hbo-tibble-dobg.se\/index.php?rest_route=\/wp\/v2\/pages"}],"about":[{"href":"https:\/\/www.xn--htuna-hbo-tibble-dobg.se\/index.php?rest_route=\/wp\/v2\/types\/page"}],"author":[{"embeddable":true,"href":"https:\/\/www.xn--htuna-hbo-tibble-dobg.se\/index.php?rest_route=\/wp\/v2\/users\/1"}],"replies":[{"embeddable":true,"href":"https:\/\/www.xn--htuna-hbo-tibble-dobg.se\/index.php?rest_route=%2Fwp%2Fv2%2Fcomments&post=2427"}],"version-history":[{"count":33,"href":"https:\/\/www.xn--htuna-hbo-tibble-dobg.se\/index.php?rest_route=\/wp\/v2\/pages\/2427\/revisions"}],"predecessor-version":[{"id":6815,"href":"https:\/\/www.xn--htuna-hbo-tibble-dobg.se\/index.php?rest_route=\/wp\/v2\/pages\/2427\/revisions\/6815"}],"wp:attachment":[{"href":"https:\/\/www.xn--htuna-hbo-tibble-dobg.se\/index.php?rest_route=%2Fwp%2Fv2%2Fmedia&parent=2427"}],"curies":[{"name":"wp","href":"https:\/\/api.w.org\/{rel}","templated":true}]}}