{"id":2184,"date":"2012-10-22T19:07:59","date_gmt":"2012-10-22T17:07:59","guid":{"rendered":"http:\/\/www.xn--htuna-hbo-tibble-dobg.se\/?page_id=2184"},"modified":"2013-10-19T16:41:29","modified_gmt":"2013-10-19T14:41:29","slug":"bjornhall","status":"publish","type":"page","link":"https:\/\/www.xn--htuna-hbo-tibble-dobg.se\/?page_id=2184","title":{"rendered":"Bj\u00f6rnh\u00e4ll"},"content":{"rendered":"<p><a href=\"https:\/\/www.xn--htuna-hbo-tibble-dobg.se\/wp-content\/uploads\/2012\/10\/Bj\u00f6rnh\u00e4ll2.jpg\"><img loading=\"lazy\" decoding=\"async\" class=\"aligncenter size-thumbnail wp-image-5174\" alt=\"Bj\u00f6rnh\u00e4ll2\" src=\"https:\/\/www.xn--htuna-hbo-tibble-dobg.se\/wp-content\/uploads\/2012\/10\/Bj\u00f6rnh\u00e4ll2-150x150.jpg\" width=\"150\" height=\"150\" \/><\/a><img loading=\"lazy\" decoding=\"async\" class=\"size-medium wp-image-4919 alignleft\" alt=\"bj\u00f6rnh\u00e4ll\" src=\"https:\/\/www.xn--htuna-hbo-tibble-dobg.se\/wp-content\/uploads\/2012\/10\/bj\u00f6rnh\u00e4ll-300x99.jpg\" width=\"300\" height=\"109\" \/><strong><span style=\"text-decoration: underline; color: #003300;\">Ett torp under L\u00f6vsta uppf\u00f6rt i slutet av 1700-talet.<\/span><\/strong><br \/>\nF\u00f6rsta g\u00e5ngen omn\u00e4mnt med sitt namn\u00a0 i husf\u00f6rh\u00f6rsl\u00e4ngden \u00e5r 1803-09.<br \/>\n(Extra)Roteringskarlen och kyrkvaktare Anders Olsson Svan f\u00f6dd 1784 och hans hustru Greta Stina Wall bodde d\u00e5 d\u00e4r med\u00a0 barn och sv\u00e4rmor. Hustrun l\u00e4ste klent och kunde inte sin katekes. Sonen Anders l\u00e4rde sig l\u00e4sa av smeden Falks hustru i Kurhagen. Dottern Lovisa och sonen Carl Gustaf l\u00e4spade. Sv\u00e4rmodern nj\u00f6t sin salighet =(d\u00f6r 1832). Tv\u00e5\u00a0 \u00e5r\u00a0 senare d\u00f6r Anders Olsson Svan. Allt detta kan vi l\u00e4sa i kyrkboken. Torpet \u00e4r rivet. Bakom Bj\u00f6rnh\u00e4ll finns ett omr\u00e5de som kallas Dammk\u00e4rret.<\/p>\n","protected":false},"excerpt":{"rendered":"<p>Ett torp under L\u00f6vsta uppf\u00f6rt i slutet av 1700-talet. F\u00f6rsta g\u00e5ngen omn\u00e4mnt med sitt namn\u00a0 i husf\u00f6rh\u00f6rsl\u00e4ngden \u00e5r 1803-09. (Extra)Roteringskarlen och kyrkvaktare Anders Olsson Svan f\u00f6dd 1784 och hans hustru Greta Stina Wall bodde d\u00e5 d\u00e4r med\u00a0 barn och sv\u00e4rmor. &hellip; <a href=\"https:\/\/www.xn--htuna-hbo-tibble-dobg.se\/?page_id=2184\">Forts\u00e4tt l\u00e4sa <span class=\"meta-nav\">&rarr;<\/span><\/a><\/p>\n","protected":false},"author":1,"featured_media":0,"parent":500,"menu_order":0,"comment_status":"closed","ping_status":"open","template":"","meta":{"ngg_post_thumbnail":0,"footnotes":""},"class_list":["post-2184","page","type-page","status-publish","hentry"],"_links":{"self":[{"href":"https:\/\/www.xn--htuna-hbo-tibble-dobg.se\/index.php?rest_route=\/wp\/v2\/pages\/2184","targetHints":{"allow":["GET"]}}],"collection":[{"href":"https:\/\/www.xn--htuna-hbo-tibble-dobg.se\/index.php?rest_route=\/wp\/v2\/pages"}],"about":[{"href":"https:\/\/www.xn--htuna-hbo-tibble-dobg.se\/index.php?rest_route=\/wp\/v2\/types\/page"}],"author":[{"embeddable":true,"href":"https:\/\/www.xn--htuna-hbo-tibble-dobg.se\/index.php?rest_route=\/wp\/v2\/users\/1"}],"replies":[{"embeddable":true,"href":"https:\/\/www.xn--htuna-hbo-tibble-dobg.se\/index.php?rest_route=%2Fwp%2Fv2%2Fcomments&post=2184"}],"version-history":[{"count":13,"href":"https:\/\/www.xn--htuna-hbo-tibble-dobg.se\/index.php?rest_route=\/wp\/v2\/pages\/2184\/revisions"}],"predecessor-version":[{"id":5253,"href":"https:\/\/www.xn--htuna-hbo-tibble-dobg.se\/index.php?rest_route=\/wp\/v2\/pages\/2184\/revisions\/5253"}],"up":[{"embeddable":true,"href":"https:\/\/www.xn--htuna-hbo-tibble-dobg.se\/index.php?rest_route=\/wp\/v2\/pages\/500"}],"wp:attachment":[{"href":"https:\/\/www.xn--htuna-hbo-tibble-dobg.se\/index.php?rest_route=%2Fwp%2Fv2%2Fmedia&parent=2184"}],"curies":[{"name":"wp","href":"https:\/\/api.w.org\/{rel}","templated":true}]}}