{"id":2105,"date":"2012-10-20T21:54:09","date_gmt":"2012-10-20T19:54:09","guid":{"rendered":"http:\/\/www.xn--htuna-hbo-tibble-dobg.se\/?page_id=2105"},"modified":"2016-04-18T18:04:32","modified_gmt":"2016-04-18T16:04:32","slug":"hatunaholm-2","status":"publish","type":"page","link":"https:\/\/www.xn--htuna-hbo-tibble-dobg.se\/?page_id=2105","title":{"rendered":"H\u00e5tunaholms G\u00e5rd"},"content":{"rendered":"<p><img loading=\"lazy\" decoding=\"async\" class=\"size-medium wp-image-5953 aligncenter\" src=\"https:\/\/www.xn--htuna-hbo-tibble-dobg.se\/wp-content\/uploads\/2012\/10\/1911-300x235.jpg\" alt=\"1911\" width=\"300\" height=\"235\" srcset=\"https:\/\/www.xn--htuna-hbo-tibble-dobg.se\/wp-content\/uploads\/2012\/10\/1911-300x235.jpg 300w, https:\/\/www.xn--htuna-hbo-tibble-dobg.se\/wp-content\/uploads\/2012\/10\/1911-768x600.jpg 768w, https:\/\/www.xn--htuna-hbo-tibble-dobg.se\/wp-content\/uploads\/2012\/10\/1911.jpg 802w\" sizes=\"auto, (max-width: 300px) 100vw, 300px\" \/><\/p>\n<div id='gallery-1' class='gallery galleryid-2105 gallery-columns-3 gallery-size-thumbnail'><dl class='gallery-item'>\n\t\t\t<dt class='gallery-icon landscape'>\n\t\t\t\t<img loading=\"lazy\" decoding=\"async\" width=\"150\" height=\"150\" src=\"https:\/\/www.xn--htuna-hbo-tibble-dobg.se\/wp-content\/uploads\/2015\/07\/H\u00e5tunaholm-karta-1734-150x150.jpg\" class=\"attachment-thumbnail size-thumbnail\" alt=\"\" aria-describedby=\"gallery-1-5677\" \/>\n\t\t\t<\/dt>\n\t\t\t\t<dd class='wp-caption-text gallery-caption' id='gallery-1-5677'>\n\t\t\t\tDetalj fr\u00e5n karta 1700 tal\n\t\t\t\t<\/dd><\/dl><dl class='gallery-item'>\n\t\t\t<dt class='gallery-icon landscape'>\n\t\t\t\t<img loading=\"lazy\" decoding=\"async\" width=\"150\" height=\"150\" src=\"https:\/\/www.xn--htuna-hbo-tibble-dobg.se\/wp-content\/uploads\/2015\/07\/V_NTHALL_H_TUNAHOLMS_BRYGG0-150x150.jpg\" class=\"attachment-thumbnail size-thumbnail\" alt=\"\" aria-describedby=\"gallery-1-5675\" \/>\n\t\t\t<\/dt>\n\t\t\t\t<dd class='wp-caption-text gallery-caption' id='gallery-1-5675'>\n\t\t\t\t\u00c4ldre v\u00e4nthall vid H\u00e5tunaholms brygga\n\t\t\t\t<\/dd><\/dl><dl class='gallery-item'>\n\t\t\t<dt class='gallery-icon landscape'>\n\t\t\t\t<img loading=\"lazy\" decoding=\"async\" width=\"150\" height=\"150\" src=\"https:\/\/www.xn--htuna-hbo-tibble-dobg.se\/wp-content\/uploads\/2015\/07\/H_TUNAHOLM-150x150.jpg\" class=\"attachment-thumbnail size-thumbnail\" alt=\"\" aria-describedby=\"gallery-1-5679\" \/>\n\t\t\t<\/dt>\n\t\t\t\t<dd class='wp-caption-text gallery-caption' id='gallery-1-5679'>\n\t\t\t\tSj\u00f6motiv fr H\u00e5tunaholm\/ vykort Upsala kontorsbokfabrik. UK 5409\n\t\t\t\t<\/dd><\/dl><br style=\"clear: both\" \/>\n\t\t<\/div>\n\n<p style=\"text-align: center;\"><span style=\"color: #000080;\"><a href=\"https:\/\/www.xn--htuna-hbo-tibble-dobg.se\/wp-content\/uploads\/2012\/10\/2012_08_30_12_23_22.pdf\"><span style=\"color: #000080;\">H\u00e5tunaholms historia skriven av K\u00e5re Wijkander<\/span><\/a><\/span><\/p>\n<table border=\"0\">\n<tbody>\n<tr>\n<td style=\"background-color: #ff0000; border: 1px solid #000099;\"><\/td>\n<td style=\"background-color: #000066;\"><\/td>\n<\/tr>\n<\/tbody>\n<\/table>\n<p style=\"text-align: center;\">Danska motst\u00e5ndsm\u00e4n i H\u00e5tuna<\/p>\n<p><a href=\"https:\/\/www.xn--htuna-hbo-tibble-dobg.se\/wp-content\/uploads\/2012\/10\/DANFORCE_DANSK_SOLDAT_I_SVE.jpg\"><img loading=\"lazy\" decoding=\"async\" class=\"aligncenter size-thumbnail wp-image-2106\" title=\"DANFORCE_DANSK_SOLDAT_I_SVERIGE\" src=\"https:\/\/www.xn--htuna-hbo-tibble-dobg.se\/wp-content\/uploads\/2012\/10\/DANFORCE_DANSK_SOLDAT_I_SVE-133x150.jpg\" alt=\"\" width=\"133\" height=\"150\" \/><\/a><\/p>\n<p style=\"text-align: center;\"><a href=\"https:\/\/www.xn--htuna-hbo-tibble-dobg.se\/wp-content\/uploads\/2012\/10\/DANFORS_IH_TUNA.pdf\">Den Danske Brigade DANFORCE<\/a><br \/>\n<a href=\"https:\/\/www.xn--htuna-hbo-tibble-dobg.se\/wp-content\/uploads\/2012\/10\/AFFISCH_FOTOUTST_DANFORCE_5.pdf\">AFFISCH_FOTOUTST_DANFORCE_5<\/a><a href=\"https:\/\/www.xn--htuna-hbo-tibble-dobg.se\/wp-content\/uploads\/2012\/10\/DANSKA_MOTST_NDSM_N_H_TUNA1.jpg\"><img loading=\"lazy\" decoding=\"async\" class=\"aligncenter size-medium wp-image-2108\" title=\"Danska motst\u00e5ndsm\u00e4n H\u00e5tuna. 50 \u00e5r\" src=\"https:\/\/www.xn--htuna-hbo-tibble-dobg.se\/wp-content\/uploads\/2012\/10\/DANSKA_MOTST_NDSM_N_H_TUNA1-300x229.jpg\" alt=\"\" width=\"300\" height=\"229\" srcset=\"https:\/\/www.xn--htuna-hbo-tibble-dobg.se\/wp-content\/uploads\/2012\/10\/DANSKA_MOTST_NDSM_N_H_TUNA1-300x229.jpg 300w, https:\/\/www.xn--htuna-hbo-tibble-dobg.se\/wp-content\/uploads\/2012\/10\/DANSKA_MOTST_NDSM_N_H_TUNA1-1024x781.jpg 1024w, https:\/\/www.xn--htuna-hbo-tibble-dobg.se\/wp-content\/uploads\/2012\/10\/DANSKA_MOTST_NDSM_N_H_TUNA1.jpg 1551w\" sizes=\"auto, (max-width: 300px) 100vw, 300px\" \/><\/a><\/p>\n","protected":false},"excerpt":{"rendered":"<p>H\u00e5tunaholms historia skriven av K\u00e5re Wijkander Danska motst\u00e5ndsm\u00e4n i H\u00e5tuna Den Danske Brigade DANFORCE AFFISCH_FOTOUTST_DANFORCE_5<\/p>\n","protected":false},"author":1,"featured_media":0,"parent":0,"menu_order":0,"comment_status":"closed","ping_status":"closed","template":"","meta":{"ngg_post_thumbnail":0,"footnotes":""},"class_list":["post-2105","page","type-page","status-publish","hentry"],"_links":{"self":[{"href":"https:\/\/www.xn--htuna-hbo-tibble-dobg.se\/index.php?rest_route=\/wp\/v2\/pages\/2105","targetHints":{"allow":["GET"]}}],"collection":[{"href":"https:\/\/www.xn--htuna-hbo-tibble-dobg.se\/index.php?rest_route=\/wp\/v2\/pages"}],"about":[{"href":"https:\/\/www.xn--htuna-hbo-tibble-dobg.se\/index.php?rest_route=\/wp\/v2\/types\/page"}],"author":[{"embeddable":true,"href":"https:\/\/www.xn--htuna-hbo-tibble-dobg.se\/index.php?rest_route=\/wp\/v2\/users\/1"}],"replies":[{"embeddable":true,"href":"https:\/\/www.xn--htuna-hbo-tibble-dobg.se\/index.php?rest_route=%2Fwp%2Fv2%2Fcomments&post=2105"}],"version-history":[{"count":14,"href":"https:\/\/www.xn--htuna-hbo-tibble-dobg.se\/index.php?rest_route=\/wp\/v2\/pages\/2105\/revisions"}],"predecessor-version":[{"id":5954,"href":"https:\/\/www.xn--htuna-hbo-tibble-dobg.se\/index.php?rest_route=\/wp\/v2\/pages\/2105\/revisions\/5954"}],"wp:attachment":[{"href":"https:\/\/www.xn--htuna-hbo-tibble-dobg.se\/index.php?rest_route=%2Fwp%2Fv2%2Fmedia&parent=2105"}],"curies":[{"name":"wp","href":"https:\/\/api.w.org\/{rel}","templated":true}]}}