{"id":2041,"date":"2012-10-18T19:36:50","date_gmt":"2012-10-18T17:36:50","guid":{"rendered":"http:\/\/www.xn--htuna-hbo-tibble-dobg.se\/?page_id=2041"},"modified":"2018-08-08T18:57:51","modified_gmt":"2018-08-08T16:57:51","slug":"kvarnnibble-gard","status":"publish","type":"page","link":"https:\/\/www.xn--htuna-hbo-tibble-dobg.se\/?page_id=2041","title":{"rendered":"Kvarnnibble"},"content":{"rendered":"<table class=\"wp-caption-text\" style=\"width: 661px; height: 914px; border: 0px solid #003300;\" frame=\"above\" border=\"0\">\n<tbody>\n<tr>\n<td style=\"background-color: #f0e68c; text-align: center;\">\n<h3><strong><span style=\"color: #003300;\">KVARNNIBBLE G\u00c5RD <\/span><\/strong><strong><br \/>\n<\/strong><\/h3>\n<\/td>\n<td style=\"background-color: #f0e68c; text-align: center;\">&nbsp;<\/td>\n<td style=\"background-color: #f0e68c; text-align: center;\">&nbsp;<\/td>\n<\/tr>\n<tr>\n<td style=\"background-color: #f0e68c;\">\n<p style=\"text-align: justify;\"><span style=\"color: #003300;\">N\u00e4mns f\u00f6rst 1612 och stavas d\u00e5 med Q. Tidigare bos\u00e4ttningar finns i form av j\u00e4rn\u00e5ldersgravar. \u00c5r 1762 vid storskiftet bestod Q av tre g\u00e5rdar, tv\u00e5 mantal skatterusth\u00e5ll med tillh\u00f6rande dragontorp (nr 20 och 21)&nbsp; samt ett skattehemman. G\u00e5rdarnas namn <\/span><strong><span style=\"color: #003300;\">Oppg\u00e5rden<\/span><span style=\"color: #003300;\">, Mellang\u00e5rden<\/span><\/strong> <span style=\"color: #003300;\">och <\/span><strong><span style=\"color: #003300;\">Nederg\u00e5rden.<\/span><\/strong><span style=\"color: #003300;\"> I samband med laga skiftet 1855 flyttades Nederg\u00e5rden till sin nuvarande plats ca 1 km sydv\u00e4st fr\u00e5n Kvarnnibble by.<\/span><\/p>\n<h4><a href=\"https:\/\/www.xn--htuna-hbo-tibble-dobg.se\/wp-content\/uploads\/2012\/10\/kvarnnibble.jpg\"><img loading=\"lazy\" decoding=\"async\" class=\"size-medium wp-image-4488 aligncenter\" title=\"Kvarnnibble 1936\" src=\"https:\/\/www.xn--htuna-hbo-tibble-dobg.se\/wp-content\/uploads\/2012\/10\/kvarnnibble-300x206.jpg\" alt=\"\" width=\"300\" height=\"206\" srcset=\"https:\/\/www.xn--htuna-hbo-tibble-dobg.se\/wp-content\/uploads\/2012\/10\/kvarnnibble-300x206.jpg 300w, https:\/\/www.xn--htuna-hbo-tibble-dobg.se\/wp-content\/uploads\/2012\/10\/kvarnnibble.jpg 576w\" sizes=\"auto, (max-width: 300px) 100vw, 300px\" \/><\/a><\/h4>\n<\/td>\n<td style=\"background-color: #f0e68c;\">&nbsp;<\/td>\n<td style=\"background-color: #f0e68c;\">&nbsp;<\/td>\n<\/tr>\n<tr>\n<td style=\"background-color: #f0e68c;\">\n<ul>\n<li><span style=\"color: #000080;\"><a style=\"color: #000080;\" href=\"https:\/\/www.xn--htuna-hbo-tibble-dobg.se\/?page_id=5824\"> Bolinder<\/a><\/span><\/li>\n<li><a href=\"https:\/\/www.xn--htuna-hbo-tibble-dobg.se\/wp-content\/uploads\/2013\/02\/aktuell-intervju.till%C3%A4gg.pdf\">Intervju Staffan Tesch 1<\/a><\/li>\n<li><span style=\"color: #000080;\"><a href=\"https:\/\/www.xn--htuna-hbo-tibble-dobg.se\/wp-content\/uploads\/2012\/10\/2012_10_04_14_39_37.pdf\"><span style=\"color: #000080;\">Intervju Staffan Tesch 2<br \/>\n<\/span><\/a><\/span><\/li>\n<li><span style=\"color: #000080;\"><a href=\"https:\/\/www.xn--htuna-hbo-tibble-dobg.se\/wp-content\/uploads\/2012\/10\/Staffan-Tesch-tycker-till.pdf\"><span style=\"color: #000080;\">Staffan Tesch tycker till<\/span><\/a><\/span><\/li>\n<li><span style=\"color: #000080;\"><span style=\"color: #000080;\"><span style=\"color: #003300;\"><span style=\"color: #000080;\"><a href=\"https:\/\/www.xn--htuna-hbo-tibble-dobg.se\/wp-content\/uploads\/2012\/10\/2012_10_04_15_09_36.pdf\"><span style=\"color: #000080;\">Efterlysning 1873 <\/span><\/a><a href=\"https:\/\/www.xn--htuna-hbo-tibble-dobg.se\/wp-content\/uploads\/2012\/10\/2012_10_04_15_17_02.pdf\"><span style=\"color: #000080;\"><br \/>\n<\/span><\/a><\/span><\/span><\/span><\/span><\/li>\n<li><span style=\"color: #000080;\"><span style=\"color: #000080;\"><span style=\"color: #003300;\"><span style=\"color: #000080;\"><a href=\"https:\/\/www.xn--htuna-hbo-tibble-dobg.se\/wp-content\/uploads\/2012\/10\/2012_10_04_15_05_12.pdf\"><span style=\"color: #000080;\">Kvarnnibble 1936<\/span><\/a><a href=\"https:\/\/www.xn--htuna-hbo-tibble-dobg.se\/wp-content\/uploads\/2012\/10\/skottdagen-192.pdf\"><span style=\"color: #000080;\"><br \/>\n<\/span><\/a><\/span><\/span><\/span><\/span><\/li>\n<li><span style=\"color: #000080;\"><span style=\"color: #000080;\"><span style=\"color: #003300;\"><span style=\"color: #000080;\"><a href=\"https:\/\/www.xn--htuna-hbo-tibble-dobg.se\/wp-content\/uploads\/2012\/10\/skottdagen-192.pdf\"><span style=\"color: #000080;\">Skottdagen 1912<\/span><\/a><\/span><a href=\"https:\/\/www.xn--htuna-hbo-tibble-dobg.se\/wp-content\/uploads\/2012\/10\/2012_10_04_14_39_37.pdf\"><br \/>\n<\/a><\/span><\/span><\/span><\/li>\n<\/ul>\n<\/td>\n<td style=\"background-color: #f0e68c;\">&nbsp;<\/td>\n<td style=\"background-color: #f0e68c;\">&nbsp;<\/td>\n<\/tr>\n<tr>\n<td style=\"background-color: #f0e68c;\">\n<h3 style=\"text-align: center;\"><strong><span style=\"color: #003300;\">Torp vid Kvarnnibble<\/span><\/strong><\/h3>\n<p><a href=\"https:\/\/www.xn--htuna-hbo-tibble-dobg.se\/?page_id=7803\">Erik Lars torp<\/a>, F\u00e5gels\u00e5ngen&nbsp; Gr\u00f6nlund (Nybygget) Hagtorp&nbsp; <a href=\"https:\/\/www.xn--htuna-hbo-tibble-dobg.se\/?page_id=7362&amp;preview=true\">Lihagen<\/a>&nbsp; Lilltorpet<br \/>\nLunda, Nytorp, V\u00e4gstugan&nbsp; Kvarnnibble torpen (by vid kvarnnibble)<br \/>\n<a title=\"\u00c5backen (\u00c5torpet)\" href=\"https:\/\/www.xn--htuna-hbo-tibble-dobg.se\/?page_id=4232\">\u00c5backen (\u00c5torpet)&nbsp;<\/a><\/td>\n<td style=\"background-color: #f0e68c;\">&nbsp;<\/td>\n<td style=\"background-color: #f0e68c;\">&nbsp;<\/td>\n<\/tr>\n<tr>\n<td style=\"background-color: #f0e68c;\">\n<h4 style=\"text-align: center;\"><span style=\"color: #000080;\"><a title=\"Dragoner p\u00e5 Kvarnnibble\" href=\"https:\/\/www.xn--htuna-hbo-tibble-dobg.se\/?page_id=3247\"><span style=\"color: #000080;\">Dragoner p\u00e5 Kvarnnibble<\/span><\/a><\/span><\/h4>\n<\/td>\n<td style=\"background-color: #f0e68c;\">&nbsp;<\/td>\n<td style=\"background-color: #f0e68c;\">&nbsp;<\/td>\n<\/tr>\n<\/tbody>\n<\/table>\n<p>&nbsp;<\/p>\n<p>&nbsp;<\/p>\n<p><a href=\"https:\/\/www.xn--htuna-hbo-tibble-dobg.se\/wp-content\/uploads\/2012\/10\/handelstr\u00e4dg\u00e5rden.jpg\"><img loading=\"lazy\" decoding=\"async\" class=\"alignnone size-medium wp-image-2803\" title=\"handelstr\u00e4dg\u00e5rden\" src=\"https:\/\/www.xn--htuna-hbo-tibble-dobg.se\/wp-content\/uploads\/2012\/10\/handelstr\u00e4dg\u00e5rden-300x219.jpg\" alt=\"\" width=\"300\" height=\"219\" srcset=\"https:\/\/www.xn--htuna-hbo-tibble-dobg.se\/wp-content\/uploads\/2012\/10\/handelstr\u00e4dg\u00e5rden-300x219.jpg 300w, https:\/\/www.xn--htuna-hbo-tibble-dobg.se\/wp-content\/uploads\/2012\/10\/handelstr\u00e4dg\u00e5rden.jpg 356w\" sizes=\"auto, (max-width: 300px) 100vw, 300px\" \/><\/a><a href=\"https:\/\/www.xn--htuna-hbo-tibble-dobg.se\/wp-content\/uploads\/2012\/10\/handelstr\u00e4dg\u00e5rd2.jpg\"><img loading=\"lazy\" decoding=\"async\" class=\"alignnone size-medium wp-image-2804\" title=\"handelstr\u00e4dg\u00e5rd2\" src=\"https:\/\/www.xn--htuna-hbo-tibble-dobg.se\/wp-content\/uploads\/2012\/10\/handelstr\u00e4dg\u00e5rd2-300x170.jpg\" alt=\"\" width=\"300\" height=\"170\" srcset=\"https:\/\/www.xn--htuna-hbo-tibble-dobg.se\/wp-content\/uploads\/2012\/10\/handelstr\u00e4dg\u00e5rd2-300x170.jpg 300w, https:\/\/www.xn--htuna-hbo-tibble-dobg.se\/wp-content\/uploads\/2012\/10\/handelstr\u00e4dg\u00e5rd2.jpg 441w\" sizes=\"auto, (max-width: 300px) 100vw, 300px\" \/><\/a><\/p>\n<p style=\"text-align: center;\">Sigtuna Nya Tidning 15 mars 1912<\/p>\n<p><span style=\"color: #000080;\"><a href=\"https:\/\/www.xn--htuna-hbo-tibble-dobg.se\/wp-content\/uploads\/2012\/10\/15-mars-1912.jpg\"><img loading=\"lazy\" decoding=\"async\" class=\"size-medium wp-image-2528 aligncenter\" title=\"15 mars 1912\" src=\"https:\/\/www.xn--htuna-hbo-tibble-dobg.se\/wp-content\/uploads\/2012\/10\/15-mars-1912-300x163.jpg\" alt=\"\" width=\"300\" height=\"163\" srcset=\"https:\/\/www.xn--htuna-hbo-tibble-dobg.se\/wp-content\/uploads\/2012\/10\/15-mars-1912-300x163.jpg 300w, https:\/\/www.xn--htuna-hbo-tibble-dobg.se\/wp-content\/uploads\/2012\/10\/15-mars-1912.jpg 498w\" sizes=\"auto, (max-width: 300px) 100vw, 300px\" \/><\/a><\/span><\/p>\n<p>&nbsp;<\/p>\n","protected":false},"excerpt":{"rendered":"<p>KVARNNIBBLE G\u00c5RD &nbsp; &nbsp; N\u00e4mns f\u00f6rst 1612 och stavas d\u00e5 med Q. Tidigare bos\u00e4ttningar finns i form av j\u00e4rn\u00e5ldersgravar. \u00c5r 1762 vid storskiftet bestod Q av tre g\u00e5rdar, tv\u00e5 mantal skatterusth\u00e5ll med tillh\u00f6rande dragontorp (nr 20 och 21)&nbsp; samt ett &hellip; <a href=\"https:\/\/www.xn--htuna-hbo-tibble-dobg.se\/?page_id=2041\">Forts\u00e4tt l\u00e4sa <span class=\"meta-nav\">&rarr;<\/span><\/a><\/p>\n","protected":false},"author":1,"featured_media":0,"parent":0,"menu_order":0,"comment_status":"closed","ping_status":"open","template":"","meta":{"ngg_post_thumbnail":0,"footnotes":""},"class_list":["post-2041","page","type-page","status-publish","hentry"],"_links":{"self":[{"href":"https:\/\/www.xn--htuna-hbo-tibble-dobg.se\/index.php?rest_route=\/wp\/v2\/pages\/2041","targetHints":{"allow":["GET"]}}],"collection":[{"href":"https:\/\/www.xn--htuna-hbo-tibble-dobg.se\/index.php?rest_route=\/wp\/v2\/pages"}],"about":[{"href":"https:\/\/www.xn--htuna-hbo-tibble-dobg.se\/index.php?rest_route=\/wp\/v2\/types\/page"}],"author":[{"embeddable":true,"href":"https:\/\/www.xn--htuna-hbo-tibble-dobg.se\/index.php?rest_route=\/wp\/v2\/users\/1"}],"replies":[{"embeddable":true,"href":"https:\/\/www.xn--htuna-hbo-tibble-dobg.se\/index.php?rest_route=%2Fwp%2Fv2%2Fcomments&post=2041"}],"version-history":[{"count":60,"href":"https:\/\/www.xn--htuna-hbo-tibble-dobg.se\/index.php?rest_route=\/wp\/v2\/pages\/2041\/revisions"}],"predecessor-version":[{"id":7833,"href":"https:\/\/www.xn--htuna-hbo-tibble-dobg.se\/index.php?rest_route=\/wp\/v2\/pages\/2041\/revisions\/7833"}],"wp:attachment":[{"href":"https:\/\/www.xn--htuna-hbo-tibble-dobg.se\/index.php?rest_route=%2Fwp%2Fv2%2Fmedia&parent=2041"}],"curies":[{"name":"wp","href":"https:\/\/api.w.org\/{rel}","templated":true}]}}