{"id":1701,"date":"2012-10-12T19:19:59","date_gmt":"2012-10-12T17:19:59","guid":{"rendered":"http:\/\/xn--htuna-hbo-tibble-dobg.se\/?page_id=1701"},"modified":"2013-03-07T14:51:40","modified_gmt":"2013-03-07T13:51:40","slug":"skallsta-grafitgruva","status":"publish","type":"page","link":"https:\/\/www.xn--htuna-hbo-tibble-dobg.se\/?page_id=1701","title":{"rendered":"Sk\u00e4llsta Grafitgruva"},"content":{"rendered":"<div id='gallery-1' class='gallery galleryid-1701 gallery-columns-3 gallery-size-thumbnail'><dl class='gallery-item'>\n\t\t\t<dt class='gallery-icon landscape'>\n\t\t\t\t<a href='https:\/\/www.xn--htuna-hbo-tibble-dobg.se\/wp-content\/uploads\/2012\/10\/V\u00e4rmestuga-fr\u00e5n-Gruvan-Nor.jpg'><img loading=\"lazy\" decoding=\"async\" width=\"150\" height=\"150\" src=\"https:\/\/www.xn--htuna-hbo-tibble-dobg.se\/wp-content\/uploads\/2012\/10\/V\u00e4rmestuga-fr\u00e5n-Gruvan-Nor-150x150.jpg\" class=\"attachment-thumbnail size-thumbnail\" alt=\"\" aria-describedby=\"gallery-1-4242\" \/><\/a>\n\t\t\t<\/dt>\n\t\t\t\t<dd class='wp-caption-text gallery-caption' id='gallery-1-4242'>\n\t\t\t\tV\u00e4rmestuga fr\u00e5n gruvan. St\u00e5r i dag p\u00e5 Norr\u00e4nge. \n\t\t\t\t<\/dd><\/dl><dl class='gallery-item'>\n\t\t\t<dt class='gallery-icon landscape'>\n\t\t\t\t<a href='https:\/\/www.xn--htuna-hbo-tibble-dobg.se\/wp-content\/uploads\/2012\/10\/sk\u00e4llstagruvanBK-2.jpg'><img loading=\"lazy\" decoding=\"async\" width=\"150\" height=\"150\" src=\"https:\/\/www.xn--htuna-hbo-tibble-dobg.se\/wp-content\/uploads\/2012\/10\/sk\u00e4llstagruvanBK-2-150x150.jpg\" class=\"attachment-thumbnail size-thumbnail\" alt=\"\" aria-describedby=\"gallery-1-1702\" \/><\/a>\n\t\t\t<\/dt>\n\t\t\t\t<dd class='wp-caption-text gallery-caption' id='gallery-1-1702'>\n\t\t\t\tSk\u00e4llsta Gruva\n\t\t\t\t<\/dd><\/dl><dl class='gallery-item'>\n\t\t\t<dt class='gallery-icon landscape'>\n\t\t\t\t<a href='https:\/\/www.xn--htuna-hbo-tibble-dobg.se\/wp-content\/uploads\/2012\/10\/sk\u00e4llstakartaBK.jpg'><img loading=\"lazy\" decoding=\"async\" width=\"150\" height=\"150\" src=\"https:\/\/www.xn--htuna-hbo-tibble-dobg.se\/wp-content\/uploads\/2012\/10\/sk\u00e4llstakartaBK-150x150.jpg\" class=\"attachment-thumbnail size-thumbnail\" alt=\"\" aria-describedby=\"gallery-1-1703\" \/><\/a>\n\t\t\t<\/dt>\n\t\t\t\t<dd class='wp-caption-text gallery-caption' id='gallery-1-1703'>\n\t\t\t\tSk\u00e4llsta gruvkarta\n\t\t\t\t<\/dd><\/dl><br style=\"clear: both\" \/>\n\t\t<\/div>\n\n<table border=\"0\">\n<tbody>\n<tr>\n<td style=\"text-align: center; background-color: #b2bdbc;\">Protokoll mm ang. Sk\u00e4llsta Gruva fr\u00e5n UKF<\/td>\n<\/tr>\n<tr>\n<td style=\"text-align: center;\" align=\"left\"><span style=\"color: #000080;\"><span style=\"color: #000080;\"><a href=\"http:\/\/xn--htuna-hbo-tibble-dobg.se\/wp-content\/uploads\/2012\/10\/2012_08_22_11_44_55.pdf\"><span style=\"color: #000080;\">Utl\u00e5tande 1928<\/span><\/a>,\u00a0 <a href=\"http:\/\/xn--htuna-hbo-tibble-dobg.se\/wp-content\/uploads\/2012\/10\/2012_08_22_11_44_55.pdf\"><span style=\"color: #000080;\">Protokoll 1924<\/span><\/a>,\u00a0\u00a0 <a href=\"http:\/\/xn--htuna-hbo-tibble-dobg.se\/wp-content\/uploads\/2012\/10\/2012_08_22_11_47_29.pdf\"><span style=\"color: #000080;\">Grafitf\u00f6rekomster 1979<\/span><\/a><a style=\"color: #000080;\" href=\"http:\/\/xn--htuna-hbo-tibble-dobg.se\/wp-content\/uploads\/2012\/10\/2012_08_22_11_48_24.pdf\"><span style=\"color: #000080;\"><br \/>\nBergsingenj\u00f6r Harry<\/span><\/a><a href=\"http:\/\/xn--htuna-hbo-tibble-dobg.se\/wp-content\/uploads\/2012\/10\/2012_08_22_11_49_21.pdf\"><span style=\"color: #000080;\">Nathorst<\/span><\/a><\/span><\/span><span style=\"color: #000080;\"><a href=\"http:\/\/xn--htuna-hbo-tibble-dobg.se\/wp-content\/uploads\/2012\/10\/Ortsbor-ber\u00e4ttar-1.doc\"><span style=\"color: #000080;\">Ortsbor ber\u00e4ttar 1<\/span><\/a>\u00a0 <a href=\"http:\/\/xn--htuna-hbo-tibble-dobg.se\/wp-content\/uploads\/2012\/10\/Ortsbor-ber\u00e4ttar-1b.doc\"><span style=\"color: #000080;\">Ortsbor ber\u00e4ttar 1b<\/span><\/a><\/span><\/td>\n<\/tr>\n<\/tbody>\n<\/table>\n<p><span style=\"color: #000080;\">\u00a0<\/span><br \/>\n<span style=\"color: #000080;\"><a href=\"http:\/\/xn--htuna-hbo-tibble-dobg.se\/wp-content\/uploads\/2012\/10\/2012_08_22_11_44_55.pdf\"><span style=\"color: #000080;\"><br \/>\n<\/span><\/a><a href=\"http:\/\/xn--htuna-hbo-tibble-dobg.se\/wp-content\/uploads\/2012\/10\/2012_08_22_11_44_55.pdf\"><span style=\"color: #000080;\"><br \/>\n<\/span><\/a><a href=\"http:\/\/xn--htuna-hbo-tibble-dobg.se\/wp-content\/uploads\/2012\/10\/2012_08_22_11_44_55.pdf\"><span style=\"color: #000080;\"><br \/>\n<\/span><\/a><a href=\"http:\/\/xn--htuna-hbo-tibble-dobg.se\/wp-content\/uploads\/2012\/10\/2012_08_22_11_48_24.pdf\"><span style=\"color: #000080;\"><br \/>\n<\/span><\/a><a href=\"http:\/\/xn--htuna-hbo-tibble-dobg.se\/wp-content\/uploads\/2012\/10\/2012_08_22_11_49_21.pdf\"><span style=\"color: #000080;\"><br \/>\n<\/span><\/a><a href=\"http:\/\/xn--htuna-hbo-tibble-dobg.se\/wp-content\/uploads\/2012\/10\/2012_08_22_11_49_21.pdf\"><span style=\"color: #000080;\"><br \/>\n<\/span><\/a><a href=\"http:\/\/xn--htuna-hbo-tibble-dobg.se\/wp-content\/uploads\/2012\/10\/2012_08_22_11_49_21.pdf\"><span style=\"color: #000080;\"><br \/>\n<\/span><\/a><\/span><\/p>\n<p><a href=\"http:\/\/xn--htuna-hbo-tibble-dobg.se\/wp-content\/uploads\/2012\/10\/2012_08_22_11_49_21.pdf\"><br \/>\n<\/a><\/p>\n<p><a href=\"http:\/\/xn--htuna-hbo-tibble-dobg.se\/wp-content\/uploads\/2012\/10\/2012_08_22_11_44_55.pdf\"><br \/>\n<\/a><\/p>\n","protected":false},"excerpt":{"rendered":"<p>Protokoll mm ang. Sk\u00e4llsta Gruva fr\u00e5n UKF Utl\u00e5tande 1928,\u00a0 Protokoll 1924,\u00a0\u00a0 Grafitf\u00f6rekomster 1979 Bergsingenj\u00f6r HarryNathorstOrtsbor ber\u00e4ttar 1\u00a0 Ortsbor ber\u00e4ttar 1b \u00a0<\/p>\n","protected":false},"author":1,"featured_media":0,"parent":1728,"menu_order":0,"comment_status":"closed","ping_status":"open","template":"","meta":{"ngg_post_thumbnail":0,"footnotes":""},"class_list":["post-1701","page","type-page","status-publish","hentry"],"_links":{"self":[{"href":"https:\/\/www.xn--htuna-hbo-tibble-dobg.se\/index.php?rest_route=\/wp\/v2\/pages\/1701","targetHints":{"allow":["GET"]}}],"collection":[{"href":"https:\/\/www.xn--htuna-hbo-tibble-dobg.se\/index.php?rest_route=\/wp\/v2\/pages"}],"about":[{"href":"https:\/\/www.xn--htuna-hbo-tibble-dobg.se\/index.php?rest_route=\/wp\/v2\/types\/page"}],"author":[{"embeddable":true,"href":"https:\/\/www.xn--htuna-hbo-tibble-dobg.se\/index.php?rest_route=\/wp\/v2\/users\/1"}],"replies":[{"embeddable":true,"href":"https:\/\/www.xn--htuna-hbo-tibble-dobg.se\/index.php?rest_route=%2Fwp%2Fv2%2Fcomments&post=1701"}],"version-history":[{"count":21,"href":"https:\/\/www.xn--htuna-hbo-tibble-dobg.se\/index.php?rest_route=\/wp\/v2\/pages\/1701\/revisions"}],"predecessor-version":[{"id":1706,"href":"https:\/\/www.xn--htuna-hbo-tibble-dobg.se\/index.php?rest_route=\/wp\/v2\/pages\/1701\/revisions\/1706"}],"up":[{"embeddable":true,"href":"https:\/\/www.xn--htuna-hbo-tibble-dobg.se\/index.php?rest_route=\/wp\/v2\/pages\/1728"}],"wp:attachment":[{"href":"https:\/\/www.xn--htuna-hbo-tibble-dobg.se\/index.php?rest_route=%2Fwp%2Fv2%2Fmedia&parent=1701"}],"curies":[{"name":"wp","href":"https:\/\/api.w.org\/{rel}","templated":true}]}}