{"id":1557,"date":"2012-10-09T20:53:38","date_gmt":"2012-10-09T18:53:38","guid":{"rendered":"http:\/\/xn--htuna-hbo-tibble-dobg.se\/?page_id=1557"},"modified":"2015-07-18T21:29:58","modified_gmt":"2015-07-18T19:29:58","slug":"mariedal-2","status":"publish","type":"page","link":"https:\/\/www.xn--htuna-hbo-tibble-dobg.se\/?page_id=1557","title":{"rendered":"Mariedal"},"content":{"rendered":"<div id=\"attachment_1568\" style=\"width: 310px\" class=\"wp-caption aligncenter\"><a href=\"http:\/\/xn--htuna-hbo-tibble-dobg.se\/wp-content\/uploads\/2012\/10\/Familj-Mariedal.jpg\"><img loading=\"lazy\" decoding=\"async\" aria-describedby=\"caption-attachment-1568\" class=\"wp-image-1568 size-medium\" title=\"Familj-Mariedal\" src=\"https:\/\/www.xn--htuna-hbo-tibble-dobg.se\/wp-content\/uploads\/2012\/10\/Familj-Mariedal-300x229.jpg\" alt=\"\" width=\"300\" height=\"229\" srcset=\"https:\/\/www.xn--htuna-hbo-tibble-dobg.se\/wp-content\/uploads\/2012\/10\/Familj-Mariedal-300x229.jpg 300w, https:\/\/www.xn--htuna-hbo-tibble-dobg.se\/wp-content\/uploads\/2012\/10\/Familj-Mariedal.jpg 500w\" sizes=\"auto, (max-width: 300px) 100vw, 300px\" \/><\/a><p id=\"caption-attachment-1568\" class=\"wp-caption-text\">Familj \/Mariedal. Dessa personer \u00e4r ok\u00e4nda f\u00f6r oss. Kan n\u00e5gon identifiera dem, h\u00f6r g\u00e4rna av Er. Byggnaden \u00e4r Mariedal och kanske \u00e4r det Olsson (Olsson &amp; Rosenlund) som s\u00e5lde mark till &#8221;Egnahemmare&#8221; F\u00f6re uppstyckningen till sommarstugor, var Mariedal ett jordbruk. En dansbana fanns i parken.<\/p><\/div>\n<div id=\"attachment_5807\" style=\"width: 310px\" class=\"wp-caption aligncenter\"><img loading=\"lazy\" decoding=\"async\" aria-describedby=\"caption-attachment-5807\" class=\"wp-image-5807 size-medium\" src=\"https:\/\/www.xn--htuna-hbo-tibble-dobg.se\/wp-content\/uploads\/2012\/10\/Mariedal-300x215.jpg\" alt=\"Mariedal\" width=\"300\" height=\"215\" srcset=\"https:\/\/www.xn--htuna-hbo-tibble-dobg.se\/wp-content\/uploads\/2012\/10\/Mariedal-300x215.jpg 300w, https:\/\/www.xn--htuna-hbo-tibble-dobg.se\/wp-content\/uploads\/2012\/10\/Mariedal.jpg 788w\" sizes=\"auto, (max-width: 300px) 100vw, 300px\" \/><p id=\"caption-attachment-5807\" class=\"wp-caption-text\">Arbetare vid Mariedal ca 1920 tal<\/p><\/div>\n<p><a href=\"https:\/\/www.xn--htuna-hbo-tibble-dobg.se\/wp-content\/uploads\/2012\/10\/Bataljen-vid-Mariedal.pdf\">Bataljen vid Mariedal<br \/>\n<\/a><a href=\"https:\/\/www.xn--htuna-hbo-tibble-dobg.se\/wp-content\/uploads\/2012\/10\/Mariedal3.pdf\">Mariedal fr\u00e5n 1925<\/a><\/p>\n<p>&nbsp;<\/p>\n<p>&nbsp;<\/p>\n<p>&nbsp;<\/p>\n","protected":false},"excerpt":{"rendered":"<p>Bataljen vid Mariedal Mariedal fr\u00e5n 1925 &nbsp; &nbsp; &nbsp;<\/p>\n","protected":false},"author":1,"featured_media":0,"parent":507,"menu_order":0,"comment_status":"closed","ping_status":"open","template":"","meta":{"ngg_post_thumbnail":0,"footnotes":""},"class_list":["post-1557","page","type-page","status-publish","hentry"],"_links":{"self":[{"href":"https:\/\/www.xn--htuna-hbo-tibble-dobg.se\/index.php?rest_route=\/wp\/v2\/pages\/1557","targetHints":{"allow":["GET"]}}],"collection":[{"href":"https:\/\/www.xn--htuna-hbo-tibble-dobg.se\/index.php?rest_route=\/wp\/v2\/pages"}],"about":[{"href":"https:\/\/www.xn--htuna-hbo-tibble-dobg.se\/index.php?rest_route=\/wp\/v2\/types\/page"}],"author":[{"embeddable":true,"href":"https:\/\/www.xn--htuna-hbo-tibble-dobg.se\/index.php?rest_route=\/wp\/v2\/users\/1"}],"replies":[{"embeddable":true,"href":"https:\/\/www.xn--htuna-hbo-tibble-dobg.se\/index.php?rest_route=%2Fwp%2Fv2%2Fcomments&post=1557"}],"version-history":[{"count":11,"href":"https:\/\/www.xn--htuna-hbo-tibble-dobg.se\/index.php?rest_route=\/wp\/v2\/pages\/1557\/revisions"}],"predecessor-version":[{"id":5809,"href":"https:\/\/www.xn--htuna-hbo-tibble-dobg.se\/index.php?rest_route=\/wp\/v2\/pages\/1557\/revisions\/5809"}],"up":[{"embeddable":true,"href":"https:\/\/www.xn--htuna-hbo-tibble-dobg.se\/index.php?rest_route=\/wp\/v2\/pages\/507"}],"wp:attachment":[{"href":"https:\/\/www.xn--htuna-hbo-tibble-dobg.se\/index.php?rest_route=%2Fwp%2Fv2%2Fmedia&parent=1557"}],"curies":[{"name":"wp","href":"https:\/\/api.w.org\/{rel}","templated":true}]}}