{"id":1407,"date":"2012-10-22T15:44:07","date_gmt":"2012-10-22T13:44:07","guid":{"rendered":"http:\/\/xn--htuna-hbo-tibble-dobg.se\/?page_id=1407"},"modified":"2018-02-14T19:43:58","modified_gmt":"2018-02-14T18:43:58","slug":"killinge","status":"publish","type":"page","link":"https:\/\/www.xn--htuna-hbo-tibble-dobg.se\/?page_id=1407","title":{"rendered":"Killinge"},"content":{"rendered":"<p>Nu under Kvarnnibble<\/p>\n<p><img loading=\"lazy\" decoding=\"async\" class=\"aligncenter wp-image-2918 size-medium\" title=\"Killinge1\" src=\"https:\/\/www.xn--htuna-hbo-tibble-dobg.se\/wp-content\/uploads\/2012\/10\/Killinge1-300x208.jpg\" alt=\"\" width=\"300\" height=\"208\" srcset=\"https:\/\/www.xn--htuna-hbo-tibble-dobg.se\/wp-content\/uploads\/2012\/10\/Killinge1-300x208.jpg 300w, https:\/\/www.xn--htuna-hbo-tibble-dobg.se\/wp-content\/uploads\/2012\/10\/Killinge1-1024x711.jpg 1024w\" sizes=\"auto, (max-width: 300px) 100vw, 300px\" \/><\/p>\n<table class=\"wpGallery alignleft\" border=\"4\" align=\"left\">\n<tbody>\n<tr>\n<td class=\"wpGallery\" style=\"background-color: #dddfe0; text-align: center; border: 1px solid #000099;\"><span style=\"color: #000000;\">Parken<\/span><span style=\"color: #000080;\"><span style=\"color: #000080;\">&nbsp;<\/span><\/span> <span style=\"color: #000000;\">Torsgrind, R\u00e5stugan, Nydal<\/span><\/td>\n<\/tr>\n<tr>\n<td class=\"wpGallery\" style=\"text-align: justify; background-color: #dddfe0; border: 1px solid #000099;\">Killinge:&nbsp; Pr\u00e4stens anteckning i H\u00e5tunas&nbsp; d\u00f6dbok 1794Den 7 september begrofs bonden Olof Olofssons hustru Maja Stina Andersdotter, f\u00f6dd 1771, d\u00f6d den 30 augusti <em><strong>af en syn\u00e5ls instucknande uti det h\u00f6gra kn\u00e4et,&nbsp; hvilken ej f\u00f6rr\u00e4n vid slutet af hennes lefnad kunde uttagas. F\u00f6rde en stilla vandel och skaffade i synnerhet under sin&nbsp; sjukdom, med fruktan sin salighet.<\/strong><\/em><br \/>\n23 \u00e5r gammal.<\/td>\n<\/tr>\n<\/tbody>\n<\/table>\n<p>&nbsp;<\/p>\n<p>&nbsp;<\/p>\n<p>&nbsp;<\/p>\n<p>&nbsp;<\/p>\n<p>&nbsp;<\/p>\n","protected":false},"excerpt":{"rendered":"<p>Nu under Kvarnnibble Parken&nbsp; Torsgrind, R\u00e5stugan, Nydal Killinge:&nbsp; Pr\u00e4stens anteckning i H\u00e5tunas&nbsp; d\u00f6dbok 1794Den 7 september begrofs bonden Olof Olofssons hustru Maja Stina Andersdotter, f\u00f6dd 1771, d\u00f6d den 30 augusti af en syn\u00e5ls instucknande uti det h\u00f6gra kn\u00e4et,&nbsp; hvilken ej &hellip; <a href=\"https:\/\/www.xn--htuna-hbo-tibble-dobg.se\/?page_id=1407\">Forts\u00e4tt l\u00e4sa <span class=\"meta-nav\">&rarr;<\/span><\/a><\/p>\n","protected":false},"author":1,"featured_media":6952,"parent":0,"menu_order":0,"comment_status":"closed","ping_status":"closed","template":"","meta":{"ngg_post_thumbnail":0,"footnotes":""},"class_list":["post-1407","page","type-page","status-publish","has-post-thumbnail","hentry"],"_links":{"self":[{"href":"https:\/\/www.xn--htuna-hbo-tibble-dobg.se\/index.php?rest_route=\/wp\/v2\/pages\/1407","targetHints":{"allow":["GET"]}}],"collection":[{"href":"https:\/\/www.xn--htuna-hbo-tibble-dobg.se\/index.php?rest_route=\/wp\/v2\/pages"}],"about":[{"href":"https:\/\/www.xn--htuna-hbo-tibble-dobg.se\/index.php?rest_route=\/wp\/v2\/types\/page"}],"author":[{"embeddable":true,"href":"https:\/\/www.xn--htuna-hbo-tibble-dobg.se\/index.php?rest_route=\/wp\/v2\/users\/1"}],"replies":[{"embeddable":true,"href":"https:\/\/www.xn--htuna-hbo-tibble-dobg.se\/index.php?rest_route=%2Fwp%2Fv2%2Fcomments&post=1407"}],"version-history":[{"count":28,"href":"https:\/\/www.xn--htuna-hbo-tibble-dobg.se\/index.php?rest_route=\/wp\/v2\/pages\/1407\/revisions"}],"predecessor-version":[{"id":6954,"href":"https:\/\/www.xn--htuna-hbo-tibble-dobg.se\/index.php?rest_route=\/wp\/v2\/pages\/1407\/revisions\/6954"}],"wp:featuredmedia":[{"embeddable":true,"href":"https:\/\/www.xn--htuna-hbo-tibble-dobg.se\/index.php?rest_route=\/wp\/v2\/media\/6952"}],"wp:attachment":[{"href":"https:\/\/www.xn--htuna-hbo-tibble-dobg.se\/index.php?rest_route=%2Fwp%2Fv2%2Fmedia&parent=1407"}],"curies":[{"name":"wp","href":"https:\/\/api.w.org\/{rel}","templated":true}]}}