{"id":1217,"date":"2012-09-24T19:33:31","date_gmt":"2012-09-24T17:33:31","guid":{"rendered":"http:\/\/xn--htuna-hbo-tibble-dobg.se\/?page_id=1217"},"modified":"2018-02-12T18:55:57","modified_gmt":"2018-02-12T17:55:57","slug":"aske-folk-i-borjan-av-1900-talet","status":"publish","type":"page","link":"https:\/\/www.xn--htuna-hbo-tibble-dobg.se\/?page_id=1217","title":{"rendered":"Aske folk p\u00e5 1900 talet"},"content":{"rendered":"<p><a href=\"https:\/\/www.xn--htuna-hbo-tibble-dobg.se\/wp-content\/uploads\/2012\/09\/Julius-med-medalj.jpg\"><img loading=\"lazy\" decoding=\"async\" class=\"aligncenter size-medium wp-image-3014\" title=\"Julius-med-medalj\" src=\"https:\/\/www.xn--htuna-hbo-tibble-dobg.se\/wp-content\/uploads\/2012\/09\/Julius-med-medalj-190x300.jpg\" alt=\"\" width=\"190\" height=\"300\" srcset=\"https:\/\/www.xn--htuna-hbo-tibble-dobg.se\/wp-content\/uploads\/2012\/09\/Julius-med-medalj-190x300.jpg 190w, https:\/\/www.xn--htuna-hbo-tibble-dobg.se\/wp-content\/uploads\/2012\/09\/Julius-med-medalj.jpg 500w\" sizes=\"auto, (max-width: 190px) 100vw, 190px\" \/><\/a><\/p>\n<table border=\"0\">\n<tbody>\n<tr>\n<td style=\"text-align: justify;\">Johan Julius Larsson, tj\u00e4nade som stalldr\u00e4ng och fodermarsk p\u00e5 Aske g\u00e5rd. Tre g\u00e5nger fick han efter greve Lewenhaupts ans\u00f6kan &#8211; Kungliga Patriotiska S\u00e4llskapets medalj. \u00c5r 1900, 1907 och 1920. Det var vanligt att man efter l\u00e5ng och trogen tj\u00e4nst fick denna utm\u00e4rkelse.<\/td>\n<td>&nbsp;<\/td>\n<\/tr>\n<\/tbody>\n<\/table>\n<div id='gallery-1' class='gallery galleryid-1217 gallery-columns-8 gallery-size-full'><dl class='gallery-item'>\n\t\t\t<dt class='gallery-icon portrait'>\n\t\t\t\t<img loading=\"lazy\" decoding=\"async\" width=\"500\" height=\"712\" src=\"https:\/\/www.xn--htuna-hbo-tibble-dobg.se\/wp-content\/uploads\/2012\/09\/Julius-m-fru-yngsta-barnen.jpg\" class=\"attachment-full size-full\" alt=\"\" aria-describedby=\"gallery-1-3015\" srcset=\"https:\/\/www.xn--htuna-hbo-tibble-dobg.se\/wp-content\/uploads\/2012\/09\/Julius-m-fru-yngsta-barnen.jpg 500w, https:\/\/www.xn--htuna-hbo-tibble-dobg.se\/wp-content\/uploads\/2012\/09\/Julius-m-fru-yngsta-barnen-210x300.jpg 210w\" sizes=\"auto, (max-width: 500px) 100vw, 500px\" \/>\n\t\t\t<\/dt>\n\t\t\t\t<dd class='wp-caption-text gallery-caption' id='gallery-1-3015'>\n\t\t\t\tJohan Julius Larsson \n\t\t\t\t<\/dd><\/dl><dl class='gallery-item'>\n\t\t\t<dt class='gallery-icon landscape'>\n\t\t\t\t<img loading=\"lazy\" decoding=\"async\" width=\"1476\" height=\"1028\" src=\"https:\/\/www.xn--htuna-hbo-tibble-dobg.se\/wp-content\/uploads\/2012\/09\/ASKE_TR_DG_RDSKAMMARE.jpg\" class=\"attachment-full size-full\" alt=\"\" aria-describedby=\"gallery-1-1218\" srcset=\"https:\/\/www.xn--htuna-hbo-tibble-dobg.se\/wp-content\/uploads\/2012\/09\/ASKE_TR_DG_RDSKAMMARE.jpg 1476w, https:\/\/www.xn--htuna-hbo-tibble-dobg.se\/wp-content\/uploads\/2012\/09\/ASKE_TR_DG_RDSKAMMARE-300x208.jpg 300w, https:\/\/www.xn--htuna-hbo-tibble-dobg.se\/wp-content\/uploads\/2012\/09\/ASKE_TR_DG_RDSKAMMARE-1024x713.jpg 1024w\" sizes=\"auto, (max-width: 1476px) 100vw, 1476px\" \/>\n\t\t\t<\/dt>\n\t\t\t\t<dd class='wp-caption-text gallery-caption' id='gallery-1-1218'>\n\t\t\t\tAske folk\n\t\t\t\t<\/dd><\/dl><dl class='gallery-item'>\n\t\t\t<dt class='gallery-icon landscape'>\n\t\t\t\t<img loading=\"lazy\" decoding=\"async\" width=\"1488\" height=\"1016\" src=\"https:\/\/www.xn--htuna-hbo-tibble-dobg.se\/wp-content\/uploads\/2012\/09\/ASTRID_O_ELOF_NOREN_ASKE_021.jpg\" class=\"attachment-full size-full\" alt=\"\" aria-describedby=\"gallery-1-1220\" srcset=\"https:\/\/www.xn--htuna-hbo-tibble-dobg.se\/wp-content\/uploads\/2012\/09\/ASTRID_O_ELOF_NOREN_ASKE_021.jpg 1488w, https:\/\/www.xn--htuna-hbo-tibble-dobg.se\/wp-content\/uploads\/2012\/09\/ASTRID_O_ELOF_NOREN_ASKE_021-300x204.jpg 300w, https:\/\/www.xn--htuna-hbo-tibble-dobg.se\/wp-content\/uploads\/2012\/09\/ASTRID_O_ELOF_NOREN_ASKE_021-1024x699.jpg 1024w\" sizes=\"auto, (max-width: 1488px) 100vw, 1488px\" \/>\n\t\t\t<\/dt>\n\t\t\t\t<dd class='wp-caption-text gallery-caption' id='gallery-1-1220'>\n\t\t\t\tElof Nor\u00e9n. Br\u00f6llop\n\t\t\t\t<\/dd><\/dl><dl class='gallery-item'>\n\t\t\t<dt class='gallery-icon portrait'>\n\t\t\t\t<img loading=\"lazy\" decoding=\"async\" width=\"2373\" height=\"2667\" src=\"https:\/\/www.xn--htuna-hbo-tibble-dobg.se\/wp-content\/uploads\/2012\/09\/Brygg1.jpg\" class=\"attachment-full size-full\" alt=\"\" aria-describedby=\"gallery-1-1221\" srcset=\"https:\/\/www.xn--htuna-hbo-tibble-dobg.se\/wp-content\/uploads\/2012\/09\/Brygg1.jpg 2373w, https:\/\/www.xn--htuna-hbo-tibble-dobg.se\/wp-content\/uploads\/2012\/09\/Brygg1-266x300.jpg 266w, https:\/\/www.xn--htuna-hbo-tibble-dobg.se\/wp-content\/uploads\/2012\/09\/Brygg1-911x1024.jpg 911w\" sizes=\"auto, (max-width: 2373px) 100vw, 2373px\" \/>\n\t\t\t<\/dt>\n\t\t\t\t<dd class='wp-caption-text gallery-caption' id='gallery-1-1221'>\n\t\t\t\tKarlsson i Hojan och Hulda Hel\u00e9n\n\t\t\t\t<\/dd><\/dl>\n\t\t\t<br style='clear: both' \/>\n\t\t<\/div>\n\n<ul>\n<li><span style=\"color: #000080;\"><a href=\"http:\/\/xn--htuna-hbo-tibble-dobg.se\/wp-content\/uploads\/2012\/09\/Hel\u00e9n-kraft.pdf\"><span style=\"color: #000080;\">Hel\u00e9n-Kraft-bilder<\/span><\/a><\/span><\/li>\n<li><span style=\"color: #000080;\"><a href=\"http:\/\/xn--htuna-hbo-tibble-dobg.se\/wp-content\/uploads\/2012\/09\/Kraft-Askeelev1.pdf\"><span style=\"color: #000080;\">John Kraft<\/span><\/a><\/span><span style=\"color: #000080;\"><a href=\"https:\/\/www.xn--htuna-hbo-tibble-dobg.se\/wp-content\/uploads\/2012\/09\/N\u00e4r-seklet-var-ungt-hela1.pdf\"><span style=\"color: #000080;\"><br \/>\n<\/span><\/a><\/span><\/li>\n<li><span style=\"color: #000080;\"><a href=\"https:\/\/www.xn--htuna-hbo-tibble-dobg.se\/wp-content\/uploads\/2012\/09\/N\u00e4r-seklet-var-ungt-hela1.pdf\"><span style=\"color: #000080;\">N\u00e4r seklet var ungt . John Kraft<\/span><\/a><\/span><span style=\"color: #000080;\"><br \/>\n<\/span><\/li>\n<li><span style=\"color: #000080;\"><a href=\"https:\/\/www.xn--htuna-hbo-tibble-dobg.se\/wp-content\/uploads\/2012\/09\/Midsomrarna-firades-p\u00e5-Aske-magasin.pdf\"><span style=\"color: #000080;\">Midsomrarna firades p\u00e5 Aske magasin<\/span><\/a><\/span><span style=\"color: #000080;\"><span style=\"color: #000080;\">,<\/span><\/span><\/li>\n<li><span style=\"color: #000080;\"><a href=\"https:\/\/www.xn--htuna-hbo-tibble-dobg.se\/wp-content\/uploads\/2012\/09\/Syntesen.pdf\"><span style=\"color: #000080;\">Syntesen, tidningen f\u00f6r anst\u00e4llda<\/span><\/a><br \/>\n<\/span><span style=\"color: #000080;\"><a href=\"http:\/\/xn--htuna-hbo-tibble-dobg.se\/wp-content\/uploads\/2012\/09\/Kraft-Askeelev1.pdf\"><span style=\"color: #000080;\"><br style=\"color: #000080;\"> <\/span><\/a><\/span><\/li>\n<\/ul>\n<p>&nbsp;<\/p>\n<p><span style=\"color: #000080;\"><a href=\"http:\/\/xn--htuna-hbo-tibble-dobg.se\/wp-content\/uploads\/2012\/09\/Kraft-Askeelev1.pdf\"><span style=\"color: #000080;\"><br \/>\n<\/span><\/a><\/span><\/p>\n","protected":false},"excerpt":{"rendered":"<p>Johan Julius Larsson, tj\u00e4nade som stalldr\u00e4ng och fodermarsk p\u00e5 Aske g\u00e5rd. Tre g\u00e5nger fick han efter greve Lewenhaupts ans\u00f6kan &#8211; Kungliga Patriotiska S\u00e4llskapets medalj. \u00c5r 1900, 1907 och 1920. Det var vanligt att man efter l\u00e5ng och trogen tj\u00e4nst fick &hellip; <a href=\"https:\/\/www.xn--htuna-hbo-tibble-dobg.se\/?page_id=1217\">Forts\u00e4tt l\u00e4sa <span class=\"meta-nav\">&rarr;<\/span><\/a><\/p>\n","protected":false},"author":1,"featured_media":0,"parent":65,"menu_order":0,"comment_status":"closed","ping_status":"closed","template":"","meta":{"ngg_post_thumbnail":0,"footnotes":""},"class_list":["post-1217","page","type-page","status-publish","hentry"],"_links":{"self":[{"href":"https:\/\/www.xn--htuna-hbo-tibble-dobg.se\/index.php?rest_route=\/wp\/v2\/pages\/1217","targetHints":{"allow":["GET"]}}],"collection":[{"href":"https:\/\/www.xn--htuna-hbo-tibble-dobg.se\/index.php?rest_route=\/wp\/v2\/pages"}],"about":[{"href":"https:\/\/www.xn--htuna-hbo-tibble-dobg.se\/index.php?rest_route=\/wp\/v2\/types\/page"}],"author":[{"embeddable":true,"href":"https:\/\/www.xn--htuna-hbo-tibble-dobg.se\/index.php?rest_route=\/wp\/v2\/users\/1"}],"replies":[{"embeddable":true,"href":"https:\/\/www.xn--htuna-hbo-tibble-dobg.se\/index.php?rest_route=%2Fwp%2Fv2%2Fcomments&post=1217"}],"version-history":[{"count":41,"href":"https:\/\/www.xn--htuna-hbo-tibble-dobg.se\/index.php?rest_route=\/wp\/v2\/pages\/1217\/revisions"}],"predecessor-version":[{"id":6829,"href":"https:\/\/www.xn--htuna-hbo-tibble-dobg.se\/index.php?rest_route=\/wp\/v2\/pages\/1217\/revisions\/6829"}],"up":[{"embeddable":true,"href":"https:\/\/www.xn--htuna-hbo-tibble-dobg.se\/index.php?rest_route=\/wp\/v2\/pages\/65"}],"wp:attachment":[{"href":"https:\/\/www.xn--htuna-hbo-tibble-dobg.se\/index.php?rest_route=%2Fwp%2Fv2%2Fmedia&parent=1217"}],"curies":[{"name":"wp","href":"https:\/\/api.w.org\/{rel}","templated":true}]}}