{"id":1100,"date":"2012-09-22T18:44:55","date_gmt":"2012-09-22T16:44:55","guid":{"rendered":"http:\/\/xn--htuna-hbo-tibble-dobg.se\/?page_id=1100"},"modified":"2018-07-01T17:20:54","modified_gmt":"2018-07-01T15:20:54","slug":"habo-tibble-kyrka","status":"publish","type":"page","link":"https:\/\/www.xn--htuna-hbo-tibble-dobg.se\/?page_id=1100","title":{"rendered":"H\u00e5bo-Tibble Kyrka"},"content":{"rendered":"<p style=\"text-align: left;\"><span style=\"font-family: Georgia, Palatino; font-size: 10pt;\"><em><span style=\"color: #003300;\">Medan trakten runtomkring den, vad bebyggelsen och landskapets konturer betr\u00e4ffar st\u00e4ndigt skiftat utseende har <strong>kyrkan<\/strong> st\u00e5tt sig of\u00f6r\u00e4ndrad genom \u00e5rhundradena, likt ett tidl\u00f6st monument. Uppe p\u00e5 en vindfl\u00f6jel p\u00e5 taket l\u00e4ses \u00e5rtalet 1559, vilket dock inte \u00e4r kyrkans egentliga byggnads\u00e5r. Detta torde ligga l\u00e4ngre tillbaka i tiden vid 1250-talet eller 1300-talet, d\u00e5 de flesta andra av Upplands medeltidskyrkor blev byggda, ofta f\u00f6r \u00e4ndam\u00e5let att vara g\u00e5rdskyrka f\u00f6r n\u00e5gon stor egendom i trakten. Valvm\u00e5lningarna i kyrkan \u00e4r fr\u00e5n 1400- och 1500-talen och predikstolen daterar sig fr\u00e5n 1707. Intill kyrkan st\u00e5r klockstapeln med \u00e5rtalet 1787 som helt nyligen blivit reparerad, d\u00e5 det myrh\u00e4rjade och multna tr\u00e4virket blev ersatt med nytt. Det lyser \u00e4nnu om\u00e5lat. Taget fr\u00e5n \u201d En cykelf\u00e4rd p\u00e5 1950-talet. Av Lambert Wahlberg \u201d Publicerad i UKF:s&nbsp; \u201dVad h\u00e4nde egentligen?\u201d andra boken.<\/span><\/em><\/span><\/p>\n<div id='gallery-1' class='gallery galleryid-1100 gallery-columns-3 gallery-size-thumbnail'><dl class='gallery-item'>\n\t\t\t<dt class='gallery-icon landscape'>\n\t\t\t\t<img loading=\"lazy\" decoding=\"async\" width=\"150\" height=\"150\" src=\"https:\/\/www.xn--htuna-hbo-tibble-dobg.se\/wp-content\/uploads\/2012\/09\/4-150x150.jpg\" class=\"attachment-thumbnail size-thumbnail\" alt=\"\" \/>\n\t\t\t<\/dt><\/dl><dl class='gallery-item'>\n\t\t\t<dt class='gallery-icon landscape'>\n\t\t\t\t<img loading=\"lazy\" decoding=\"async\" width=\"150\" height=\"150\" src=\"https:\/\/www.xn--htuna-hbo-tibble-dobg.se\/wp-content\/uploads\/2012\/09\/1920-150x150.jpg\" class=\"attachment-thumbnail size-thumbnail\" alt=\"\" \/>\n\t\t\t<\/dt><\/dl><dl class='gallery-item'>\n\t\t\t<dt class='gallery-icon landscape'>\n\t\t\t\t<img loading=\"lazy\" decoding=\"async\" width=\"150\" height=\"150\" src=\"https:\/\/www.xn--htuna-hbo-tibble-dobg.se\/wp-content\/uploads\/2012\/09\/DSCN00251-150x150.jpg\" class=\"attachment-thumbnail size-thumbnail\" alt=\"\" aria-describedby=\"gallery-1-2550\" \/>\n\t\t\t<\/dt>\n\t\t\t\t<dd class='wp-caption-text gallery-caption' id='gallery-1-2550'>\n\t\t\t\tH\u00e5bo-Tibble kyrka\n\t\t\t\t<\/dd><\/dl><br style=\"clear: both\" \/><dl class='gallery-item'>\n\t\t\t<dt class='gallery-icon landscape'>\n\t\t\t\t<img loading=\"lazy\" decoding=\"async\" width=\"150\" height=\"150\" src=\"https:\/\/www.xn--htuna-hbo-tibble-dobg.se\/wp-content\/uploads\/2012\/09\/31-150x150.jpg\" class=\"attachment-thumbnail size-thumbnail\" alt=\"\" \/>\n\t\t\t<\/dt><\/dl><dl class='gallery-item'>\n\t\t\t<dt class='gallery-icon landscape'>\n\t\t\t\t<img loading=\"lazy\" decoding=\"async\" width=\"150\" height=\"150\" src=\"https:\/\/www.xn--htuna-hbo-tibble-dobg.se\/wp-content\/uploads\/2012\/09\/21-150x150.jpg\" class=\"attachment-thumbnail size-thumbnail\" alt=\"\" \/>\n\t\t\t<\/dt><\/dl><dl class='gallery-item'>\n\t\t\t<dt class='gallery-icon landscape'>\n\t\t\t\t<img loading=\"lazy\" decoding=\"async\" width=\"150\" height=\"150\" src=\"https:\/\/www.xn--htuna-hbo-tibble-dobg.se\/wp-content\/uploads\/2012\/09\/kyrka-150x150.jpg\" class=\"attachment-thumbnail size-thumbnail\" alt=\"\" \/>\n\t\t\t<\/dt><\/dl><br style=\"clear: both\" \/>\n\t\t<\/div>\n\n<p><a href=\"http:\/\/www.h\u00e5tuna-h\u00e5bo-tibble.se\/?page_id=7740\">Bilder fr\u00e5n 2018 Lars Lindgren<\/a><br \/>\n<span style=\"color: #000080;\"><a href=\"http:\/\/xn--htuna-hbo-tibble-dobg.se\/wp-content\/uploads\/2012\/09\/2012_09_06_13_54_17.pdf\"><span style=\"color: #000080;\">Bilder fr\u00e5n 1917<\/span><\/a><a href=\"http:\/\/xn--htuna-hbo-tibble-dobg.se\/wp-content\/uploads\/2012\/09\/habo_tibble_rapport_2010-01.pdf\"><span style=\"color: #000080;\"><br \/>\n<\/span><\/a><a href=\"http:\/\/xn--htuna-hbo-tibble-dobg.se\/wp-content\/uploads\/2012\/09\/2012_09_06_14_01_25.pdf\"><span style=\"color: #000080;\">Albertus Pictor<\/span><\/a><a href=\"http:\/\/xn--htuna-hbo-tibble-dobg.se\/wp-content\/uploads\/2012\/09\/habo_tibble_rapport_2010-01.pdf\"><span style=\"color: #000080;\"><br \/>\nRapport<\/span><\/a><\/span> fr\u00e5n Arkindus, antikvarisk medverkan vid renovering 2010<br \/>\n<span style=\"color: #000080;\"><a href=\"http:\/\/www.orgelanders.se\/Orgelbilder\/Habo_Tibble.htm\"><span style=\"color: #000080;\">L\u00e4nk till orgelander.se<\/span><\/a><\/span><\/p>\n<p style=\"text-align: center;\"><span style=\"color: #003300;\">Sigtuna Nya tidning 6 september 1912<\/span><\/p>\n<p style=\"text-align: center;\"><a href=\"https:\/\/www.xn--htuna-hbo-tibble-dobg.se\/wp-content\/uploads\/2012\/09\/6-sept-1912.jpg\"><img loading=\"lazy\" decoding=\"async\" class=\"alignnone size-medium wp-image-2555\" title=\"6 sept 1912\" src=\"https:\/\/www.xn--htuna-hbo-tibble-dobg.se\/wp-content\/uploads\/2012\/09\/6-sept-1912-276x300.jpg\" alt=\"\" width=\"276\" height=\"300\" srcset=\"https:\/\/www.xn--htuna-hbo-tibble-dobg.se\/wp-content\/uploads\/2012\/09\/6-sept-1912-276x300.jpg 276w, https:\/\/www.xn--htuna-hbo-tibble-dobg.se\/wp-content\/uploads\/2012\/09\/6-sept-1912.jpg 491w\" sizes=\"auto, (max-width: 276px) 100vw, 276px\" \/><\/a><\/p>\n","protected":false},"excerpt":{"rendered":"<p>Medan trakten runtomkring den, vad bebyggelsen och landskapets konturer betr\u00e4ffar st\u00e4ndigt skiftat utseende har kyrkan st\u00e5tt sig of\u00f6r\u00e4ndrad genom \u00e5rhundradena, likt ett tidl\u00f6st monument. Uppe p\u00e5 en vindfl\u00f6jel p\u00e5 taket l\u00e4ses \u00e5rtalet 1559, vilket dock inte \u00e4r kyrkans egentliga byggnads\u00e5r. &hellip; <a href=\"https:\/\/www.xn--htuna-hbo-tibble-dobg.se\/?page_id=1100\">Forts\u00e4tt l\u00e4sa <span class=\"meta-nav\">&rarr;<\/span><\/a><\/p>\n","protected":false},"author":1,"featured_media":0,"parent":0,"menu_order":0,"comment_status":"closed","ping_status":"open","template":"","meta":{"ngg_post_thumbnail":0,"footnotes":""},"class_list":["post-1100","page","type-page","status-publish","hentry"],"_links":{"self":[{"href":"https:\/\/www.xn--htuna-hbo-tibble-dobg.se\/index.php?rest_route=\/wp\/v2\/pages\/1100","targetHints":{"allow":["GET"]}}],"collection":[{"href":"https:\/\/www.xn--htuna-hbo-tibble-dobg.se\/index.php?rest_route=\/wp\/v2\/pages"}],"about":[{"href":"https:\/\/www.xn--htuna-hbo-tibble-dobg.se\/index.php?rest_route=\/wp\/v2\/types\/page"}],"author":[{"embeddable":true,"href":"https:\/\/www.xn--htuna-hbo-tibble-dobg.se\/index.php?rest_route=\/wp\/v2\/users\/1"}],"replies":[{"embeddable":true,"href":"https:\/\/www.xn--htuna-hbo-tibble-dobg.se\/index.php?rest_route=%2Fwp%2Fv2%2Fcomments&post=1100"}],"version-history":[{"count":27,"href":"https:\/\/www.xn--htuna-hbo-tibble-dobg.se\/index.php?rest_route=\/wp\/v2\/pages\/1100\/revisions"}],"predecessor-version":[{"id":7753,"href":"https:\/\/www.xn--htuna-hbo-tibble-dobg.se\/index.php?rest_route=\/wp\/v2\/pages\/1100\/revisions\/7753"}],"wp:attachment":[{"href":"https:\/\/www.xn--htuna-hbo-tibble-dobg.se\/index.php?rest_route=%2Fwp%2Fv2%2Fmedia&parent=1100"}],"curies":[{"name":"wp","href":"https:\/\/api.w.org\/{rel}","templated":true}]}}