{"id":1093,"date":"2012-09-22T18:25:53","date_gmt":"2012-09-22T16:25:53","guid":{"rendered":"http:\/\/xn--htuna-hbo-tibble-dobg.se\/?page_id=1093"},"modified":"2018-08-08T18:48:26","modified_gmt":"2018-08-08T16:48:26","slug":"kvarnar-spannmal","status":"publish","type":"page","link":"https:\/\/www.xn--htuna-hbo-tibble-dobg.se\/?page_id=1093","title":{"rendered":"Kvarnar, Spannm\u00e5l"},"content":{"rendered":"<table border=\"0\">\n<tbody>\n<tr>\n<td style=\"background-color: #f2dfba;\"><a href=\"https:\/\/www.xn--htuna-hbo-tibble-dobg.se\/wp-content\/uploads\/2012\/09\/File0001.jpg\"><img loading=\"lazy\" decoding=\"async\" class=\"size-medium wp-image-2374 aligncenter\" title=\"File0001\" src=\"https:\/\/www.xn--htuna-hbo-tibble-dobg.se\/wp-content\/uploads\/2012\/09\/File0001-241x300.jpg\" alt=\"\" width=\"241\" height=\"300\" srcset=\"https:\/\/www.xn--htuna-hbo-tibble-dobg.se\/wp-content\/uploads\/2012\/09\/File0001-241x300.jpg 241w, https:\/\/www.xn--htuna-hbo-tibble-dobg.se\/wp-content\/uploads\/2012\/09\/File0001-825x1024.jpg 825w, https:\/\/www.xn--htuna-hbo-tibble-dobg.se\/wp-content\/uploads\/2012\/09\/File0001.jpg 1765w\" sizes=\"auto, (max-width: 241px) 100vw, 241px\" \/><\/a>Kongl. Majts Stadsf\u00e4stelse av spannm\u00e5lsmagasins inr\u00e4ttande i Tibble socken 1755. Magasinet upl\u00f6stes 1896<br \/>\n<a href=\"https:\/\/www.xn--htuna-hbo-tibble-dobg.se\/wp-content\/uploads\/2012\/09\/Sockenmagasinet.pdf\">Sockenmagasinet i H\u00e5bo-Tibble<\/a><\/td>\n<\/tr>\n<tr>\n<td><strong>G\u00e5rdar med kvarnar<\/strong><br \/>\n<a title=\"Aske kvarn\" href=\"https:\/\/www.xn--htuna-hbo-tibble-dobg.se\/?page_id=1305\">Aske<\/a>&nbsp; Fr\u00f6tuna <a title=\"Helgesta\" href=\"https:\/\/www.xn--htuna-hbo-tibble-dobg.se\/?page_id=1380\">Helgesta <\/a>&nbsp;&nbsp; H\u00e5tunaholm (Hammarby)&nbsp; Kvarnnibble&nbsp; <a title=\"Nyborgs kvarn\" href=\"https:\/\/www.xn--htuna-hbo-tibble-dobg.se\/?page_id=2481\">Nyborg<\/a>&nbsp;&nbsp;<a title=\"Slangvik kvarn\" href=\"https:\/\/www.xn--htuna-hbo-tibble-dobg.se\/?page_id=3947\"> Slangvik<\/a>&nbsp;<a href=\"https:\/\/www.xn--htuna-hbo-tibble-dobg.se\/?page_id=1582\"> Svarsta<\/a>, T\u00e4lgeby<\/td>\n<\/tr>\n<\/tbody>\n<\/table>\n<p>&nbsp;<\/p>\n","protected":false},"excerpt":{"rendered":"<p>Kongl. Majts Stadsf\u00e4stelse av spannm\u00e5lsmagasins inr\u00e4ttande i Tibble socken 1755. Magasinet upl\u00f6stes 1896 Sockenmagasinet i H\u00e5bo-Tibble G\u00e5rdar med kvarnar Aske&nbsp; Fr\u00f6tuna Helgesta &nbsp;&nbsp; H\u00e5tunaholm (Hammarby)&nbsp; Kvarnnibble&nbsp; Nyborg&nbsp;&nbsp; Slangvik&nbsp; Svarsta, T\u00e4lgeby &nbsp;<\/p>\n","protected":false},"author":1,"featured_media":0,"parent":0,"menu_order":0,"comment_status":"closed","ping_status":"open","template":"","meta":{"ngg_post_thumbnail":0,"footnotes":""},"class_list":["post-1093","page","type-page","status-publish","hentry"],"_links":{"self":[{"href":"https:\/\/www.xn--htuna-hbo-tibble-dobg.se\/index.php?rest_route=\/wp\/v2\/pages\/1093","targetHints":{"allow":["GET"]}}],"collection":[{"href":"https:\/\/www.xn--htuna-hbo-tibble-dobg.se\/index.php?rest_route=\/wp\/v2\/pages"}],"about":[{"href":"https:\/\/www.xn--htuna-hbo-tibble-dobg.se\/index.php?rest_route=\/wp\/v2\/types\/page"}],"author":[{"embeddable":true,"href":"https:\/\/www.xn--htuna-hbo-tibble-dobg.se\/index.php?rest_route=\/wp\/v2\/users\/1"}],"replies":[{"embeddable":true,"href":"https:\/\/www.xn--htuna-hbo-tibble-dobg.se\/index.php?rest_route=%2Fwp%2Fv2%2Fcomments&post=1093"}],"version-history":[{"count":40,"href":"https:\/\/www.xn--htuna-hbo-tibble-dobg.se\/index.php?rest_route=\/wp\/v2\/pages\/1093\/revisions"}],"predecessor-version":[{"id":7830,"href":"https:\/\/www.xn--htuna-hbo-tibble-dobg.se\/index.php?rest_route=\/wp\/v2\/pages\/1093\/revisions\/7830"}],"wp:attachment":[{"href":"https:\/\/www.xn--htuna-hbo-tibble-dobg.se\/index.php?rest_route=%2Fwp%2Fv2%2Fmedia&parent=1093"}],"curies":[{"name":"wp","href":"https:\/\/api.w.org\/{rel}","templated":true}]}}